{"id":15995,"date":"2025-03-03T10:51:32","date_gmt":"2025-03-03T03:51:32","guid":{"rendered":"https:\/\/taylormade-golf.vn\/?post_type=product&#038;p=15995"},"modified":"2025-03-03T10:52:20","modified_gmt":"2025-03-03T03:52:20","slug":"qi35-rescue","status":"publish","type":"product","link":"https:\/\/taylormade-golf.vn\/en\/product\/qi35-rescue\/","title":{"rendered":"Qi35 Rescue"},"content":{"rendered":"<p>Qi35 Rescue\u2122 mang \u0111\u1ebfn cho ng\u01b0\u1eddi ch\u01a1i golf s\u1ef1 k\u1ebft h\u1ee3p l\u00fd t\u01b0\u1edfng gi\u1eefa kh\u1ea3 n\u0103ng ch\u01a1i v\u00e0 s\u1ef1 tha th\u1ee9. C\u1ea5u tr\u00fac \u0111a v\u1eadt li\u1ec7u t\u1ed1i \u01b0u h\u00f3a kh\u1ed1i l\u01b0\u1ee3ng v\u00e0 v\u1ecb tr\u00ed CG, mang \u0111\u1ebfn cho ng\u01b0\u1eddi ch\u01a1i golf kh\u00f4ng ch\u1ec9 kho\u1ea3ng c\u00e1ch m\u00e0 c\u00f2n c\u1ea3 t\u00ednh linh ho\u1ea1t.<\/p>\n<h3 class=\"tw-mb-3 tw-leading-none tw-text-center\">M\u1ede KH\u00d3A M\u1ed8T C\u1ea4P \u0110\u1ed8 KH\u00c1C<\/h3>\n<div class=\"tw-mb-6 tw-text-center\">\n<p>Qi35 Rescue\u2122 cung c\u1ea5p cho ng\u01b0\u1eddi ch\u01a1i golf \u1edf m\u1ecdi tr\u00ecnh \u0111\u1ed9 s\u1ef1 k\u1ebft h\u1ee3p l\u00fd t\u01b0\u1edfng gi\u1eefa h\u00ecnh th\u1ee9c, ch\u1ee9c n\u0103ng v\u00e0 s\u1ef1 v\u1eeba v\u1eb7n. N\u00f3 c\u00f3 \u1ed1ng l\u00f3t loft 3\u00b0 cho ph\u00e9p ng\u01b0\u1eddi ch\u01a1i golf t\u00ecm \u0111\u01b0\u1ee3c v\u1ecb tr\u00ed ho\u00e0n h\u1ea3o cho tr\u00f2 ch\u01a1i c\u1ee7a h\u1ecd. Thi\u1ebft k\u1ebf ti\u00ean ti\u1ebfn m\u1edf ra m\u1ed9t c\u1ea5p \u0111\u1ed9 hi\u1ec7u su\u1ea5t kh\u00e1c, mang \u0111\u1ebfn cho ng\u01b0\u1eddi ch\u01a1i golf s\u1ef1 t\u1ef1 tin \u0111\u1ec3 th\u1ef1c hi\u1ec7n c\u00e1c c\u00fa \u0111\u00e1nh t\u1eeb b\u1ea5t k\u1ef3 v\u1ecb tr\u00ed n\u00e0o.<\/p>\n<h3 class=\"tw-mb-6 tw-block tw-leading-none tw-text-center tw-font-bold\">X\u00c2Y D\u1ef0NG \u0110A V\u1eacT LI\u1ec6U CAO C\u1ea4P<\/h3>\n<div class=\"tw-mb-6 tw-text-center\">\n<p>Qi35 Rescue \u0111\u01b0\u1ee3c ch\u1ebf t\u1ea1o t\u1eeb v\u1eadt li\u1ec7u crom cacbon, th\u00e9p v\u00e0 nh\u00f4m hi\u1ec7n \u0111\u1ea1i, t\u1ea1o n\u00ean m\u1ed9t c\u00e2y g\u1eady \u0111a n\u0103ng \u0111\u01b0\u1ee3c thi\u1ebft k\u1ebf \u0111\u1ec3 c\u00f3 hi\u1ec7u su\u1ea5t \u1ed5n \u0111\u1ecbnh, t\u1ed1c \u0111\u1ed9 v\u00e0 kh\u1ea3 n\u0103ng tha th\u1ee9 \u0111\u01b0\u1ee3c c\u1ea3i thi\u1ec7n.<\/p>\n<h3 class=\"tw-mb-6 tw-block tw-leading-none tw-text-center tw-font-bold\">KH\u1ea2 N\u0102NG \u0110I\u1ec0U CH\u1ec8NH<\/h3>\n<div class=\"tw-mb-6 tw-text-center\">\n<p>Qi35 hi\u1ec7n c\u00f3 \u1ed1ng l\u00f3t loft 3\u00b0 cho ph\u00e9p ng\u01b0\u1eddi ch\u01a1i golf \u0111i\u1ec1u ch\u1ec9nh kho\u1ea3ng c\u00e1ch, \u0111\u01b0\u1eddng bay v\u00e0 g\u00f3c m\u1eb7t g\u1eady l\u00fd t\u01b0\u1edfng.<\/p>\n<h3 class=\"tw-mb-6 tw-block tw-leading-none tw-text-center tw-font-bold\">H\u00ccNH D\u1ea0NG T\u1ef0 TIN<\/h3>\n<div class=\"tw-mb-6 tw-text-center\">\n<p>H\u00ecnh d\u00e1ng c\u1ee7a Qi35 Rescue\u2122 g\u1ecdn g\u00e0ng v\u00e0 thanh tho\u00e1t. M\u1ed7i \u0111\u1ea7u g\u1eady \u0111\u1ec1u t\u00edch h\u1ee3p c\u00e1c c\u00f4ng ngh\u1ec7 \u0111\u00e3 \u0111\u01b0\u1ee3c ch\u1ee9ng minh c\u1ee7a TaylorMade bao g\u1ed3m Twist Face\u2122, Thru-Slot Speed \u200b\u200bPocket\u2122 v\u00e0 Carbon Crown nh\u1eb9.<\/p>\n<p>M1652209<br \/>\nM1652309<br \/>\nM1652409<br \/>\nM1652208<br \/>\nM1652308<br \/>\nM1652408<br \/>\nM1652207<br \/>\nM1652307<br \/>\nM1652407<br \/>\nM1652507<br \/>\nM1652607<\/p>\n<\/div>\n<\/div>\n<\/div>\n<\/div>","protected":false},"excerpt":{"rendered":"<p>Qi35 Rescue\u2122 mang \u0111\u1ebfn cho ng\u01b0\u1eddi ch\u01a1i golf s\u1ef1 k\u1ebft h\u1ee3p l\u00fd t\u01b0\u1edfng gi\u1eefa kh\u1ea3 n\u0103ng ch\u01a1i v\u00e0 s\u1ef1 tha th\u1ee9. C\u1ea5u tr\u00fac \u0111a v\u1eadt li\u1ec7u t\u1ed1i \u01b0u h\u00f3a kh\u1ed1i l\u01b0\u1ee3ng v\u00e0 v\u1ecb tr\u00ed CG, mang \u0111\u1ebfn cho ng\u01b0\u1eddi ch\u01a1i golf kh\u00f4ng ch\u1ec9 kho\u1ea3ng c\u00e1ch m\u00e0 c\u00f2n c\u1ea3 t\u00ednh linh ho\u1ea1t. M\u1ede KH\u00d3A M\u1ed8T C\u1ea4P [&hellip;]<\/p>","protected":false},"featured_media":16014,"comment_status":"open","ping_status":"closed","template":"","meta":{"_acf_changed":false,"site-sidebar-layout":"default","site-content-layout":"","ast-site-content-layout":"default","site-content-style":"default","site-sidebar-style":"default","ast-global-header-display":"","ast-banner-title-visibility":"","ast-main-header-display":"","ast-hfb-above-header-display":"","ast-hfb-below-header-display":"","ast-hfb-mobile-header-display":"","site-post-title":"","ast-breadcrumbs-content":"","ast-featured-img":"","footer-sml-layout":"","theme-transparent-header-meta":"default","adv-header-id-meta":"","stick-header-meta":"default","header-above-stick-meta":"","header-main-stick-meta":"","header-below-stick-meta":"","astra-migrate-meta-layouts":"set","ast-page-background-enabled":"default","ast-page-background-meta":{"desktop":{"background-color":"","background-image":"","background-repeat":"repeat","background-position":"center center","background-size":"auto","background-attachment":"scroll","background-type":"","background-media":"","overlay-type":"","overlay-color":"","overlay-opacity":"","overlay-gradient":""},"tablet":{"background-color":"","background-image":"","background-repeat":"repeat","background-position":"center center","background-size":"auto","background-attachment":"scroll","background-type":"","background-media":"","overlay-type":"","overlay-color":"","overlay-opacity":"","overlay-gradient":""},"mobile":{"background-color":"","background-image":"","background-repeat":"repeat","background-position":"center center","background-size":"auto","background-attachment":"scroll","background-type":"","background-media":"","overlay-type":"","overlay-color":"","overlay-opacity":"","overlay-gradient":""}},"ast-content-background-meta":{"desktop":{"background-color":"var(--ast-global-color-5)","background-image":"","background-repeat":"repeat","background-position":"center center","background-size":"auto","background-attachment":"scroll","background-type":"","background-media":"","overlay-type":"","overlay-color":"","overlay-opacity":"","overlay-gradient":""},"tablet":{"background-color":"var(--ast-global-color-5)","background-image":"","background-repeat":"repeat","background-position":"center center","background-size":"auto","background-attachment":"scroll","background-type":"","background-media":"","overlay-type":"","overlay-color":"","overlay-opacity":"","overlay-gradient":""},"mobile":{"background-color":"var(--ast-global-color-5)","background-image":"","background-repeat":"repeat","background-position":"center center","background-size":"auto","background-attachment":"scroll","background-type":"","background-media":"","overlay-type":"","overlay-color":"","overlay-opacity":"","overlay-gradient":""}}},"product_brand":[],"product_cat":[71,74],"product_tag":[],"class_list":{"0":"post-15995","1":"product","2":"type-product","3":"status-publish","4":"has-post-thumbnail","6":"product_cat-gay-gon","7":"product_cat-hybrid","8":"desktop-align-center","9":"tablet-align-center","10":"mobile-align-center","11":"ast-product-gallery-layout-first-image-large","12":"ast-product-single-variable","13":"ast-product-tabs-layout-distributed","15":"first","16":"instock","17":"shipping-taxable","18":"purchasable","19":"product-type-variable"},"acf":[],"_links":{"self":[{"href":"https:\/\/taylormade-golf.vn\/en\/wp-json\/wp\/v2\/product\/15995","targetHints":{"allow":["GET"]}}],"collection":[{"href":"https:\/\/taylormade-golf.vn\/en\/wp-json\/wp\/v2\/product"}],"about":[{"href":"https:\/\/taylormade-golf.vn\/en\/wp-json\/wp\/v2\/types\/product"}],"replies":[{"embeddable":true,"href":"https:\/\/taylormade-golf.vn\/en\/wp-json\/wp\/v2\/comments?post=15995"}],"wp:featuredmedia":[{"embeddable":true,"href":"https:\/\/taylormade-golf.vn\/en\/wp-json\/wp\/v2\/media\/16014"}],"wp:attachment":[{"href":"https:\/\/taylormade-golf.vn\/en\/wp-json\/wp\/v2\/media?parent=15995"}],"wp:term":[{"taxonomy":"product_brand","embeddable":true,"href":"https:\/\/taylormade-golf.vn\/en\/wp-json\/wp\/v2\/product_brand?post=15995"},{"taxonomy":"product_cat","embeddable":true,"href":"https:\/\/taylormade-golf.vn\/en\/wp-json\/wp\/v2\/product_cat?post=15995"},{"taxonomy":"product_tag","embeddable":true,"href":"https:\/\/taylormade-golf.vn\/en\/wp-json\/wp\/v2\/product_tag?post=15995"}],"curies":[{"name":"wp","href":"https:\/\/api.w.org\/{rel}","templated":true}]}}