{"id":15913,"date":"2025-02-28T15:42:01","date_gmt":"2025-02-28T08:42:01","guid":{"rendered":"https:\/\/taylormade-golf.vn\/?post_type=product&#038;p=15913"},"modified":"2025-02-28T15:42:02","modified_gmt":"2025-02-28T08:42:02","slug":"bong-taylormade-tp5-tp5x-pix-tiki","status":"publish","type":"product","link":"https:\/\/taylormade-golf.vn\/en\/product\/bong-taylormade-tp5-tp5x-pix-tiki\/","title":{"rendered":"B\u00f3ng TaylorMade  TP5\/TP5x pix Tiki"},"content":{"rendered":"<h3 class=\"tw-mb-6 tw-block tw-leading-none tw-text-center tw-font-bold\"><strong><span>Qu\u1ea3 b\u00f3ng &#8220;TP5\/TP5x pix Tiki&#8221; phi\u00ean b\u1ea3n gi\u1edbi h\u1ea1n hi\u1ec7n \u0111\u00e3 c\u00f3 s\u1eb5n<\/span><\/strong><\/h3>\n<div class=\"tw-mb-6 tw-text-center\">\n<p><span>M\u1ed9t l\u00e0n gi\u00f3 d\u1ec5 ch\u1ecbu, m\u1ed9t th\u1ee9c u\u1ed1ng nhi\u1ec7t \u0111\u1edbi v\u00e0 nh\u1eefng con s\u00f3ng nh\u1eb9 nh\u00e0ng&#8230; Tr\u1ea3i nghi\u1ec7m hi\u1ec7u su\u1ea5t c\u1ee7a qu\u1ea3 b\u00f3ng golf 5 l\u1edbp \u0111\u1ed9c quy\u1ec1n c\u1ee7a TaylorMade v\u1edbi nh\u1eefng qu\u1ea3 b\u00f3ng golf TP5\/TP5x phi\u00ean b\u1ea3n gi\u1edbi h\u1ea1n l\u1ea5y c\u1ea3m h\u1ee9ng t\u1eeb v\u0103n h\u00f3a Hawaii. H\u00e3y t\u1eadn h\u01b0\u1edfng c\u1ea3m gi\u00e1c ch\u01a1i golf trong kh\u00f4ng kh\u00ed aloha v\u1edbi nh\u1eefng qu\u1ea3 b\u00f3ng phi\u00ean b\u1ea3n gi\u1edbi h\u1ea1n c\u00f3 h\u00ecnh \u0111\u1ed3 u\u1ed1ng tiki \u0111\u1ea7y m\u00e0u s\u1eafc, r\u1ea5t ph\u1ed5 bi\u1ebfn \u1edf Hawaii.<\/span><\/p>\n<\/div>","protected":false},"excerpt":{"rendered":"<p>Qu\u1ea3 b\u00f3ng &#8220;TP5\/TP5x pix Tiki&#8221; phi\u00ean b\u1ea3n gi\u1edbi h\u1ea1n hi\u1ec7n \u0111\u00e3 c\u00f3 s\u1eb5n M\u1ed9t l\u00e0n gi\u00f3 d\u1ec5 ch\u1ecbu, m\u1ed9t th\u1ee9c u\u1ed1ng nhi\u1ec7t \u0111\u1edbi v\u00e0 nh\u1eefng con s\u00f3ng nh\u1eb9 nh\u00e0ng&#8230; Tr\u1ea3i nghi\u1ec7m hi\u1ec7u su\u1ea5t c\u1ee7a qu\u1ea3 b\u00f3ng golf 5 l\u1edbp \u0111\u1ed9c quy\u1ec1n c\u1ee7a TaylorMade v\u1edbi nh\u1eefng qu\u1ea3 b\u00f3ng golf TP5\/TP5x phi\u00ean b\u1ea3n gi\u1edbi h\u1ea1n l\u1ea5y c\u1ea3m [&hellip;]<\/p>","protected":false},"featured_media":15915,"comment_status":"open","ping_status":"closed","template":"","meta":{"_acf_changed":false,"site-sidebar-layout":"default","site-content-layout":"","ast-site-content-layout":"default","site-content-style":"default","site-sidebar-style":"default","ast-global-header-display":"","ast-banner-title-visibility":"","ast-main-header-display":"","ast-hfb-above-header-display":"","ast-hfb-below-header-display":"","ast-hfb-mobile-header-display":"","site-post-title":"","ast-breadcrumbs-content":"","ast-featured-img":"","footer-sml-layout":"","theme-transparent-header-meta":"default","adv-header-id-meta":"","stick-header-meta":"default","header-above-stick-meta":"","header-main-stick-meta":"","header-below-stick-meta":"","astra-migrate-meta-layouts":"set","ast-page-background-enabled":"default","ast-page-background-meta":{"desktop":{"background-color":"","background-image":"","background-repeat":"repeat","background-position":"center center","background-size":"auto","background-attachment":"scroll","background-type":"","background-media":"","overlay-type":"","overlay-color":"","overlay-opacity":"","overlay-gradient":""},"tablet":{"background-color":"","background-image":"","background-repeat":"repeat","background-position":"center center","background-size":"auto","background-attachment":"scroll","background-type":"","background-media":"","overlay-type":"","overlay-color":"","overlay-opacity":"","overlay-gradient":""},"mobile":{"background-color":"","background-image":"","background-repeat":"repeat","background-position":"center center","background-size":"auto","background-attachment":"scroll","background-type":"","background-media":"","overlay-type":"","overlay-color":"","overlay-opacity":"","overlay-gradient":""}},"ast-content-background-meta":{"desktop":{"background-color":"var(--ast-global-color-5)","background-image":"","background-repeat":"repeat","background-position":"center center","background-size":"auto","background-attachment":"scroll","background-type":"","background-media":"","overlay-type":"","overlay-color":"","overlay-opacity":"","overlay-gradient":""},"tablet":{"background-color":"var(--ast-global-color-5)","background-image":"","background-repeat":"repeat","background-position":"center center","background-size":"auto","background-attachment":"scroll","background-type":"","background-media":"","overlay-type":"","overlay-color":"","overlay-opacity":"","overlay-gradient":""},"mobile":{"background-color":"var(--ast-global-color-5)","background-image":"","background-repeat":"repeat","background-position":"center center","background-size":"auto","background-attachment":"scroll","background-type":"","background-media":"","overlay-type":"","overlay-color":"","overlay-opacity":"","overlay-gradient":""}}},"product_brand":[],"product_cat":[61,86],"product_tag":[],"class_list":{"0":"post-15913","1":"product","2":"type-product","3":"status-publish","4":"has-post-thumbnail","6":"product_cat-bong-gon","7":"product_cat-tp5x-tp5x-pix-bong-gon","8":"desktop-align-center","9":"tablet-align-center","10":"mobile-align-center","11":"ast-product-gallery-layout-first-image-large","12":"ast-product-single-variable","13":"ast-product-tabs-layout-distributed","15":"first","16":"instock","17":"shipping-taxable","18":"purchasable","19":"product-type-variable"},"acf":[],"_links":{"self":[{"href":"https:\/\/taylormade-golf.vn\/en\/wp-json\/wp\/v2\/product\/15913","targetHints":{"allow":["GET"]}}],"collection":[{"href":"https:\/\/taylormade-golf.vn\/en\/wp-json\/wp\/v2\/product"}],"about":[{"href":"https:\/\/taylormade-golf.vn\/en\/wp-json\/wp\/v2\/types\/product"}],"replies":[{"embeddable":true,"href":"https:\/\/taylormade-golf.vn\/en\/wp-json\/wp\/v2\/comments?post=15913"}],"wp:featuredmedia":[{"embeddable":true,"href":"https:\/\/taylormade-golf.vn\/en\/wp-json\/wp\/v2\/media\/15915"}],"wp:attachment":[{"href":"https:\/\/taylormade-golf.vn\/en\/wp-json\/wp\/v2\/media?parent=15913"}],"wp:term":[{"taxonomy":"product_brand","embeddable":true,"href":"https:\/\/taylormade-golf.vn\/en\/wp-json\/wp\/v2\/product_brand?post=15913"},{"taxonomy":"product_cat","embeddable":true,"href":"https:\/\/taylormade-golf.vn\/en\/wp-json\/wp\/v2\/product_cat?post=15913"},{"taxonomy":"product_tag","embeddable":true,"href":"https:\/\/taylormade-golf.vn\/en\/wp-json\/wp\/v2\/product_tag?post=15913"}],"curies":[{"name":"wp","href":"https:\/\/api.w.org\/{rel}","templated":true}]}}