{"id":15899,"date":"2025-02-28T15:02:22","date_gmt":"2025-02-28T08:02:22","guid":{"rendered":"https:\/\/taylormade-golf.vn\/?post_type=product&#038;p=15899"},"modified":"2025-06-22T15:10:22","modified_gmt":"2025-06-22T08:10:22","slug":"mu-tour-preferred-cage-qi35","status":"publish","type":"product","link":"https:\/\/taylormade-golf.vn\/en\/product\/mu-tour-preferred-cage-qi35\/","title":{"rendered":"M\u0169 Tour Preferred\u2122 Cage Qi35"},"content":{"rendered":"<p>L\u00e0 m\u1ed9t m\u1eabu g\u1eady ph\u1ed5 bi\u1ebfn tr\u00ean PGA Tour, Cage \u0111\u00e3 \u0111\u01b0\u1ee3c c\u1ea3i ti\u1ebfn v\u1edbi l\u1edbp l\u01b0\u1edbi \u00f4 m\u1edf m\u1ec1m m\u1ea1i h\u01a1n \u1edf m\u1eb7t sau \u0111\u1ec3 t\u0103ng th\u00eam s\u1ef1 tho\u1ea3i m\u00e1i v\u00e0 tho\u00e1ng kh\u00ed.<\/p>\n<h3 class=\"tw-mb-6 tw-block tw-leading-none md:tw-text-left tw-text-center tw-pl-4 tw-font-bold\">\u0110\u1eb7c tr\u01b0ng<\/h3>\n<div class=\"tw-mb-6 tw-text-left\">\n<div class=\"col-12 value content\">\n<p>M\u1ed9t m\u1eabu ph\u1ed5 bi\u1ebfn tr\u00ean PGA Tour, Cage \u0111\u00e3 \u0111\u01b0\u1ee3c c\u1eadp nh\u1eadt v\u1edbi l\u01b0\u1edbi \u00f4 m\u1edf m\u1ec1m h\u01a1n \u1edf m\u1eb7t sau \u0111\u1ec3 t\u0103ng th\u00eam s\u1ef1 tho\u1ea3i m\u00e1i v\u00e0 tho\u00e1ng kh\u00ed. N\u00f3 c\u00f3 c\u1ea5u tr\u00fac v\u1eeba v\u1eb7n truy\u1ec1n th\u1ed1ng, c\u00f3 ngh\u0129a l\u00e0 vi\u1ec7c l\u1ef1a ch\u1ecdn k\u00edch th\u01b0\u1edbc ph\u00f9 h\u1ee3p l\u00e0 ch\u00eca kh\u00f3a cho hi\u1ec7u su\u1ea5t, s\u1ef1 tho\u1ea3i m\u00e1i v\u00e0 v\u1eeba v\u1eb7n.<\/p>\n<ul>\n<li>100% Polyester<\/li>\n<li>M\u0169 c\u00f3 c\u1ea5u tr\u00fac v\u1edbi thi\u1ebft k\u1ebf co gi\u00e3n v\u1eeba v\u1eb7n<\/li>\n<li>V\u1ea3i hi\u1ec7u su\u1ea5t<\/li>\n<li>B\u0103ng qu\u1ea5n th\u1ea5m m\u1ed3 h\u00f4i<\/li>\n<li>T\u1ed1i d\u01b0\u1edbi Bill \u0111\u1ec3 gi\u1ea3m \u0111\u1ed9 ch\u00f3i<\/li>\n<li>Tranh th\u00eau 3D m\u1eb7t tr\u01b0\u1edbc c\u1ee7a TaylorMade<\/li>\n<\/ul>\n<p>N3853118<\/p>\n<\/div>\n<\/div>","protected":false},"excerpt":{"rendered":"<p>L\u00e0 m\u1ed9t m\u1eabu g\u1eady ph\u1ed5 bi\u1ebfn tr\u00ean PGA Tour, Cage \u0111\u00e3 \u0111\u01b0\u1ee3c c\u1ea3i ti\u1ebfn v\u1edbi l\u1edbp l\u01b0\u1edbi \u00f4 m\u1edf m\u1ec1m m\u1ea1i h\u01a1n \u1edf m\u1eb7t sau \u0111\u1ec3 t\u0103ng th\u00eam s\u1ef1 tho\u1ea3i m\u00e1i v\u00e0 tho\u00e1ng kh\u00ed. \u0110\u1eb7c tr\u01b0ng M\u1ed9t m\u1eabu ph\u1ed5 bi\u1ebfn tr\u00ean PGA Tour, Cage \u0111\u00e3 \u0111\u01b0\u1ee3c c\u1eadp nh\u1eadt v\u1edbi l\u01b0\u1edbi \u00f4 m\u1edf m\u1ec1m h\u01a1n \u1edf [&hellip;]<\/p>","protected":false},"featured_media":17460,"comment_status":"open","ping_status":"closed","template":"","meta":{"_acf_changed":false,"site-sidebar-layout":"default","site-content-layout":"","ast-site-content-layout":"default","site-content-style":"default","site-sidebar-style":"default","ast-global-header-display":"","ast-banner-title-visibility":"","ast-main-header-display":"","ast-hfb-above-header-display":"","ast-hfb-below-header-display":"","ast-hfb-mobile-header-display":"","site-post-title":"","ast-breadcrumbs-content":"","ast-featured-img":"","footer-sml-layout":"","theme-transparent-header-meta":"default","adv-header-id-meta":"","stick-header-meta":"default","header-above-stick-meta":"","header-main-stick-meta":"","header-below-stick-meta":"","astra-migrate-meta-layouts":"set","ast-page-background-enabled":"default","ast-page-background-meta":{"desktop":{"background-color":"","background-image":"","background-repeat":"repeat","background-position":"center center","background-size":"auto","background-attachment":"scroll","background-type":"","background-media":"","overlay-type":"","overlay-color":"","overlay-opacity":"","overlay-gradient":""},"tablet":{"background-color":"","background-image":"","background-repeat":"repeat","background-position":"center center","background-size":"auto","background-attachment":"scroll","background-type":"","background-media":"","overlay-type":"","overlay-color":"","overlay-opacity":"","overlay-gradient":""},"mobile":{"background-color":"","background-image":"","background-repeat":"repeat","background-position":"center center","background-size":"auto","background-attachment":"scroll","background-type":"","background-media":"","overlay-type":"","overlay-color":"","overlay-opacity":"","overlay-gradient":""}},"ast-content-background-meta":{"desktop":{"background-color":"var(--ast-global-color-5)","background-image":"","background-repeat":"repeat","background-position":"center center","background-size":"auto","background-attachment":"scroll","background-type":"","background-media":"","overlay-type":"","overlay-color":"","overlay-opacity":"","overlay-gradient":""},"tablet":{"background-color":"var(--ast-global-color-5)","background-image":"","background-repeat":"repeat","background-position":"center center","background-size":"auto","background-attachment":"scroll","background-type":"","background-media":"","overlay-type":"","overlay-color":"","overlay-opacity":"","overlay-gradient":""},"mobile":{"background-color":"var(--ast-global-color-5)","background-image":"","background-repeat":"repeat","background-position":"center center","background-size":"auto","background-attachment":"scroll","background-type":"","background-media":"","overlay-type":"","overlay-color":"","overlay-opacity":"","overlay-gradient":""}}},"product_brand":[],"product_cat":[91,94],"product_tag":[],"class_list":{"0":"post-15899","1":"product","2":"type-product","3":"status-publish","4":"has-post-thumbnail","6":"product_cat-phu-kien","7":"product_cat-mu","8":"desktop-align-center","9":"tablet-align-center","10":"mobile-align-center","11":"ast-product-gallery-layout-first-image-large","12":"ast-product-single-variable","13":"ast-product-tabs-layout-distributed","15":"first","16":"instock","17":"shipping-taxable","18":"purchasable","19":"product-type-variable"},"acf":[],"_links":{"self":[{"href":"https:\/\/taylormade-golf.vn\/en\/wp-json\/wp\/v2\/product\/15899","targetHints":{"allow":["GET"]}}],"collection":[{"href":"https:\/\/taylormade-golf.vn\/en\/wp-json\/wp\/v2\/product"}],"about":[{"href":"https:\/\/taylormade-golf.vn\/en\/wp-json\/wp\/v2\/types\/product"}],"replies":[{"embeddable":true,"href":"https:\/\/taylormade-golf.vn\/en\/wp-json\/wp\/v2\/comments?post=15899"}],"wp:featuredmedia":[{"embeddable":true,"href":"https:\/\/taylormade-golf.vn\/en\/wp-json\/wp\/v2\/media\/17460"}],"wp:attachment":[{"href":"https:\/\/taylormade-golf.vn\/en\/wp-json\/wp\/v2\/media?parent=15899"}],"wp:term":[{"taxonomy":"product_brand","embeddable":true,"href":"https:\/\/taylormade-golf.vn\/en\/wp-json\/wp\/v2\/product_brand?post=15899"},{"taxonomy":"product_cat","embeddable":true,"href":"https:\/\/taylormade-golf.vn\/en\/wp-json\/wp\/v2\/product_cat?post=15899"},{"taxonomy":"product_tag","embeddable":true,"href":"https:\/\/taylormade-golf.vn\/en\/wp-json\/wp\/v2\/product_tag?post=15899"}],"curies":[{"name":"wp","href":"https:\/\/api.w.org\/{rel}","templated":true}]}}