{"id":15892,"date":"2025-02-28T14:56:48","date_gmt":"2025-02-28T07:56:48","guid":{"rendered":"https:\/\/taylormade-golf.vn\/?post_type=product&#038;p=15892"},"modified":"2025-02-28T14:56:49","modified_gmt":"2025-02-28T07:56:49","slug":"mu-snapback-tour-preferred-flatbill-qi35","status":"publish","type":"product","link":"https:\/\/taylormade-golf.vn\/en\/product\/mu-snapback-tour-preferred-flatbill-qi35\/","title":{"rendered":"M\u0169 Snapback Tour Preferred\u2122 Flatbill Qi35"},"content":{"rendered":"<p>\u0110\u1ed1i v\u1edbi nh\u1eefng ng\u01b0\u1eddi ch\u01a1i golf mu\u1ed1n m\u1ecdi ng\u01b0\u1eddi bi\u1ebft r\u1eb1ng h\u1ecd tin t\u01b0\u1edfng v\u00e0o th\u01b0\u01a1ng hi\u1ec7u TaylorMade v\u00e0 th\u00edch phong c\u00e1ch hi\u1ec7n \u0111\u1ea1i, h\u1ee3p th\u1eddi trang th\u00ec m\u0169 l\u01b0\u1ee1i trai Tour Flatbill Qi35 l\u00e0 l\u1ef1a ch\u1ecdn ho\u00e0n h\u1ea3o.<\/p>\n<h3 class=\"tw-mb-6 tw-block tw-leading-none md:tw-text-left tw-text-center tw-pl-4 tw-font-bold\"><span>\u0110\u1eb7c tr\u01b0ng<\/span><\/h3>\n<div class=\"tw-mb-6 tw-text-left\">\n<div class=\"col-12 value content\">\n<p><span>\u0110\u1ed1i v\u1edbi nh\u1eefng ng\u01b0\u1eddi ch\u01a1i golf mu\u1ed1n m\u1ecdi ng\u01b0\u1eddi bi\u1ebft r\u1eb1ng h\u1ecd tin t\u01b0\u1edfng v\u00e0o th\u01b0\u01a1ng hi\u1ec7u TaylorMade v\u00e0 th\u00edch phong c\u00e1ch hi\u1ec7n \u0111\u1ea1i, h\u1ee3p th\u1eddi trang th\u00ec m\u0169 l\u01b0\u1ee1i trai Tour Flatbill Qi35 l\u00e0 l\u1ef1a ch\u1ecdn ho\u00e0n h\u1ea3o.<\/span><\/p>\n<ul>\n<li><span>C\u1ea5u tr\u00fac Snapback Fit<\/span><\/li>\n<li><span>Kh\u00f3a b\u1ea5m \u2013 \u0110ai th\u1ea5m m\u1ed3 h\u00f4i<\/span><\/li>\n<li><span>97% Polyester \/ 3% Spandex<\/span><\/li>\n<\/ul>\n<\/div>\n<\/div>","protected":false},"excerpt":{"rendered":"<p>\u0110\u1ed1i v\u1edbi nh\u1eefng ng\u01b0\u1eddi ch\u01a1i golf mu\u1ed1n m\u1ecdi ng\u01b0\u1eddi bi\u1ebft r\u1eb1ng h\u1ecd tin t\u01b0\u1edfng v\u00e0o th\u01b0\u01a1ng hi\u1ec7u TaylorMade v\u00e0 th\u00edch phong c\u00e1ch hi\u1ec7n \u0111\u1ea1i, h\u1ee3p th\u1eddi trang th\u00ec m\u0169 l\u01b0\u1ee1i trai Tour Flatbill Qi35 l\u00e0 l\u1ef1a ch\u1ecdn ho\u00e0n h\u1ea3o. \u0110\u1eb7c tr\u01b0ng \u0110\u1ed1i v\u1edbi nh\u1eefng ng\u01b0\u1eddi ch\u01a1i golf mu\u1ed1n m\u1ecdi ng\u01b0\u1eddi bi\u1ebft r\u1eb1ng h\u1ecd tin t\u01b0\u1edfng [&hellip;]<\/p>","protected":false},"featured_media":15894,"comment_status":"open","ping_status":"closed","template":"","meta":{"_acf_changed":false,"site-sidebar-layout":"default","site-content-layout":"","ast-site-content-layout":"default","site-content-style":"default","site-sidebar-style":"default","ast-global-header-display":"","ast-banner-title-visibility":"","ast-main-header-display":"","ast-hfb-above-header-display":"","ast-hfb-below-header-display":"","ast-hfb-mobile-header-display":"","site-post-title":"","ast-breadcrumbs-content":"","ast-featured-img":"","footer-sml-layout":"","theme-transparent-header-meta":"default","adv-header-id-meta":"","stick-header-meta":"default","header-above-stick-meta":"","header-main-stick-meta":"","header-below-stick-meta":"","astra-migrate-meta-layouts":"set","ast-page-background-enabled":"default","ast-page-background-meta":{"desktop":{"background-color":"","background-image":"","background-repeat":"repeat","background-position":"center center","background-size":"auto","background-attachment":"scroll","background-type":"","background-media":"","overlay-type":"","overlay-color":"","overlay-opacity":"","overlay-gradient":""},"tablet":{"background-color":"","background-image":"","background-repeat":"repeat","background-position":"center center","background-size":"auto","background-attachment":"scroll","background-type":"","background-media":"","overlay-type":"","overlay-color":"","overlay-opacity":"","overlay-gradient":""},"mobile":{"background-color":"","background-image":"","background-repeat":"repeat","background-position":"center center","background-size":"auto","background-attachment":"scroll","background-type":"","background-media":"","overlay-type":"","overlay-color":"","overlay-opacity":"","overlay-gradient":""}},"ast-content-background-meta":{"desktop":{"background-color":"var(--ast-global-color-5)","background-image":"","background-repeat":"repeat","background-position":"center center","background-size":"auto","background-attachment":"scroll","background-type":"","background-media":"","overlay-type":"","overlay-color":"","overlay-opacity":"","overlay-gradient":""},"tablet":{"background-color":"var(--ast-global-color-5)","background-image":"","background-repeat":"repeat","background-position":"center center","background-size":"auto","background-attachment":"scroll","background-type":"","background-media":"","overlay-type":"","overlay-color":"","overlay-opacity":"","overlay-gradient":""},"mobile":{"background-color":"var(--ast-global-color-5)","background-image":"","background-repeat":"repeat","background-position":"center center","background-size":"auto","background-attachment":"scroll","background-type":"","background-media":"","overlay-type":"","overlay-color":"","overlay-opacity":"","overlay-gradient":""}}},"product_brand":[],"product_cat":[91,94],"product_tag":[],"class_list":{"0":"post-15892","1":"product","2":"type-product","3":"status-publish","4":"has-post-thumbnail","6":"product_cat-phu-kien","7":"product_cat-mu","8":"desktop-align-center","9":"tablet-align-center","10":"mobile-align-center","11":"ast-product-gallery-layout-first-image-large","12":"ast-product-single-variable","13":"ast-product-tabs-layout-distributed","15":"first","16":"instock","17":"shipping-taxable","18":"purchasable","19":"product-type-variable"},"acf":[],"_links":{"self":[{"href":"https:\/\/taylormade-golf.vn\/en\/wp-json\/wp\/v2\/product\/15892","targetHints":{"allow":["GET"]}}],"collection":[{"href":"https:\/\/taylormade-golf.vn\/en\/wp-json\/wp\/v2\/product"}],"about":[{"href":"https:\/\/taylormade-golf.vn\/en\/wp-json\/wp\/v2\/types\/product"}],"replies":[{"embeddable":true,"href":"https:\/\/taylormade-golf.vn\/en\/wp-json\/wp\/v2\/comments?post=15892"}],"wp:featuredmedia":[{"embeddable":true,"href":"https:\/\/taylormade-golf.vn\/en\/wp-json\/wp\/v2\/media\/15894"}],"wp:attachment":[{"href":"https:\/\/taylormade-golf.vn\/en\/wp-json\/wp\/v2\/media?parent=15892"}],"wp:term":[{"taxonomy":"product_brand","embeddable":true,"href":"https:\/\/taylormade-golf.vn\/en\/wp-json\/wp\/v2\/product_brand?post=15892"},{"taxonomy":"product_cat","embeddable":true,"href":"https:\/\/taylormade-golf.vn\/en\/wp-json\/wp\/v2\/product_cat?post=15892"},{"taxonomy":"product_tag","embeddable":true,"href":"https:\/\/taylormade-golf.vn\/en\/wp-json\/wp\/v2\/product_tag?post=15892"}],"curies":[{"name":"wp","href":"https:\/\/api.w.org\/{rel}","templated":true}]}}