{"id":15857,"date":"2025-02-28T13:27:16","date_gmt":"2025-02-28T06:27:16","guid":{"rendered":"https:\/\/taylormade-golf.vn\/?post_type=product&#038;p=15857"},"modified":"2025-02-28T14:46:05","modified_gmt":"2025-02-28T07:46:05","slug":"mu-luoi-trai-ventura-retro","status":"publish","type":"product","link":"https:\/\/taylormade-golf.vn\/en\/product\/mu-luoi-trai-ventura-retro\/","title":{"rendered":"M\u0169 l\u01b0\u1ee1i trai Ventura Retro"},"content":{"rendered":"<p>M\u0169 l\u01b0\u1ee1i trai Ventura Retro Trucker t\u00f4n vinh di s\u1ea3n c\u1ee7a TaylorMade b\u1eb1ng c\u00e1ch k\u1ebft h\u1ee3p logo TaylorMade c\u1ed5 \u0111i\u1ec3n c\u1ee7a c\u00f4ng ty \u0111\u00e3 mang \u0111\u1ebfn cho b\u1ea1n chi\u1ebfc g\u1eady metalwood \u0111\u1ea7u ti\u00ean v\u00e0o n\u0103m 1979. Chi\u1ebfc m\u0169 n\u00e0y t\u01b0\u1ee3ng tr\u01b0ng cho s\u1ef1 thay \u0111\u1ed5i trong hi\u1ec7u su\u1ea5t ch\u01a1i golf, m\u1edf \u0111\u01b0\u1eddng cho tr\u00f2 ch\u01a1i n\u00e0y ph\u00e1t tri\u1ec3n nh\u01b0 ng\u00e0y nay.<\/p>\n<h3 class=\"tw-mb-6 tw-block tw-leading-none tw-text-center tw-font-bold\">M\u0169 l\u01b0\u1ee1i trai Ventura Retro<\/h3>\n<div class=\"tw-mb-6 tw-text-center\">\n<p>M\u0169 l\u01b0\u1ee1i trai Ventura Retro Trucker t\u00f4n vinh di s\u1ea3n c\u1ee7a TaylorMade b\u1eb1ng c\u00e1ch k\u1ebft h\u1ee3p logo TaylorMade c\u1ed5 \u0111i\u1ec3n c\u1ee7a c\u00f4ng ty \u0111\u00e3 mang \u0111\u1ebfn cho b\u1ea1n chi\u1ebfc g\u1eady metalwood \u0111\u1ea7u ti\u00ean v\u00e0o n\u0103m 1979. Chi\u1ebfc m\u0169 n\u00e0y t\u01b0\u1ee3ng tr\u01b0ng cho s\u1ef1 thay \u0111\u1ed5i trong hi\u1ec7u su\u1ea5t ch\u01a1i golf, m\u1edf \u0111\u01b0\u1eddng cho tr\u00f2 ch\u01a1i n\u00e0y ph\u00e1t tri\u1ec3n nh\u01b0 ng\u00e0y nay.<\/p>\n<p><strong>\u0110\u1eb7c tr\u01b0ng<\/strong><\/p>\n<p>C\u1ea5u tr\u00fac c\u00f3 c\u1ea5u tr\u00fac v\u1edbi kh\u00f3a \u0111\u00f3ng Snapback<\/p>\n<p>Thi\u1ebft k\u1ebf l\u01b0\u1edbi l\u01b0ng<\/p>\n<p>Mi\u1ebfng v\u00e1 ph\u00eda tr\u01b0\u1edbc TaylorMade<\/p>\n<p>60% cotton\/40% polyester<\/p>\n<p>N2681418<\/p>\n<\/div>","protected":false},"excerpt":{"rendered":"<p>M\u0169 l\u01b0\u1ee1i trai Ventura Retro Trucker t\u00f4n vinh di s\u1ea3n c\u1ee7a TaylorMade b\u1eb1ng c\u00e1ch k\u1ebft h\u1ee3p logo TaylorMade c\u1ed5 \u0111i\u1ec3n c\u1ee7a c\u00f4ng ty \u0111\u00e3 mang \u0111\u1ebfn cho b\u1ea1n chi\u1ebfc g\u1eady metalwood \u0111\u1ea7u ti\u00ean v\u00e0o n\u0103m 1979. Chi\u1ebfc m\u0169 n\u00e0y t\u01b0\u1ee3ng tr\u01b0ng cho s\u1ef1 thay \u0111\u1ed5i trong hi\u1ec7u su\u1ea5t ch\u01a1i golf, m\u1edf \u0111\u01b0\u1eddng cho tr\u00f2 ch\u01a1i [&hellip;]<\/p>","protected":false},"featured_media":15863,"comment_status":"open","ping_status":"closed","template":"","meta":{"_acf_changed":false,"site-sidebar-layout":"default","site-content-layout":"","ast-site-content-layout":"default","site-content-style":"default","site-sidebar-style":"default","ast-global-header-display":"","ast-banner-title-visibility":"","ast-main-header-display":"","ast-hfb-above-header-display":"","ast-hfb-below-header-display":"","ast-hfb-mobile-header-display":"","site-post-title":"","ast-breadcrumbs-content":"","ast-featured-img":"","footer-sml-layout":"","theme-transparent-header-meta":"default","adv-header-id-meta":"","stick-header-meta":"default","header-above-stick-meta":"","header-main-stick-meta":"","header-below-stick-meta":"","astra-migrate-meta-layouts":"set","ast-page-background-enabled":"default","ast-page-background-meta":{"desktop":{"background-color":"","background-image":"","background-repeat":"repeat","background-position":"center center","background-size":"auto","background-attachment":"scroll","background-type":"","background-media":"","overlay-type":"","overlay-color":"","overlay-opacity":"","overlay-gradient":""},"tablet":{"background-color":"","background-image":"","background-repeat":"repeat","background-position":"center center","background-size":"auto","background-attachment":"scroll","background-type":"","background-media":"","overlay-type":"","overlay-color":"","overlay-opacity":"","overlay-gradient":""},"mobile":{"background-color":"","background-image":"","background-repeat":"repeat","background-position":"center center","background-size":"auto","background-attachment":"scroll","background-type":"","background-media":"","overlay-type":"","overlay-color":"","overlay-opacity":"","overlay-gradient":""}},"ast-content-background-meta":{"desktop":{"background-color":"var(--ast-global-color-5)","background-image":"","background-repeat":"repeat","background-position":"center center","background-size":"auto","background-attachment":"scroll","background-type":"","background-media":"","overlay-type":"","overlay-color":"","overlay-opacity":"","overlay-gradient":""},"tablet":{"background-color":"var(--ast-global-color-5)","background-image":"","background-repeat":"repeat","background-position":"center center","background-size":"auto","background-attachment":"scroll","background-type":"","background-media":"","overlay-type":"","overlay-color":"","overlay-opacity":"","overlay-gradient":""},"mobile":{"background-color":"var(--ast-global-color-5)","background-image":"","background-repeat":"repeat","background-position":"center center","background-size":"auto","background-attachment":"scroll","background-type":"","background-media":"","overlay-type":"","overlay-color":"","overlay-opacity":"","overlay-gradient":""}}},"product_brand":[],"product_cat":[91,94],"product_tag":[],"class_list":{"0":"post-15857","1":"product","2":"type-product","3":"status-publish","4":"has-post-thumbnail","6":"product_cat-phu-kien","7":"product_cat-mu","8":"desktop-align-center","9":"tablet-align-center","10":"mobile-align-center","11":"ast-product-gallery-layout-first-image-large","12":"ast-product-single-variable","13":"ast-product-tabs-layout-distributed","15":"first","16":"instock","17":"shipping-taxable","18":"purchasable","19":"product-type-variable"},"acf":[],"_links":{"self":[{"href":"https:\/\/taylormade-golf.vn\/en\/wp-json\/wp\/v2\/product\/15857","targetHints":{"allow":["GET"]}}],"collection":[{"href":"https:\/\/taylormade-golf.vn\/en\/wp-json\/wp\/v2\/product"}],"about":[{"href":"https:\/\/taylormade-golf.vn\/en\/wp-json\/wp\/v2\/types\/product"}],"replies":[{"embeddable":true,"href":"https:\/\/taylormade-golf.vn\/en\/wp-json\/wp\/v2\/comments?post=15857"}],"wp:featuredmedia":[{"embeddable":true,"href":"https:\/\/taylormade-golf.vn\/en\/wp-json\/wp\/v2\/media\/15863"}],"wp:attachment":[{"href":"https:\/\/taylormade-golf.vn\/en\/wp-json\/wp\/v2\/media?parent=15857"}],"wp:term":[{"taxonomy":"product_brand","embeddable":true,"href":"https:\/\/taylormade-golf.vn\/en\/wp-json\/wp\/v2\/product_brand?post=15857"},{"taxonomy":"product_cat","embeddable":true,"href":"https:\/\/taylormade-golf.vn\/en\/wp-json\/wp\/v2\/product_cat?post=15857"},{"taxonomy":"product_tag","embeddable":true,"href":"https:\/\/taylormade-golf.vn\/en\/wp-json\/wp\/v2\/product_tag?post=15857"}],"curies":[{"name":"wp","href":"https:\/\/api.w.org\/{rel}","templated":true}]}}