{"id":15853,"date":"2025-02-28T13:20:09","date_gmt":"2025-02-28T06:20:09","guid":{"rendered":"https:\/\/taylormade-golf.vn\/?post_type=product&#038;p=15853"},"modified":"2025-02-28T13:20:09","modified_gmt":"2025-02-28T06:20:09","slug":"mu-luoi-trai-kim-loai-newport-retro","status":"publish","type":"product","link":"https:\/\/taylormade-golf.vn\/en\/product\/mu-luoi-trai-kim-loai-newport-retro\/","title":{"rendered":"M\u0169 l\u01b0\u1ee1i trai kim lo\u1ea1i Newport Retro"},"content":{"rendered":"<p>M\u0169 l\u01b0\u1edbi kim lo\u1ea1i Newport Retro k\u1ebft h\u1ee3p phong c\u00e1ch v\u00e0 ch\u1ee9c n\u0103ng trong m\u1ed9t thi\u1ebft k\u1ebf mang l\u1ea1i kh\u1ea3 n\u0103ng th\u00f4ng gi\u00f3 v\u01b0\u1ee3t tr\u1ed9i v\u1edbi ki\u1ec3u d\u00e1ng hi\u1ec7n \u0111\u1ea1i. Ngo\u00e0i n\u00e9t th\u1eddi trang bi\u1ec3u c\u1ea3m, c\u00e1c l\u1ed7 kim lo\u1ea1i \u0111\u01b0\u1ee3c b\u1ed1 tr\u00ed chi\u1ebfn l\u01b0\u1ee3c gi\u00fap lu\u1ed3ng kh\u00f4ng kh\u00ed t\u1ed1i \u01b0u, gi\u1eef cho \u0111\u1ea7u b\u1ea1n m\u00e1t m\u1ebb v\u00e0 tho\u1ea3i m\u00e1i trong s\u1ee9c n\u00f3ng c\u1ee7a tr\u00f2 ch\u01a1i.<\/p>\n<h3 class=\"tw-mb-6 tw-block tw-leading-none md:tw-text-left tw-text-center tw-pl-4 tw-font-bold\"><span>\u0110\u1eb7c tr\u01b0ng<\/span><\/h3>\n<div class=\"tw-mb-6 tw-text-left\">\n<div class=\"col-12 value content\">\n<p><span>M\u0169 l\u01b0\u1edbi kim lo\u1ea1i Newport Retro k\u1ebft h\u1ee3p phong c\u00e1ch v\u00e0 ch\u1ee9c n\u0103ng trong m\u1ed9t thi\u1ebft k\u1ebf mang l\u1ea1i kh\u1ea3 n\u0103ng th\u00f4ng gi\u00f3 v\u01b0\u1ee3t tr\u1ed9i v\u1edbi ki\u1ec3u d\u00e1ng hi\u1ec7n \u0111\u1ea1i. Ngo\u00e0i n\u00e9t th\u1eddi trang bi\u1ec3u c\u1ea3m, c\u00e1c l\u1ed7 kim lo\u1ea1i \u0111\u01b0\u1ee3c b\u1ed1 tr\u00ed chi\u1ebfn l\u01b0\u1ee3c gi\u00fap lu\u1ed3ng kh\u00f4ng kh\u00ed t\u1ed1i \u01b0u, gi\u1eef cho \u0111\u1ea7u b\u1ea1n m\u00e1t m\u1ebb v\u00e0 tho\u1ea3i m\u00e1i trong s\u1ee9c n\u00f3ng c\u1ee7a tr\u00f2 ch\u01a1i.<\/span><\/p>\n<p><span>\u0110\u1eb7c tr\u01b0ng<\/span><\/p>\n<ul>\n<li><span>\u0110\u00e3 th\u00eam th\u00f4ng gi\u00f3<\/span><\/li>\n<li><span>Ph\u00f9 h\u1ee3p c\u00f3 th\u1ec3 \u0111i\u1ec1u ch\u1ec9nh<\/span><\/li>\n<li><span>Thi\u1ebft k\u1ebf b\u1ec1n b\u1ec9<\/span><\/li>\n<li><span>Phong c\u00e1ch \u0111\u01b0\u01a1ng \u0111\u1ea1i<\/span><\/li>\n<\/ul>\n<p>N2680618<\/p>\n<\/div>\n<\/div>","protected":false},"excerpt":{"rendered":"<p>M\u0169 l\u01b0\u1edbi kim lo\u1ea1i Newport Retro k\u1ebft h\u1ee3p phong c\u00e1ch v\u00e0 ch\u1ee9c n\u0103ng trong m\u1ed9t thi\u1ebft k\u1ebf mang l\u1ea1i kh\u1ea3 n\u0103ng th\u00f4ng gi\u00f3 v\u01b0\u1ee3t tr\u1ed9i v\u1edbi ki\u1ec3u d\u00e1ng hi\u1ec7n \u0111\u1ea1i. Ngo\u00e0i n\u00e9t th\u1eddi trang bi\u1ec3u c\u1ea3m, c\u00e1c l\u1ed7 kim lo\u1ea1i \u0111\u01b0\u1ee3c b\u1ed1 tr\u00ed chi\u1ebfn l\u01b0\u1ee3c gi\u00fap lu\u1ed3ng kh\u00f4ng kh\u00ed t\u1ed1i \u01b0u, gi\u1eef cho \u0111\u1ea7u b\u1ea1n [&hellip;]<\/p>","protected":false},"featured_media":15855,"comment_status":"open","ping_status":"closed","template":"","meta":{"_acf_changed":false,"site-sidebar-layout":"default","site-content-layout":"","ast-site-content-layout":"default","site-content-style":"default","site-sidebar-style":"default","ast-global-header-display":"","ast-banner-title-visibility":"","ast-main-header-display":"","ast-hfb-above-header-display":"","ast-hfb-below-header-display":"","ast-hfb-mobile-header-display":"","site-post-title":"","ast-breadcrumbs-content":"","ast-featured-img":"","footer-sml-layout":"","theme-transparent-header-meta":"default","adv-header-id-meta":"","stick-header-meta":"default","header-above-stick-meta":"","header-main-stick-meta":"","header-below-stick-meta":"","astra-migrate-meta-layouts":"set","ast-page-background-enabled":"default","ast-page-background-meta":{"desktop":{"background-color":"","background-image":"","background-repeat":"repeat","background-position":"center center","background-size":"auto","background-attachment":"scroll","background-type":"","background-media":"","overlay-type":"","overlay-color":"","overlay-opacity":"","overlay-gradient":""},"tablet":{"background-color":"","background-image":"","background-repeat":"repeat","background-position":"center center","background-size":"auto","background-attachment":"scroll","background-type":"","background-media":"","overlay-type":"","overlay-color":"","overlay-opacity":"","overlay-gradient":""},"mobile":{"background-color":"","background-image":"","background-repeat":"repeat","background-position":"center center","background-size":"auto","background-attachment":"scroll","background-type":"","background-media":"","overlay-type":"","overlay-color":"","overlay-opacity":"","overlay-gradient":""}},"ast-content-background-meta":{"desktop":{"background-color":"var(--ast-global-color-5)","background-image":"","background-repeat":"repeat","background-position":"center center","background-size":"auto","background-attachment":"scroll","background-type":"","background-media":"","overlay-type":"","overlay-color":"","overlay-opacity":"","overlay-gradient":""},"tablet":{"background-color":"var(--ast-global-color-5)","background-image":"","background-repeat":"repeat","background-position":"center center","background-size":"auto","background-attachment":"scroll","background-type":"","background-media":"","overlay-type":"","overlay-color":"","overlay-opacity":"","overlay-gradient":""},"mobile":{"background-color":"var(--ast-global-color-5)","background-image":"","background-repeat":"repeat","background-position":"center center","background-size":"auto","background-attachment":"scroll","background-type":"","background-media":"","overlay-type":"","overlay-color":"","overlay-opacity":"","overlay-gradient":""}}},"product_brand":[],"product_cat":[91,94],"product_tag":[],"class_list":{"0":"post-15853","1":"product","2":"type-product","3":"status-publish","4":"has-post-thumbnail","6":"product_cat-phu-kien","7":"product_cat-mu","8":"desktop-align-center","9":"tablet-align-center","10":"mobile-align-center","11":"ast-product-gallery-layout-first-image-large","12":"ast-product-single-variable","13":"ast-product-tabs-layout-distributed","15":"first","16":"instock","17":"shipping-taxable","18":"purchasable","19":"product-type-variable"},"acf":[],"_links":{"self":[{"href":"https:\/\/taylormade-golf.vn\/en\/wp-json\/wp\/v2\/product\/15853","targetHints":{"allow":["GET"]}}],"collection":[{"href":"https:\/\/taylormade-golf.vn\/en\/wp-json\/wp\/v2\/product"}],"about":[{"href":"https:\/\/taylormade-golf.vn\/en\/wp-json\/wp\/v2\/types\/product"}],"replies":[{"embeddable":true,"href":"https:\/\/taylormade-golf.vn\/en\/wp-json\/wp\/v2\/comments?post=15853"}],"wp:featuredmedia":[{"embeddable":true,"href":"https:\/\/taylormade-golf.vn\/en\/wp-json\/wp\/v2\/media\/15855"}],"wp:attachment":[{"href":"https:\/\/taylormade-golf.vn\/en\/wp-json\/wp\/v2\/media?parent=15853"}],"wp:term":[{"taxonomy":"product_brand","embeddable":true,"href":"https:\/\/taylormade-golf.vn\/en\/wp-json\/wp\/v2\/product_brand?post=15853"},{"taxonomy":"product_cat","embeddable":true,"href":"https:\/\/taylormade-golf.vn\/en\/wp-json\/wp\/v2\/product_cat?post=15853"},{"taxonomy":"product_tag","embeddable":true,"href":"https:\/\/taylormade-golf.vn\/en\/wp-json\/wp\/v2\/product_tag?post=15853"}],"curies":[{"name":"wp","href":"https:\/\/api.w.org\/{rel}","templated":true}]}}