{"id":15846,"date":"2025-02-28T13:11:15","date_gmt":"2025-02-28T06:11:15","guid":{"rendered":"https:\/\/taylormade-golf.vn\/?post_type=product&#038;p=15846"},"modified":"2025-02-28T14:52:41","modified_gmt":"2025-02-28T07:52:41","slug":"mu-snapback-horizon-fermi","status":"publish","type":"product","link":"https:\/\/taylormade-golf.vn\/en\/product\/mu-snapback-horizon-fermi\/","title":{"rendered":"M\u0169 Snapback Horizon Fermi"},"content":{"rendered":"<h3 class=\"tw-mb-6 tw-block tw-leading-none tw-text-center tw-font-bold\">M\u0169 Snapback Horizon Fermi<\/h3>\n<div class=\"tw-mb-6 tw-text-center\">\n<p>M\u0169 Snapback Horizon Fermi mang \u0111\u1ebfn phong c\u00e1ch v\u00e0 hi\u1ec7u su\u1ea5t trong m\u1ed9t thi\u1ebft k\u1ebf ho\u00e0n h\u1ea3o nh\u1eb1m t\u00f4n l\u00ean l\u1ed1i s\u1ed1ng n\u0103ng \u0111\u1ed9ng c\u1ee7a b\u1ea1n.<\/p>\n<p><strong>\u0110\u1eb7c tr\u01b0ng<\/strong><\/p>\n<p>Ph\u00f9 h\u1ee3p c\u00f3 th\u1ec3 \u0111i\u1ec1u ch\u1ec9nh<\/p>\n<p>V\u1ea3i hi\u1ec7u su\u1ea5t nh\u1eb9<\/p>\n<p>Ki\u1ec3u d\u00e1ng \u0111a d\u1ea1ng<\/p>\n<p>N2679918<\/p>\n<\/div>","protected":false},"excerpt":{"rendered":"<p>M\u0169 Snapback Horizon Fermi M\u0169 Snapback Horizon Fermi mang \u0111\u1ebfn phong c\u00e1ch v\u00e0 hi\u1ec7u su\u1ea5t trong m\u1ed9t thi\u1ebft k\u1ebf ho\u00e0n h\u1ea3o nh\u1eb1m t\u00f4n l\u00ean l\u1ed1i s\u1ed1ng n\u0103ng \u0111\u1ed9ng c\u1ee7a b\u1ea1n. \u0110\u1eb7c tr\u01b0ng Ph\u00f9 h\u1ee3p c\u00f3 th\u1ec3 \u0111i\u1ec1u ch\u1ec9nh V\u1ea3i hi\u1ec7u su\u1ea5t nh\u1eb9 Ki\u1ec3u d\u00e1ng \u0111a d\u1ea1ng N2679918<\/p>","protected":false},"featured_media":15848,"comment_status":"open","ping_status":"closed","template":"","meta":{"_acf_changed":false,"site-sidebar-layout":"default","site-content-layout":"","ast-site-content-layout":"default","site-content-style":"default","site-sidebar-style":"default","ast-global-header-display":"","ast-banner-title-visibility":"","ast-main-header-display":"","ast-hfb-above-header-display":"","ast-hfb-below-header-display":"","ast-hfb-mobile-header-display":"","site-post-title":"","ast-breadcrumbs-content":"","ast-featured-img":"","footer-sml-layout":"","theme-transparent-header-meta":"default","adv-header-id-meta":"","stick-header-meta":"default","header-above-stick-meta":"","header-main-stick-meta":"","header-below-stick-meta":"","astra-migrate-meta-layouts":"set","ast-page-background-enabled":"default","ast-page-background-meta":{"desktop":{"background-color":"","background-image":"","background-repeat":"repeat","background-position":"center center","background-size":"auto","background-attachment":"scroll","background-type":"","background-media":"","overlay-type":"","overlay-color":"","overlay-opacity":"","overlay-gradient":""},"tablet":{"background-color":"","background-image":"","background-repeat":"repeat","background-position":"center center","background-size":"auto","background-attachment":"scroll","background-type":"","background-media":"","overlay-type":"","overlay-color":"","overlay-opacity":"","overlay-gradient":""},"mobile":{"background-color":"","background-image":"","background-repeat":"repeat","background-position":"center center","background-size":"auto","background-attachment":"scroll","background-type":"","background-media":"","overlay-type":"","overlay-color":"","overlay-opacity":"","overlay-gradient":""}},"ast-content-background-meta":{"desktop":{"background-color":"var(--ast-global-color-5)","background-image":"","background-repeat":"repeat","background-position":"center center","background-size":"auto","background-attachment":"scroll","background-type":"","background-media":"","overlay-type":"","overlay-color":"","overlay-opacity":"","overlay-gradient":""},"tablet":{"background-color":"var(--ast-global-color-5)","background-image":"","background-repeat":"repeat","background-position":"center center","background-size":"auto","background-attachment":"scroll","background-type":"","background-media":"","overlay-type":"","overlay-color":"","overlay-opacity":"","overlay-gradient":""},"mobile":{"background-color":"var(--ast-global-color-5)","background-image":"","background-repeat":"repeat","background-position":"center center","background-size":"auto","background-attachment":"scroll","background-type":"","background-media":"","overlay-type":"","overlay-color":"","overlay-opacity":"","overlay-gradient":""}}},"product_brand":[],"product_cat":[91,94,262,263],"product_tag":[],"class_list":{"0":"post-15846","1":"product","2":"type-product","3":"status-publish","4":"has-post-thumbnail","6":"product_cat-phu-kien","7":"product_cat-mu","8":"product_cat-nam","9":"product_cat-nu","10":"desktop-align-center","11":"tablet-align-center","12":"mobile-align-center","13":"ast-product-gallery-layout-first-image-large","14":"ast-product-single-variable","15":"ast-product-tabs-layout-distributed","17":"first","18":"instock","19":"shipping-taxable","20":"purchasable","21":"product-type-variable"},"acf":[],"_links":{"self":[{"href":"https:\/\/taylormade-golf.vn\/en\/wp-json\/wp\/v2\/product\/15846","targetHints":{"allow":["GET"]}}],"collection":[{"href":"https:\/\/taylormade-golf.vn\/en\/wp-json\/wp\/v2\/product"}],"about":[{"href":"https:\/\/taylormade-golf.vn\/en\/wp-json\/wp\/v2\/types\/product"}],"replies":[{"embeddable":true,"href":"https:\/\/taylormade-golf.vn\/en\/wp-json\/wp\/v2\/comments?post=15846"}],"wp:featuredmedia":[{"embeddable":true,"href":"https:\/\/taylormade-golf.vn\/en\/wp-json\/wp\/v2\/media\/15848"}],"wp:attachment":[{"href":"https:\/\/taylormade-golf.vn\/en\/wp-json\/wp\/v2\/media?parent=15846"}],"wp:term":[{"taxonomy":"product_brand","embeddable":true,"href":"https:\/\/taylormade-golf.vn\/en\/wp-json\/wp\/v2\/product_brand?post=15846"},{"taxonomy":"product_cat","embeddable":true,"href":"https:\/\/taylormade-golf.vn\/en\/wp-json\/wp\/v2\/product_cat?post=15846"},{"taxonomy":"product_tag","embeddable":true,"href":"https:\/\/taylormade-golf.vn\/en\/wp-json\/wp\/v2\/product_tag?post=15846"}],"curies":[{"name":"wp","href":"https:\/\/api.w.org\/{rel}","templated":true}]}}