{"id":15831,"date":"2025-02-28T11:39:51","date_gmt":"2025-02-28T04:39:51","guid":{"rendered":"https:\/\/taylormade-golf.vn\/?post_type=product&#038;p=15831"},"modified":"2025-02-28T11:39:51","modified_gmt":"2025-02-28T04:39:51","slug":"tui-dung-gay-qi35-tour-stand","status":"publish","type":"product","link":"https:\/\/taylormade-golf.vn\/en\/product\/tui-dung-gay-qi35-tour-stand\/","title":{"rendered":"T\u00fai \u0111\u1ef1ng g\u1eady Qi35 Tour Stand"},"content":{"rendered":"<h3 class=\"tw-mb-6 tw-block tw-leading-none tw-text-center tw-font-bold\"><span>M\u1ed8T TR\u1ea2I NGHI\u1ec6M CH\u1ea4T L\u01af\u1ee2NG TOUR<\/span><\/h3>\n<div class=\"tw-mb-6 tw-text-center\">\n<p>Gi\u1ed1ng nh\u01b0 m\u1ed9t ng\u01b0\u1eddi khu\u00e2n v\u00e1c g\u1eady cho m\u1ed9t v\u1eadn \u0111\u1ed9ng vi\u00ean chuy\u00ean nghi\u1ec7p, T\u00fai \u0111\u1ef1ng g\u1eady Tour Stand Bag 2025 l\u00e0 ng\u01b0\u1eddi b\u1ea1n \u0111\u1ed3ng h\u00e0nh n\u0103ng \u0111\u1ed9ng cho tr\u1ea3i nghi\u1ec7m ch\u01a1i golf c\u1ee7a b\u1ea1n, \u0111\u1ea3m b\u1ea3o m\u1ecdi th\u1ee9 b\u1ea1n c\u1ea7n \u0111\u1ec3 ch\u01a1i golf t\u1ed1t nh\u1ea5t \u0111\u1ec1u trong t\u1ea7m tay.<\/p>\n<h3 class=\"tw-mb-6 tw-block tw-leading-none tw-text-center tw-font-bold\">THI\u1ebeT K\u1ebe CH\u1ee8C N\u0102NG<\/h3>\n<div class=\"tw-mb-6 tw-text-center\">\n<p>Ph\u1ea7n tr\u00ean b\u1eb1ng nhung m\u1ec1m m\u1ea1i 4 chi\u1ec1u \u0111\u01b0\u1ee3c thi\u1ebft k\u1ebf \u0111\u1ec3 h\u1ea1n ch\u1ebf ti\u1ebfng k\u00eau l\u1ea1ch c\u1ea1ch trong khi v\u1eabn cung c\u1ea5p \u0111\u1ee7 kh\u00f4ng gian \u0111\u1ec3 c\u1ea5t gi\u1eef g\u1eady \u0111\u00e1nh golf c\u00f3 t\u1ed5 ch\u1ee9c. Vi\u1ec1n kim lo\u1ea1i m\u00e0u \u0111en v\u00e0 da gi\u1ea3 \u0111\u1ee5c l\u1ed7 si\u00eau nh\u1ecf t\u1ea1o th\u00eam n\u00e9t sang tr\u1ecdng cho thi\u1ebft k\u1ebf c\u00f3 ch\u1ee9c n\u0103ng cao n\u00e0y.<\/p>\n<h3 class=\"tw-mb-6 tw-block tw-leading-none tw-text-center tw-font-bold\">M\u00c0U S\u1eaeC L\u1ea4Y C\u1ea2M H\u1ee8NG T\u1eea Qi35<\/h3>\n<div class=\"tw-mb-6 tw-text-center\">\n<p>T\u00fai Tour Stand 2025 c\u1ee7a TaylorMade c\u00f3 ph\u1ed1i m\u00e0u Qi35 trong thi\u1ebft k\u1ebf cao c\u1ea5p, \u01b0u ti\u00ean s\u1ef1 ti\u1ec7n l\u1ee3i th\u00f4ng qua kh\u1ea3 n\u0103ng l\u01b0u tr\u1eef hi\u1ec7u qu\u1ea3 v\u00e0 c\u00e1c ng\u0103n chuy\u00ean d\u1ee5ng.<\/p>\n<h3 class=\"tw-mb-6 tw-block tw-leading-none tw-text-center tw-font-bold\"><span>\u0110I B\u1ed8 HO\u1eb6C \u0110I XE \u0110\u1ea0P \u0110A N\u0102NG<\/span><\/h3>\n<div class=\"tw-mb-6 tw-text-center\">\n<p><span>H\u1ec7 th\u1ed1ng quai \u0111eo \u0111\u00f4i \u0111\u1ea3m b\u1ea3o s\u1ef1 tho\u1ea3i m\u00e1i khi \u0111i b\u1ed9, trong khi \u0111\u1ed9 \u1ed5n \u0111\u1ecbnh c\u1ee7a \u0111\u1ebf \u0111\u01b0\u1ee3c thi\u1ebft k\u1ebf \u0111\u1ec3 th\u00edch \u1ee9ng li\u1ec1n m\u1ea1ch v\u1edbi xe \u0111\u1ea9y ho\u1eb7c xe golf, h\u1ee9a h\u1eb9n mang \u0111\u1ebfn m\u1ed9t n\u1ec1n t\u1ea3ng \u0111\u00e1ng tin c\u1eady b\u1ea5t k\u1ec3 ch\u1ebf \u0111\u1ed9 ch\u01a1i \u01b0a th\u00edch c\u1ee7a b\u1ea1n l\u00e0 g\u00ec.<\/span><\/p>\n<p>N3847401<\/p>\n<\/div>\n<\/div>\n<\/div>\n<\/div>","protected":false},"excerpt":{"rendered":"<p>M\u1ed8T TR\u1ea2I NGHI\u1ec6M CH\u1ea4T L\u01af\u1ee2NG TOUR Gi\u1ed1ng nh\u01b0 m\u1ed9t ng\u01b0\u1eddi khu\u00e2n v\u00e1c g\u1eady cho m\u1ed9t v\u1eadn \u0111\u1ed9ng vi\u00ean chuy\u00ean nghi\u1ec7p, T\u00fai \u0111\u1ef1ng g\u1eady Tour Stand Bag 2025 l\u00e0 ng\u01b0\u1eddi b\u1ea1n \u0111\u1ed3ng h\u00e0nh n\u0103ng \u0111\u1ed9ng cho tr\u1ea3i nghi\u1ec7m ch\u01a1i golf c\u1ee7a b\u1ea1n, \u0111\u1ea3m b\u1ea3o m\u1ecdi th\u1ee9 b\u1ea1n c\u1ea7n \u0111\u1ec3 ch\u01a1i golf t\u1ed1t nh\u1ea5t \u0111\u1ec1u trong t\u1ea7m [&hellip;]<\/p>","protected":false},"featured_media":15833,"comment_status":"open","ping_status":"closed","template":"","meta":{"_acf_changed":false,"site-sidebar-layout":"default","site-content-layout":"","ast-site-content-layout":"default","site-content-style":"default","site-sidebar-style":"default","ast-global-header-display":"","ast-banner-title-visibility":"","ast-main-header-display":"","ast-hfb-above-header-display":"","ast-hfb-below-header-display":"","ast-hfb-mobile-header-display":"","site-post-title":"","ast-breadcrumbs-content":"","ast-featured-img":"","footer-sml-layout":"","theme-transparent-header-meta":"default","adv-header-id-meta":"","stick-header-meta":"default","header-above-stick-meta":"","header-main-stick-meta":"","header-below-stick-meta":"","astra-migrate-meta-layouts":"set","ast-page-background-enabled":"default","ast-page-background-meta":{"desktop":{"background-color":"","background-image":"","background-repeat":"repeat","background-position":"center center","background-size":"auto","background-attachment":"scroll","background-type":"","background-media":"","overlay-type":"","overlay-color":"","overlay-opacity":"","overlay-gradient":""},"tablet":{"background-color":"","background-image":"","background-repeat":"repeat","background-position":"center center","background-size":"auto","background-attachment":"scroll","background-type":"","background-media":"","overlay-type":"","overlay-color":"","overlay-opacity":"","overlay-gradient":""},"mobile":{"background-color":"","background-image":"","background-repeat":"repeat","background-position":"center center","background-size":"auto","background-attachment":"scroll","background-type":"","background-media":"","overlay-type":"","overlay-color":"","overlay-opacity":"","overlay-gradient":""}},"ast-content-background-meta":{"desktop":{"background-color":"var(--ast-global-color-5)","background-image":"","background-repeat":"repeat","background-position":"center center","background-size":"auto","background-attachment":"scroll","background-type":"","background-media":"","overlay-type":"","overlay-color":"","overlay-opacity":"","overlay-gradient":""},"tablet":{"background-color":"var(--ast-global-color-5)","background-image":"","background-repeat":"repeat","background-position":"center center","background-size":"auto","background-attachment":"scroll","background-type":"","background-media":"","overlay-type":"","overlay-color":"","overlay-opacity":"","overlay-gradient":""},"mobile":{"background-color":"var(--ast-global-color-5)","background-image":"","background-repeat":"repeat","background-position":"center center","background-size":"auto","background-attachment":"scroll","background-type":"","background-media":"","overlay-type":"","overlay-color":"","overlay-opacity":"","overlay-gradient":""}}},"product_brand":[],"product_cat":[92,253],"product_tag":[],"class_list":{"0":"post-15831","1":"product","2":"type-product","3":"status-publish","4":"has-post-thumbnail","6":"product_cat-tui-gay","7":"product_cat-tui-taylormade","8":"desktop-align-center","9":"tablet-align-center","10":"mobile-align-center","11":"ast-product-gallery-layout-first-image-large","12":"ast-product-single-variable","13":"ast-product-tabs-layout-distributed","15":"first","16":"instock","17":"shipping-taxable","18":"purchasable","19":"product-type-variable"},"acf":[],"_links":{"self":[{"href":"https:\/\/taylormade-golf.vn\/en\/wp-json\/wp\/v2\/product\/15831","targetHints":{"allow":["GET"]}}],"collection":[{"href":"https:\/\/taylormade-golf.vn\/en\/wp-json\/wp\/v2\/product"}],"about":[{"href":"https:\/\/taylormade-golf.vn\/en\/wp-json\/wp\/v2\/types\/product"}],"replies":[{"embeddable":true,"href":"https:\/\/taylormade-golf.vn\/en\/wp-json\/wp\/v2\/comments?post=15831"}],"wp:featuredmedia":[{"embeddable":true,"href":"https:\/\/taylormade-golf.vn\/en\/wp-json\/wp\/v2\/media\/15833"}],"wp:attachment":[{"href":"https:\/\/taylormade-golf.vn\/en\/wp-json\/wp\/v2\/media?parent=15831"}],"wp:term":[{"taxonomy":"product_brand","embeddable":true,"href":"https:\/\/taylormade-golf.vn\/en\/wp-json\/wp\/v2\/product_brand?post=15831"},{"taxonomy":"product_cat","embeddable":true,"href":"https:\/\/taylormade-golf.vn\/en\/wp-json\/wp\/v2\/product_cat?post=15831"},{"taxonomy":"product_tag","embeddable":true,"href":"https:\/\/taylormade-golf.vn\/en\/wp-json\/wp\/v2\/product_tag?post=15831"}],"curies":[{"name":"wp","href":"https:\/\/api.w.org\/{rel}","templated":true}]}}