{"id":15811,"date":"2025-02-26T16:41:05","date_gmt":"2025-02-26T09:41:05","guid":{"rendered":"https:\/\/taylormade-golf.vn\/?post_type=product&#038;p=15811"},"modified":"2025-02-26T16:41:05","modified_gmt":"2025-02-26T09:41:05","slug":"tui-performance-duffel-tm","status":"publish","type":"product","link":"https:\/\/taylormade-golf.vn\/en\/product\/tui-performance-duffel-tm\/","title":{"rendered":"T\u00fai Performance Duffel TM"},"content":{"rendered":"<p><span>Cho d\u00f9 b\u1ea1n \u0111ang \u0111i \u0111\u1ebfn ph\u00f2ng t\u1eadp th\u1ec3 d\u1ee5c, s\u00e2n golf hay s\u00e2n bay, T\u00fai duffle TaylorMade Performance \u0111\u1ec1u c\u00f3 th\u1ec3 \u0111\u00e1p \u1ee9ng nhu c\u1ea7u c\u1ee7a b\u1ea1n. V\u1edbi thi\u1ebft k\u1ebf r\u1ed9ng r\u00e3i v\u00e0 k\u1ebft c\u1ea5u b\u1ec1n b\u1ec9, chi\u1ebfc t\u00fai duffle n\u00e0y ch\u1eafc ch\u1eafn s\u1ebd tr\u1edf th\u00e0nh ng\u01b0\u1eddi b\u1ea1n \u0111\u1ed3ng h\u00e0nh du l\u1ecbch c\u1ee7a b\u1ea1n trong nhi\u1ec1u n\u0103m t\u1edbi. \u0110\u01b0\u1ee3c ch\u1ebf t\u00e1c t\u1eeb nh\u1eefng v\u1eadt li\u1ec7u b\u1ec1n b\u1ec9, t\u00fai c\u00f3 ng\u0103n ch\u00ednh r\u1ed9ng r\u00e3i c\u00f3 th\u1ec3 \u0111\u1ef1ng qu\u1ea7n \u00e1o t\u1eadp luy\u1ec7n, gi\u00e0y d\u00e9p v\u00e0 c\u00e1c v\u1eadt d\u1ee5ng kh\u00e1c c\u1ee7a b\u1ea1n. T\u00fai \u0111\u1ef1ng gi\u00e0y c\u00f3 kh\u00f3a k\u00e9o s\u1ebd gi\u1eef cho \u0111\u00f4i gi\u00e0y c\u1ee7a b\u1ea1n an to\u00e0n, trong khi t\u00fai b\u00ean h\u00f4ng d\u1ec5 l\u1ea5y l\u00e0 n\u01a1i l\u00fd t\u01b0\u1edfng \u0111\u1ec3 c\u1ea5t gi\u1eef c\u00e1c v\u1eadt d\u1ee5ng nh\u1ecf kh\u00e1c. D\u00e2y \u0111eo vai c\u00f3 \u0111\u1ec7m v\u00e0 quai x\u00e1ch \u0111\u00f4i gi\u00fap b\u1ea1n d\u1ec5 d\u00e0ng mang theo tho\u1ea3i m\u00e1i b\u1ea5t k\u1ec3 b\u1ea1n \u0111i du l\u1ecbch \u1edf \u0111\u00e2u.<\/span><\/p>\n<ul>\n<li><span>Kh\u00f3a k\u00e9o<\/span><\/li>\n<li><span>D\u00e2y \u0111eo vai c\u00f3 \u0111\u1ec7m<\/span><\/li>\n<li><span>Tay c\u1ea7m k\u00e9p<\/span><\/li>\n<li><span>19,3\u201dD x 9,4\u201dR x 11,4\u201dC<\/span><\/li>\n<li>N8947701<\/li>\n<\/ul>","protected":false},"excerpt":{"rendered":"<p>Cho d\u00f9 b\u1ea1n \u0111ang \u0111i \u0111\u1ebfn ph\u00f2ng t\u1eadp th\u1ec3 d\u1ee5c, s\u00e2n golf hay s\u00e2n bay, T\u00fai duffle TaylorMade Performance \u0111\u1ec1u c\u00f3 th\u1ec3 \u0111\u00e1p \u1ee9ng nhu c\u1ea7u c\u1ee7a b\u1ea1n. V\u1edbi thi\u1ebft k\u1ebf r\u1ed9ng r\u00e3i v\u00e0 k\u1ebft c\u1ea5u b\u1ec1n b\u1ec9, chi\u1ebfc t\u00fai duffle n\u00e0y ch\u1eafc ch\u1eafn s\u1ebd tr\u1edf th\u00e0nh ng\u01b0\u1eddi b\u1ea1n \u0111\u1ed3ng h\u00e0nh du l\u1ecbch c\u1ee7a b\u1ea1n [&hellip;]<\/p>","protected":false},"featured_media":15813,"comment_status":"open","ping_status":"closed","template":"","meta":{"_acf_changed":false,"site-sidebar-layout":"default","site-content-layout":"","ast-site-content-layout":"default","site-content-style":"default","site-sidebar-style":"default","ast-global-header-display":"","ast-banner-title-visibility":"","ast-main-header-display":"","ast-hfb-above-header-display":"","ast-hfb-below-header-display":"","ast-hfb-mobile-header-display":"","site-post-title":"","ast-breadcrumbs-content":"","ast-featured-img":"","footer-sml-layout":"","theme-transparent-header-meta":"default","adv-header-id-meta":"","stick-header-meta":"default","header-above-stick-meta":"","header-main-stick-meta":"","header-below-stick-meta":"","astra-migrate-meta-layouts":"set","ast-page-background-enabled":"default","ast-page-background-meta":{"desktop":{"background-color":"","background-image":"","background-repeat":"repeat","background-position":"center center","background-size":"auto","background-attachment":"scroll","background-type":"","background-media":"","overlay-type":"","overlay-color":"","overlay-opacity":"","overlay-gradient":""},"tablet":{"background-color":"","background-image":"","background-repeat":"repeat","background-position":"center center","background-size":"auto","background-attachment":"scroll","background-type":"","background-media":"","overlay-type":"","overlay-color":"","overlay-opacity":"","overlay-gradient":""},"mobile":{"background-color":"","background-image":"","background-repeat":"repeat","background-position":"center center","background-size":"auto","background-attachment":"scroll","background-type":"","background-media":"","overlay-type":"","overlay-color":"","overlay-opacity":"","overlay-gradient":""}},"ast-content-background-meta":{"desktop":{"background-color":"var(--ast-global-color-5)","background-image":"","background-repeat":"repeat","background-position":"center center","background-size":"auto","background-attachment":"scroll","background-type":"","background-media":"","overlay-type":"","overlay-color":"","overlay-opacity":"","overlay-gradient":""},"tablet":{"background-color":"var(--ast-global-color-5)","background-image":"","background-repeat":"repeat","background-position":"center center","background-size":"auto","background-attachment":"scroll","background-type":"","background-media":"","overlay-type":"","overlay-color":"","overlay-opacity":"","overlay-gradient":""},"mobile":{"background-color":"var(--ast-global-color-5)","background-image":"","background-repeat":"repeat","background-position":"center center","background-size":"auto","background-attachment":"scroll","background-type":"","background-media":"","overlay-type":"","overlay-color":"","overlay-opacity":"","overlay-gradient":""}}},"product_brand":[],"product_cat":[253,266,383,100],"product_tag":[],"class_list":{"0":"post-15811","1":"product","2":"type-product","3":"status-publish","4":"has-post-thumbnail","6":"product_cat-tui-taylormade","7":"product_cat-tui-cam-tay","8":"product_cat-tui-khac","9":"product_cat-tui-xach-tay","10":"desktop-align-center","11":"tablet-align-center","12":"mobile-align-center","13":"ast-product-gallery-layout-first-image-large","14":"ast-product-single-variable","15":"ast-product-tabs-layout-distributed","17":"first","18":"instock","19":"shipping-taxable","20":"purchasable","21":"product-type-variable"},"acf":[],"_links":{"self":[{"href":"https:\/\/taylormade-golf.vn\/en\/wp-json\/wp\/v2\/product\/15811","targetHints":{"allow":["GET"]}}],"collection":[{"href":"https:\/\/taylormade-golf.vn\/en\/wp-json\/wp\/v2\/product"}],"about":[{"href":"https:\/\/taylormade-golf.vn\/en\/wp-json\/wp\/v2\/types\/product"}],"replies":[{"embeddable":true,"href":"https:\/\/taylormade-golf.vn\/en\/wp-json\/wp\/v2\/comments?post=15811"}],"wp:featuredmedia":[{"embeddable":true,"href":"https:\/\/taylormade-golf.vn\/en\/wp-json\/wp\/v2\/media\/15813"}],"wp:attachment":[{"href":"https:\/\/taylormade-golf.vn\/en\/wp-json\/wp\/v2\/media?parent=15811"}],"wp:term":[{"taxonomy":"product_brand","embeddable":true,"href":"https:\/\/taylormade-golf.vn\/en\/wp-json\/wp\/v2\/product_brand?post=15811"},{"taxonomy":"product_cat","embeddable":true,"href":"https:\/\/taylormade-golf.vn\/en\/wp-json\/wp\/v2\/product_cat?post=15811"},{"taxonomy":"product_tag","embeddable":true,"href":"https:\/\/taylormade-golf.vn\/en\/wp-json\/wp\/v2\/product_tag?post=15811"}],"curies":[{"name":"wp","href":"https:\/\/api.w.org\/{rel}","templated":true}]}}