{"id":15807,"date":"2025-02-26T16:36:23","date_gmt":"2025-02-26T09:36:23","guid":{"rendered":"https:\/\/taylormade-golf.vn\/?post_type=product&#038;p=15807"},"modified":"2025-02-26T16:36:23","modified_gmt":"2025-02-26T09:36:23","slug":"tui-vali-keo-performance-rolling-carry","status":"publish","type":"product","link":"https:\/\/taylormade-golf.vn\/en\/product\/tui-vali-keo-performance-rolling-carry\/","title":{"rendered":"T\u00fai vali k\u00e9o Performance Rolling Carry"},"content":{"rendered":"<p><span>T\u00fai x\u00e1ch TaylorMade Performance Rolling Carry On l\u00e0 ph\u1ee5 ki\u1ec7n ho\u00e0n h\u1ea3o cho c\u1ea3 ng\u01b0\u1eddi ch\u01a1i golf v\u00e0 kh\u00e1ch du l\u1ecbch c\u00f4ng t\u00e1c. Chi\u1ebfc t\u00fai \u0111a n\u0103ng n\u00e0y \u0111\u01b0\u1ee3c thi\u1ebft k\u1ebf \u0111\u1ec3 d\u1ec5 d\u00e0ng di chuy\u1ec3n v\u1edbi b\u00e1nh xe l\u0103n b\u1ec1n b\u1ec9 v\u00e0 ng\u0103n ch\u1ee9a r\u1ed9ng r\u00e3i, \u0111\u1ea3m b\u1ea3o b\u1ea1n c\u00f3 th\u1ec3 d\u1ec5 d\u00e0ng mang theo m\u1ecdi v\u1eadt d\u1ee5ng c\u1ea7n thi\u1ebft c\u1ee7a m\u00ecnh m\u1ecdi l\u00fac m\u1ecdi n\u01a1i.<\/span><\/p>\n<p><span>Ng\u0103n ch\u00ednh c\u00f3 th\u1ec3 d\u1ec5 d\u00e0ng ch\u1ee9a t\u1ea5t c\u1ea3 qu\u1ea7n \u00e1o, gi\u00e0y d\u00e9p, ph\u1ee5 ki\u1ec7n v\u00e0 nhi\u1ec1u th\u1ee9 kh\u00e1c c\u1ee7a b\u1ea1n. B\u00e1nh xe l\u0103n b\u1ec1n b\u1ec9 gi\u00fap b\u1ea1n d\u1ec5 d\u00e0ng di chuy\u1ec3n qua c\u00e1c s\u00e2n bay \u0111\u00f4ng \u0111\u00fac v\u00e0 s\u1ea3nh kh\u00e1ch s\u1ea1n, trong khi tay c\u1ea7m c\u00f3 th\u1ec3 thu g\u1ecdn \u0111\u1ea3m b\u1ea3o b\u1ea1n c\u00f3 th\u1ec3 tho\u1ea3i m\u00e1i mang theo b\u1ea5t c\u1ee9 n\u01a1i \u0111\u00e2u.<\/span><\/p>\n<p>N8947601<\/p>","protected":false},"excerpt":{"rendered":"<p>T\u00fai x\u00e1ch TaylorMade Performance Rolling Carry On l\u00e0 ph\u1ee5 ki\u1ec7n ho\u00e0n h\u1ea3o cho c\u1ea3 ng\u01b0\u1eddi ch\u01a1i golf v\u00e0 kh\u00e1ch du l\u1ecbch c\u00f4ng t\u00e1c. Chi\u1ebfc t\u00fai \u0111a n\u0103ng n\u00e0y \u0111\u01b0\u1ee3c thi\u1ebft k\u1ebf \u0111\u1ec3 d\u1ec5 d\u00e0ng di chuy\u1ec3n v\u1edbi b\u00e1nh xe l\u0103n b\u1ec1n b\u1ec9 v\u00e0 ng\u0103n ch\u1ee9a r\u1ed9ng r\u00e3i, \u0111\u1ea3m b\u1ea3o b\u1ea1n c\u00f3 th\u1ec3 d\u1ec5 d\u00e0ng mang [&hellip;]<\/p>","protected":false},"featured_media":15809,"comment_status":"open","ping_status":"closed","template":"","meta":{"_acf_changed":false,"site-sidebar-layout":"default","site-content-layout":"","ast-site-content-layout":"default","site-content-style":"default","site-sidebar-style":"default","ast-global-header-display":"","ast-banner-title-visibility":"","ast-main-header-display":"","ast-hfb-above-header-display":"","ast-hfb-below-header-display":"","ast-hfb-mobile-header-display":"","site-post-title":"","ast-breadcrumbs-content":"","ast-featured-img":"","footer-sml-layout":"","theme-transparent-header-meta":"default","adv-header-id-meta":"","stick-header-meta":"default","header-above-stick-meta":"","header-main-stick-meta":"","header-below-stick-meta":"","astra-migrate-meta-layouts":"set","ast-page-background-enabled":"default","ast-page-background-meta":{"desktop":{"background-color":"","background-image":"","background-repeat":"repeat","background-position":"center center","background-size":"auto","background-attachment":"scroll","background-type":"","background-media":"","overlay-type":"","overlay-color":"","overlay-opacity":"","overlay-gradient":""},"tablet":{"background-color":"","background-image":"","background-repeat":"repeat","background-position":"center center","background-size":"auto","background-attachment":"scroll","background-type":"","background-media":"","overlay-type":"","overlay-color":"","overlay-opacity":"","overlay-gradient":""},"mobile":{"background-color":"","background-image":"","background-repeat":"repeat","background-position":"center center","background-size":"auto","background-attachment":"scroll","background-type":"","background-media":"","overlay-type":"","overlay-color":"","overlay-opacity":"","overlay-gradient":""}},"ast-content-background-meta":{"desktop":{"background-color":"var(--ast-global-color-5)","background-image":"","background-repeat":"repeat","background-position":"center center","background-size":"auto","background-attachment":"scroll","background-type":"","background-media":"","overlay-type":"","overlay-color":"","overlay-opacity":"","overlay-gradient":""},"tablet":{"background-color":"var(--ast-global-color-5)","background-image":"","background-repeat":"repeat","background-position":"center center","background-size":"auto","background-attachment":"scroll","background-type":"","background-media":"","overlay-type":"","overlay-color":"","overlay-opacity":"","overlay-gradient":""},"mobile":{"background-color":"var(--ast-global-color-5)","background-image":"","background-repeat":"repeat","background-position":"center center","background-size":"auto","background-attachment":"scroll","background-type":"","background-media":"","overlay-type":"","overlay-color":"","overlay-opacity":"","overlay-gradient":""}}},"product_brand":[],"product_cat":[91,274,253,383],"product_tag":[],"class_list":{"0":"post-15807","1":"product","2":"type-product","3":"status-publish","4":"has-post-thumbnail","6":"product_cat-phu-kien","7":"product_cat-phu-kien-khac","8":"product_cat-tui-taylormade","9":"product_cat-tui-khac","10":"desktop-align-center","11":"tablet-align-center","12":"mobile-align-center","13":"ast-product-gallery-layout-first-image-large","14":"ast-product-single-variable","15":"ast-product-tabs-layout-distributed","17":"first","18":"instock","19":"shipping-taxable","20":"purchasable","21":"product-type-variable"},"acf":[],"_links":{"self":[{"href":"https:\/\/taylormade-golf.vn\/en\/wp-json\/wp\/v2\/product\/15807","targetHints":{"allow":["GET"]}}],"collection":[{"href":"https:\/\/taylormade-golf.vn\/en\/wp-json\/wp\/v2\/product"}],"about":[{"href":"https:\/\/taylormade-golf.vn\/en\/wp-json\/wp\/v2\/types\/product"}],"replies":[{"embeddable":true,"href":"https:\/\/taylormade-golf.vn\/en\/wp-json\/wp\/v2\/comments?post=15807"}],"wp:featuredmedia":[{"embeddable":true,"href":"https:\/\/taylormade-golf.vn\/en\/wp-json\/wp\/v2\/media\/15809"}],"wp:attachment":[{"href":"https:\/\/taylormade-golf.vn\/en\/wp-json\/wp\/v2\/media?parent=15807"}],"wp:term":[{"taxonomy":"product_brand","embeddable":true,"href":"https:\/\/taylormade-golf.vn\/en\/wp-json\/wp\/v2\/product_brand?post=15807"},{"taxonomy":"product_cat","embeddable":true,"href":"https:\/\/taylormade-golf.vn\/en\/wp-json\/wp\/v2\/product_cat?post=15807"},{"taxonomy":"product_tag","embeddable":true,"href":"https:\/\/taylormade-golf.vn\/en\/wp-json\/wp\/v2\/product_tag?post=15807"}],"curies":[{"name":"wp","href":"https:\/\/api.w.org\/{rel}","templated":true}]}}