{"id":15801,"date":"2025-02-26T16:30:53","date_gmt":"2025-02-26T09:30:53","guid":{"rendered":"https:\/\/taylormade-golf.vn\/?post_type=product&#038;p=15801"},"modified":"2025-02-26T16:30:54","modified_gmt":"2025-02-26T09:30:54","slug":"balo-taylormade-performance","status":"publish","type":"product","link":"https:\/\/taylormade-golf.vn\/en\/product\/balo-taylormade-performance\/","title":{"rendered":"Balo TaylorMade Performance"},"content":{"rendered":"<p><span>Balo TaylorMade Performance l\u00e0 m\u1ed9t thi\u1ebft k\u1ebf \u0111a n\u0103ng \u0111\u01b0\u1ee3c t\u1ea1o ra \u0111\u1ec3 \u0111\u00e1p \u1ee9ng m\u1ecdi nhu c\u1ea7u c\u1ee7a b\u1ea1n, cho d\u00f9 b\u1ea1n \u0111ang \u0111\u1ebfn ph\u00f2ng t\u1eadp th\u1ec3 d\u1ee5c, v\u0103n ph\u00f2ng hay s\u00e2n golf. \u0110\u01b0\u1ee3c ch\u1ebf t\u00e1c t\u1eeb v\u1eadt li\u1ec7u ch\u1ea5t l\u01b0\u1ee3ng cao, nhi\u1ec1u t\u00fai v\u00e0 ng\u0103n kh\u00e1c nhau cung c\u1ea5p kh\u00f4ng gian l\u01b0u tr\u1eef r\u1ed9ng r\u00e3i cho t\u1ea5t c\u1ea3 c\u00e1c v\u1eadt d\u1ee5ng c\u1ee7a b\u1ea1n, trong khi d\u00e2y \u0111eo vai c\u00f3 \u0111\u1ec7m \u0111\u1ea3m b\u1ea3o b\u1ea1n c\u00f3 th\u1ec3 tho\u1ea3i m\u00e1i mang theo b\u1ea5t c\u1ee9 n\u01a1i n\u00e0o b\u1ea1n \u0111\u1ebfn. Thi\u1ebft k\u1ebf m\u00e0u \u0111en b\u00f3ng b\u1ea9y v\u1edbi logo TaylorMade t\u1ea1o th\u00eam n\u00e9t phong c\u00e1ch<\/span><\/p>\n<ul>\n<li><span>Kh\u00f3a k\u00e9o<\/span><\/li>\n<li><span>D\u00e2y \u0111eo c\u00f3 \u0111\u1ec7m<\/span><\/li>\n<li><span>D\u00e0i 17\u201d x R\u1ed9ng 12\u201d x S\u00e2u 6\u201d<\/span><\/li>\n<li>N8947501<\/li>\n<\/ul>","protected":false},"excerpt":{"rendered":"<p>Balo TaylorMade Performance l\u00e0 m\u1ed9t thi\u1ebft k\u1ebf \u0111a n\u0103ng \u0111\u01b0\u1ee3c t\u1ea1o ra \u0111\u1ec3 \u0111\u00e1p \u1ee9ng m\u1ecdi nhu c\u1ea7u c\u1ee7a b\u1ea1n, cho d\u00f9 b\u1ea1n \u0111ang \u0111\u1ebfn ph\u00f2ng t\u1eadp th\u1ec3 d\u1ee5c, v\u0103n ph\u00f2ng hay s\u00e2n golf. \u0110\u01b0\u1ee3c ch\u1ebf t\u00e1c t\u1eeb v\u1eadt li\u1ec7u ch\u1ea5t l\u01b0\u1ee3ng cao, nhi\u1ec1u t\u00fai v\u00e0 ng\u0103n kh\u00e1c nhau cung c\u1ea5p kh\u00f4ng gian l\u01b0u tr\u1eef [&hellip;]<\/p>","protected":false},"featured_media":15803,"comment_status":"open","ping_status":"closed","template":"","meta":{"_acf_changed":false,"site-sidebar-layout":"default","site-content-layout":"","ast-site-content-layout":"default","site-content-style":"default","site-sidebar-style":"default","ast-global-header-display":"","ast-banner-title-visibility":"","ast-main-header-display":"","ast-hfb-above-header-display":"","ast-hfb-below-header-display":"","ast-hfb-mobile-header-display":"","site-post-title":"","ast-breadcrumbs-content":"","ast-featured-img":"","footer-sml-layout":"","theme-transparent-header-meta":"default","adv-header-id-meta":"","stick-header-meta":"default","header-above-stick-meta":"","header-main-stick-meta":"","header-below-stick-meta":"","astra-migrate-meta-layouts":"set","ast-page-background-enabled":"default","ast-page-background-meta":{"desktop":{"background-color":"","background-image":"","background-repeat":"repeat","background-position":"center center","background-size":"auto","background-attachment":"scroll","background-type":"","background-media":"","overlay-type":"","overlay-color":"","overlay-opacity":"","overlay-gradient":""},"tablet":{"background-color":"","background-image":"","background-repeat":"repeat","background-position":"center center","background-size":"auto","background-attachment":"scroll","background-type":"","background-media":"","overlay-type":"","overlay-color":"","overlay-opacity":"","overlay-gradient":""},"mobile":{"background-color":"","background-image":"","background-repeat":"repeat","background-position":"center center","background-size":"auto","background-attachment":"scroll","background-type":"","background-media":"","overlay-type":"","overlay-color":"","overlay-opacity":"","overlay-gradient":""}},"ast-content-background-meta":{"desktop":{"background-color":"var(--ast-global-color-5)","background-image":"","background-repeat":"repeat","background-position":"center center","background-size":"auto","background-attachment":"scroll","background-type":"","background-media":"","overlay-type":"","overlay-color":"","overlay-opacity":"","overlay-gradient":""},"tablet":{"background-color":"var(--ast-global-color-5)","background-image":"","background-repeat":"repeat","background-position":"center center","background-size":"auto","background-attachment":"scroll","background-type":"","background-media":"","overlay-type":"","overlay-color":"","overlay-opacity":"","overlay-gradient":""},"mobile":{"background-color":"var(--ast-global-color-5)","background-image":"","background-repeat":"repeat","background-position":"center center","background-size":"auto","background-attachment":"scroll","background-type":"","background-media":"","overlay-type":"","overlay-color":"","overlay-opacity":"","overlay-gradient":""}}},"product_brand":[],"product_cat":[91,274,253],"product_tag":[],"class_list":{"0":"post-15801","1":"product","2":"type-product","3":"status-publish","4":"has-post-thumbnail","6":"product_cat-phu-kien","7":"product_cat-phu-kien-khac","8":"product_cat-tui-taylormade","9":"desktop-align-center","10":"tablet-align-center","11":"mobile-align-center","12":"ast-product-gallery-layout-first-image-large","13":"ast-product-single-variable","14":"ast-product-tabs-layout-distributed","16":"first","17":"instock","18":"shipping-taxable","19":"purchasable","20":"product-type-variable"},"acf":[],"_links":{"self":[{"href":"https:\/\/taylormade-golf.vn\/en\/wp-json\/wp\/v2\/product\/15801","targetHints":{"allow":["GET"]}}],"collection":[{"href":"https:\/\/taylormade-golf.vn\/en\/wp-json\/wp\/v2\/product"}],"about":[{"href":"https:\/\/taylormade-golf.vn\/en\/wp-json\/wp\/v2\/types\/product"}],"replies":[{"embeddable":true,"href":"https:\/\/taylormade-golf.vn\/en\/wp-json\/wp\/v2\/comments?post=15801"}],"wp:featuredmedia":[{"embeddable":true,"href":"https:\/\/taylormade-golf.vn\/en\/wp-json\/wp\/v2\/media\/15803"}],"wp:attachment":[{"href":"https:\/\/taylormade-golf.vn\/en\/wp-json\/wp\/v2\/media?parent=15801"}],"wp:term":[{"taxonomy":"product_brand","embeddable":true,"href":"https:\/\/taylormade-golf.vn\/en\/wp-json\/wp\/v2\/product_brand?post=15801"},{"taxonomy":"product_cat","embeddable":true,"href":"https:\/\/taylormade-golf.vn\/en\/wp-json\/wp\/v2\/product_cat?post=15801"},{"taxonomy":"product_tag","embeddable":true,"href":"https:\/\/taylormade-golf.vn\/en\/wp-json\/wp\/v2\/product_tag?post=15801"}],"curies":[{"name":"wp","href":"https:\/\/api.w.org\/{rel}","templated":true}]}}