{"id":15793,"date":"2025-02-26T16:20:39","date_gmt":"2025-02-26T09:20:39","guid":{"rendered":"https:\/\/taylormade-golf.vn\/?post_type=product&#038;p=15793"},"modified":"2025-02-26T16:23:42","modified_gmt":"2025-02-26T09:23:42","slug":"du-che-nang-sunbrella-tm","status":"publish","type":"product","link":"https:\/\/taylormade-golf.vn\/en\/product\/du-che-nang-sunbrella-tm\/","title":{"rendered":"D\u00f9 che n\u1eafng Sunbrella TM"},"content":{"rendered":"<p>Gi\u1eef m\u00e1t trong b\u00f3ng r\u00e2m c\u1ee7a \u00d4 che n\u1eafng TaylorMade.<\/p>\n<ul>\n<li>M\u00e1i che ngo\u00e0i b\u1eb1ng v\u1ea3i pongee 180T v\u1edbi l\u1edbp ph\u1ee7 b\u1ea1c UPF 50+<\/li>\n<li>Ch\u1ed1ng th\u1ea5m n\u01b0\u1edbc<\/li>\n<li>Tay \u00e1o v\u1ea3i t\u1ef1 nhi\u00ean<\/li>\n<li>Khung s\u1ee3i th\u1ee7y tinh b\u1ec1n v\u00e0 tr\u1ee5c s\u1ee3i th\u1ee7y tinh m\u00e0u \u0111en m\u1edd<\/li>\n<li>cung 60\u201d<\/li>\n<li>G\u1eady \u0111\u00e1nh golf th\u1ee7 c\u00f4ng<\/li>\n<li>Tay c\u1ea7m TaylorMade t\u00f9y ch\u1ec9nh ti\u1ec7n d\u1ee5ng v\u1edbi tay c\u1ea7m TPR<\/li>\n<li>N3845901<\/li>\n<\/ul>","protected":false},"excerpt":{"rendered":"<p>Gi\u1eef m\u00e1t trong b\u00f3ng r\u00e2m c\u1ee7a \u00d4 che n\u1eafng TaylorMade. M\u00e1i che ngo\u00e0i b\u1eb1ng v\u1ea3i pongee 180T v\u1edbi l\u1edbp ph\u1ee7 b\u1ea1c UPF 50+ Ch\u1ed1ng th\u1ea5m n\u01b0\u1edbc Tay \u00e1o v\u1ea3i t\u1ef1 nhi\u00ean Khung s\u1ee3i th\u1ee7y tinh b\u1ec1n v\u00e0 tr\u1ee5c s\u1ee3i th\u1ee7y tinh m\u00e0u \u0111en m\u1edd cung 60\u201d G\u1eady \u0111\u00e1nh golf th\u1ee7 c\u00f4ng Tay c\u1ea7m TaylorMade t\u00f9y [&hellip;]<\/p>","protected":false},"featured_media":15795,"comment_status":"open","ping_status":"closed","template":"","meta":{"_acf_changed":false,"site-sidebar-layout":"default","site-content-layout":"","ast-site-content-layout":"default","site-content-style":"default","site-sidebar-style":"default","ast-global-header-display":"","ast-banner-title-visibility":"","ast-main-header-display":"","ast-hfb-above-header-display":"","ast-hfb-below-header-display":"","ast-hfb-mobile-header-display":"","site-post-title":"","ast-breadcrumbs-content":"","ast-featured-img":"","footer-sml-layout":"","theme-transparent-header-meta":"default","adv-header-id-meta":"","stick-header-meta":"default","header-above-stick-meta":"","header-main-stick-meta":"","header-below-stick-meta":"","astra-migrate-meta-layouts":"set","ast-page-background-enabled":"default","ast-page-background-meta":{"desktop":{"background-color":"","background-image":"","background-repeat":"repeat","background-position":"center center","background-size":"auto","background-attachment":"scroll","background-type":"","background-media":"","overlay-type":"","overlay-color":"","overlay-opacity":"","overlay-gradient":""},"tablet":{"background-color":"","background-image":"","background-repeat":"repeat","background-position":"center center","background-size":"auto","background-attachment":"scroll","background-type":"","background-media":"","overlay-type":"","overlay-color":"","overlay-opacity":"","overlay-gradient":""},"mobile":{"background-color":"","background-image":"","background-repeat":"repeat","background-position":"center center","background-size":"auto","background-attachment":"scroll","background-type":"","background-media":"","overlay-type":"","overlay-color":"","overlay-opacity":"","overlay-gradient":""}},"ast-content-background-meta":{"desktop":{"background-color":"var(--ast-global-color-5)","background-image":"","background-repeat":"repeat","background-position":"center center","background-size":"auto","background-attachment":"scroll","background-type":"","background-media":"","overlay-type":"","overlay-color":"","overlay-opacity":"","overlay-gradient":""},"tablet":{"background-color":"var(--ast-global-color-5)","background-image":"","background-repeat":"repeat","background-position":"center center","background-size":"auto","background-attachment":"scroll","background-type":"","background-media":"","overlay-type":"","overlay-color":"","overlay-opacity":"","overlay-gradient":""},"mobile":{"background-color":"var(--ast-global-color-5)","background-image":"","background-repeat":"repeat","background-position":"center center","background-size":"auto","background-attachment":"scroll","background-type":"","background-media":"","overlay-type":"","overlay-color":"","overlay-opacity":"","overlay-gradient":""}}},"product_brand":[],"product_cat":[91,274],"product_tag":[],"class_list":{"0":"post-15793","1":"product","2":"type-product","3":"status-publish","4":"has-post-thumbnail","6":"product_cat-phu-kien","7":"product_cat-phu-kien-khac","8":"desktop-align-center","9":"tablet-align-center","10":"mobile-align-center","11":"ast-product-gallery-layout-first-image-large","12":"ast-product-single-variable","13":"ast-product-tabs-layout-distributed","15":"first","16":"instock","17":"shipping-taxable","18":"purchasable","19":"product-type-variable"},"acf":[],"_links":{"self":[{"href":"https:\/\/taylormade-golf.vn\/en\/wp-json\/wp\/v2\/product\/15793","targetHints":{"allow":["GET"]}}],"collection":[{"href":"https:\/\/taylormade-golf.vn\/en\/wp-json\/wp\/v2\/product"}],"about":[{"href":"https:\/\/taylormade-golf.vn\/en\/wp-json\/wp\/v2\/types\/product"}],"replies":[{"embeddable":true,"href":"https:\/\/taylormade-golf.vn\/en\/wp-json\/wp\/v2\/comments?post=15793"}],"wp:featuredmedia":[{"embeddable":true,"href":"https:\/\/taylormade-golf.vn\/en\/wp-json\/wp\/v2\/media\/15795"}],"wp:attachment":[{"href":"https:\/\/taylormade-golf.vn\/en\/wp-json\/wp\/v2\/media?parent=15793"}],"wp:term":[{"taxonomy":"product_brand","embeddable":true,"href":"https:\/\/taylormade-golf.vn\/en\/wp-json\/wp\/v2\/product_brand?post=15793"},{"taxonomy":"product_cat","embeddable":true,"href":"https:\/\/taylormade-golf.vn\/en\/wp-json\/wp\/v2\/product_cat?post=15793"},{"taxonomy":"product_tag","embeddable":true,"href":"https:\/\/taylormade-golf.vn\/en\/wp-json\/wp\/v2\/product_tag?post=15793"}],"curies":[{"name":"wp","href":"https:\/\/api.w.org\/{rel}","templated":true}]}}