{"id":15787,"date":"2025-02-26T16:13:21","date_gmt":"2025-02-26T09:13:21","guid":{"rendered":"https:\/\/taylormade-golf.vn\/?post_type=product&#038;p=15787"},"modified":"2025-02-26T16:13:21","modified_gmt":"2025-02-26T09:13:21","slug":"du-tm-nho-gon-54","status":"publish","type":"product","link":"https:\/\/taylormade-golf.vn\/en\/product\/du-tm-nho-gon-54\/","title":{"rendered":"D\u00f9 TM nh\u1ecf g\u1ecdn 54"},"content":{"rendered":"<p><span>D\u00f9 m\u01b0a hay n\u1eafng, h\u00e3y b\u1ea3o v\u1ec7 b\u1ea3n th\u00e2n v\u00e0 \u0111\u1ed3 d\u00f9ng c\u1ee7a b\u1ea1n b\u1eb1ng \u00d4 d\u00f9 Tour Compact.<\/span><\/p>\n<ul>\n<li><span>T\u1ef1 \u0111\u1ed9ng m\u1edf v\u00e0 \u0111\u00f3ng<\/span><\/li>\n<li><span>cung 54\u201d<\/span><\/li>\n<li><span>100% v\u1ea3i polyester t\u00e1i ch\u1ebf c\u00f3 ngu\u1ed3n g\u1ed1c t\u1eeb chai nh\u1ef1a<\/span><\/li>\n<li><span>Khung th\u00e9p v\u1edbi C\u00f4ng ngh\u1ec7 Cable Enforced Technology\u2122 \u0111\u01b0\u1ee3c c\u1ea5p b\u1eb1ng s\u00e1ng ch\u1ebf<\/span><\/li>\n<li><span>M\u00e1i che th\u00f4ng gi\u00f3 \u0111\u1ec3 t\u0103ng s\u1ee9c c\u1ea3n gi\u00f3<\/span><\/li>\n<li><span>Tay c\u1ea7m b\u1eb1ng cao su TPR c\u00f3 r\u00e3nh<\/span><\/li>\n<li><span>UPF 15<br \/>\nN3845801<\/span><\/li>\n<\/ul>","protected":false},"excerpt":{"rendered":"<p>D\u00f9 m\u01b0a hay n\u1eafng, h\u00e3y b\u1ea3o v\u1ec7 b\u1ea3n th\u00e2n v\u00e0 \u0111\u1ed3 d\u00f9ng c\u1ee7a b\u1ea1n b\u1eb1ng \u00d4 d\u00f9 Tour Compact. T\u1ef1 \u0111\u1ed9ng m\u1edf v\u00e0 \u0111\u00f3ng cung 54\u201d 100% v\u1ea3i polyester t\u00e1i ch\u1ebf c\u00f3 ngu\u1ed3n g\u1ed1c t\u1eeb chai nh\u1ef1a Khung th\u00e9p v\u1edbi C\u00f4ng ngh\u1ec7 Cable Enforced Technology\u2122 \u0111\u01b0\u1ee3c c\u1ea5p b\u1eb1ng s\u00e1ng ch\u1ebf M\u00e1i che th\u00f4ng gi\u00f3 \u0111\u1ec3 [&hellip;]<\/p>","protected":false},"featured_media":15790,"comment_status":"open","ping_status":"closed","template":"","meta":{"_acf_changed":false,"site-sidebar-layout":"default","site-content-layout":"","ast-site-content-layout":"default","site-content-style":"default","site-sidebar-style":"default","ast-global-header-display":"","ast-banner-title-visibility":"","ast-main-header-display":"","ast-hfb-above-header-display":"","ast-hfb-below-header-display":"","ast-hfb-mobile-header-display":"","site-post-title":"","ast-breadcrumbs-content":"","ast-featured-img":"","footer-sml-layout":"","theme-transparent-header-meta":"default","adv-header-id-meta":"","stick-header-meta":"default","header-above-stick-meta":"","header-main-stick-meta":"","header-below-stick-meta":"","astra-migrate-meta-layouts":"set","ast-page-background-enabled":"default","ast-page-background-meta":{"desktop":{"background-color":"","background-image":"","background-repeat":"repeat","background-position":"center center","background-size":"auto","background-attachment":"scroll","background-type":"","background-media":"","overlay-type":"","overlay-color":"","overlay-opacity":"","overlay-gradient":""},"tablet":{"background-color":"","background-image":"","background-repeat":"repeat","background-position":"center center","background-size":"auto","background-attachment":"scroll","background-type":"","background-media":"","overlay-type":"","overlay-color":"","overlay-opacity":"","overlay-gradient":""},"mobile":{"background-color":"","background-image":"","background-repeat":"repeat","background-position":"center center","background-size":"auto","background-attachment":"scroll","background-type":"","background-media":"","overlay-type":"","overlay-color":"","overlay-opacity":"","overlay-gradient":""}},"ast-content-background-meta":{"desktop":{"background-color":"var(--ast-global-color-5)","background-image":"","background-repeat":"repeat","background-position":"center center","background-size":"auto","background-attachment":"scroll","background-type":"","background-media":"","overlay-type":"","overlay-color":"","overlay-opacity":"","overlay-gradient":""},"tablet":{"background-color":"var(--ast-global-color-5)","background-image":"","background-repeat":"repeat","background-position":"center center","background-size":"auto","background-attachment":"scroll","background-type":"","background-media":"","overlay-type":"","overlay-color":"","overlay-opacity":"","overlay-gradient":""},"mobile":{"background-color":"var(--ast-global-color-5)","background-image":"","background-repeat":"repeat","background-position":"center center","background-size":"auto","background-attachment":"scroll","background-type":"","background-media":"","overlay-type":"","overlay-color":"","overlay-opacity":"","overlay-gradient":""}}},"product_brand":[],"product_cat":[274,91],"product_tag":[],"class_list":{"0":"post-15787","1":"product","2":"type-product","3":"status-publish","4":"has-post-thumbnail","6":"product_cat-phu-kien-khac","7":"product_cat-phu-kien","8":"desktop-align-center","9":"tablet-align-center","10":"mobile-align-center","11":"ast-product-gallery-layout-first-image-large","12":"ast-product-single-variable","13":"ast-product-tabs-layout-distributed","15":"first","16":"instock","17":"shipping-taxable","18":"purchasable","19":"product-type-variable","20":"has-default-attributes"},"acf":[],"_links":{"self":[{"href":"https:\/\/taylormade-golf.vn\/en\/wp-json\/wp\/v2\/product\/15787","targetHints":{"allow":["GET"]}}],"collection":[{"href":"https:\/\/taylormade-golf.vn\/en\/wp-json\/wp\/v2\/product"}],"about":[{"href":"https:\/\/taylormade-golf.vn\/en\/wp-json\/wp\/v2\/types\/product"}],"replies":[{"embeddable":true,"href":"https:\/\/taylormade-golf.vn\/en\/wp-json\/wp\/v2\/comments?post=15787"}],"wp:featuredmedia":[{"embeddable":true,"href":"https:\/\/taylormade-golf.vn\/en\/wp-json\/wp\/v2\/media\/15790"}],"wp:attachment":[{"href":"https:\/\/taylormade-golf.vn\/en\/wp-json\/wp\/v2\/media?parent=15787"}],"wp:term":[{"taxonomy":"product_brand","embeddable":true,"href":"https:\/\/taylormade-golf.vn\/en\/wp-json\/wp\/v2\/product_brand?post=15787"},{"taxonomy":"product_cat","embeddable":true,"href":"https:\/\/taylormade-golf.vn\/en\/wp-json\/wp\/v2\/product_cat?post=15787"},{"taxonomy":"product_tag","embeddable":true,"href":"https:\/\/taylormade-golf.vn\/en\/wp-json\/wp\/v2\/product_tag?post=15787"}],"curies":[{"name":"wp","href":"https:\/\/api.w.org\/{rel}","templated":true}]}}