{"id":15755,"date":"2025-02-26T15:22:13","date_gmt":"2025-02-26T08:22:13","guid":{"rendered":"https:\/\/taylormade-golf.vn\/?post_type=product&#038;p=15755"},"modified":"2025-02-26T15:30:39","modified_gmt":"2025-02-26T08:30:39","slug":"bong-tp5x-stripe-phien-ban-nam-moi","status":"publish","type":"product","link":"https:\/\/taylormade-golf.vn\/en\/product\/bong-tp5x-stripe-phien-ban-nam-moi\/","title":{"rendered":"B\u00f3ng TP5x Stripe &#8211; Phi\u00ean b\u1ea3n n\u0103m m\u1edbi"},"content":{"rendered":"<p>TP5x Stripe phi\u00ean b\u1ea3n gi\u1edbi h\u1ea1n \u0111\u01b0\u1ee3c l\u1ea5y c\u1ea3m h\u1ee9ng t\u1eeb T\u1ebft Nguy\u00ean \u0111\u00e1n c\u1ee7a Trung Qu\u1ed1c, m\u1ed9t l\u1ec5 h\u1ed9i \u0111\u01b0\u1ee3c t\u1ed5 ch\u1ee9c v\u1edbi ph\u00e1o hoa.<\/p>\n<p>H\u00e3y ch\u00e0o \u0111\u00f3n n\u0103m m\u1edbi \u0111\u1ea7y m\u00e0u s\u1eafc v\u1edbi thi\u1ebft k\u1ebf \u0111\u1ed9c l\u1ea1 n\u00e0y.<\/p>\n<p>V9937601-TM25 TP5x Stripe Feb dz (B\u00f3ng)<\/p>","protected":false},"excerpt":{"rendered":"<p>TP5x Stripe phi\u00ean b\u1ea3n gi\u1edbi h\u1ea1n \u0111\u01b0\u1ee3c l\u1ea5y c\u1ea3m h\u1ee9ng t\u1eeb T\u1ebft Nguy\u00ean \u0111\u00e1n c\u1ee7a Trung Qu\u1ed1c, m\u1ed9t l\u1ec5 h\u1ed9i \u0111\u01b0\u1ee3c t\u1ed5 ch\u1ee9c v\u1edbi ph\u00e1o hoa. H\u00e3y ch\u00e0o \u0111\u00f3n n\u0103m m\u1edbi \u0111\u1ea7y m\u00e0u s\u1eafc v\u1edbi thi\u1ebft k\u1ebf \u0111\u1ed9c l\u1ea1 n\u00e0y. V9937601-TM25 TP5x Stripe Feb dz (B\u00f3ng)<\/p>","protected":false},"featured_media":15784,"comment_status":"open","ping_status":"closed","template":"","meta":{"_acf_changed":false,"site-sidebar-layout":"default","site-content-layout":"","ast-site-content-layout":"default","site-content-style":"default","site-sidebar-style":"default","ast-global-header-display":"","ast-banner-title-visibility":"","ast-main-header-display":"","ast-hfb-above-header-display":"","ast-hfb-below-header-display":"","ast-hfb-mobile-header-display":"","site-post-title":"","ast-breadcrumbs-content":"","ast-featured-img":"","footer-sml-layout":"","theme-transparent-header-meta":"default","adv-header-id-meta":"","stick-header-meta":"default","header-above-stick-meta":"","header-main-stick-meta":"","header-below-stick-meta":"","astra-migrate-meta-layouts":"set","ast-page-background-enabled":"default","ast-page-background-meta":{"desktop":{"background-color":"","background-image":"","background-repeat":"repeat","background-position":"center center","background-size":"auto","background-attachment":"scroll","background-type":"","background-media":"","overlay-type":"","overlay-color":"","overlay-opacity":"","overlay-gradient":""},"tablet":{"background-color":"","background-image":"","background-repeat":"repeat","background-position":"center center","background-size":"auto","background-attachment":"scroll","background-type":"","background-media":"","overlay-type":"","overlay-color":"","overlay-opacity":"","overlay-gradient":""},"mobile":{"background-color":"","background-image":"","background-repeat":"repeat","background-position":"center center","background-size":"auto","background-attachment":"scroll","background-type":"","background-media":"","overlay-type":"","overlay-color":"","overlay-opacity":"","overlay-gradient":""}},"ast-content-background-meta":{"desktop":{"background-color":"var(--ast-global-color-5)","background-image":"","background-repeat":"repeat","background-position":"center center","background-size":"auto","background-attachment":"scroll","background-type":"","background-media":"","overlay-type":"","overlay-color":"","overlay-opacity":"","overlay-gradient":""},"tablet":{"background-color":"var(--ast-global-color-5)","background-image":"","background-repeat":"repeat","background-position":"center center","background-size":"auto","background-attachment":"scroll","background-type":"","background-media":"","overlay-type":"","overlay-color":"","overlay-opacity":"","overlay-gradient":""},"mobile":{"background-color":"var(--ast-global-color-5)","background-image":"","background-repeat":"repeat","background-position":"center center","background-size":"auto","background-attachment":"scroll","background-type":"","background-media":"","overlay-type":"","overlay-color":"","overlay-opacity":"","overlay-gradient":""}}},"product_brand":[],"product_cat":[319,61],"product_tag":[],"class_list":{"0":"post-15755","1":"product","2":"type-product","3":"status-publish","4":"has-post-thumbnail","6":"product_cat-limited-edition-bong-gon","7":"product_cat-bong-gon","8":"desktop-align-center","9":"tablet-align-center","10":"mobile-align-center","11":"ast-product-gallery-layout-first-image-large","12":"ast-product-tabs-layout-distributed","14":"first","15":"instock","16":"shipping-taxable","17":"purchasable","18":"product-type-simple"},"acf":[],"_links":{"self":[{"href":"https:\/\/taylormade-golf.vn\/en\/wp-json\/wp\/v2\/product\/15755","targetHints":{"allow":["GET"]}}],"collection":[{"href":"https:\/\/taylormade-golf.vn\/en\/wp-json\/wp\/v2\/product"}],"about":[{"href":"https:\/\/taylormade-golf.vn\/en\/wp-json\/wp\/v2\/types\/product"}],"replies":[{"embeddable":true,"href":"https:\/\/taylormade-golf.vn\/en\/wp-json\/wp\/v2\/comments?post=15755"}],"wp:featuredmedia":[{"embeddable":true,"href":"https:\/\/taylormade-golf.vn\/en\/wp-json\/wp\/v2\/media\/15784"}],"wp:attachment":[{"href":"https:\/\/taylormade-golf.vn\/en\/wp-json\/wp\/v2\/media?parent=15755"}],"wp:term":[{"taxonomy":"product_brand","embeddable":true,"href":"https:\/\/taylormade-golf.vn\/en\/wp-json\/wp\/v2\/product_brand?post=15755"},{"taxonomy":"product_cat","embeddable":true,"href":"https:\/\/taylormade-golf.vn\/en\/wp-json\/wp\/v2\/product_cat?post=15755"},{"taxonomy":"product_tag","embeddable":true,"href":"https:\/\/taylormade-golf.vn\/en\/wp-json\/wp\/v2\/product_tag?post=15755"}],"curies":[{"name":"wp","href":"https:\/\/api.w.org\/{rel}","templated":true}]}}