{"id":15412,"date":"2024-12-11T11:12:41","date_gmt":"2024-12-11T04:12:41","guid":{"rendered":"https:\/\/taylormade-golf.vn\/?post_type=product&#038;p=15412"},"modified":"2024-12-11T11:12:41","modified_gmt":"2024-12-11T04:12:41","slug":"mu-nua-dau-nam","status":"publish","type":"product","link":"https:\/\/taylormade-golf.vn\/en\/product\/mu-nua-dau-nam\/","title":{"rendered":"M\u0169 n\u1eeda \u0111\u1ea7u nam"},"content":{"rendered":"<p>&nbsp;<\/p>\n<div class=\"flex-shrink-0 flex flex-col relative items-end\">\n<div>\n<div class=\"pt-0\">\n<div class=\"gizmo-bot-avatar flex h-8 w-8 items-center justify-center overflow-hidden rounded-full\">\n<div class=\"relative p-1 rounded-sm flex items-center justify-center bg-token-main-surface-primary text-token-text-primary h-8 w-8\"><\/div>\n<\/div>\n<\/div>\n<\/div>\n<\/div>\n<div class=\"group\/conversation-turn relative flex w-full min-w-0 flex-col agent-turn\">\n<div class=\"flex-col gap-1 md:gap-3\">\n<div class=\"flex max-w-full flex-col flex-grow\">\n<div class=\"min-h-8 text-message flex w-full flex-col items-end gap-2 whitespace-normal break-words text-start [.text-message+&amp;]:mt-5\" dir=\"auto\" data-message-author-role=\"assistant\" data-message-id=\"760cf82f-ab5e-4a3f-b424-66f0e20e87c9\" data-message-model-slug=\"gpt-4o-mini\">\n<div class=\"flex w-full flex-col gap-1 empty:hidden first:pt-[3px]\">\n<div class=\"markdown prose w-full break-words dark:prose-invert light\">\n<ul>\n<li><strong>Xu\u1ea5t x\u1ee9<\/strong>: Trung Qu\u1ed1c<\/li>\n<li><strong>K\u00edch th\u01b0\u1edbc<\/strong>: Free (57cm-59cm)<\/li>\n<li><strong>Material<\/strong>: 100% cotton<\/li>\n<\/ul>\n<h3><strong>M\u00f4 t\u1ea3 s\u1ea3n ph\u1ea9m<\/strong>:<\/h3>\n<p>M\u0169 tour visor c\u01a1 b\u1ea3n \u0111\u01b0\u1ee3c thi\u1ebft k\u1ebf l\u1ea1i v\u1edbi ch\u1ea5t li\u1ec7u theo phong c\u00e1ch . Hai b\u00ean m\u0169 c\u00f3 logo s\u1ea3n ph\u1ea9m, t\u1ea1o s\u1ef1 thu h\u00fat t\u1eeb m\u1ecdi g\u00f3c nh\u00ecn. Ph\u1ea7n b\u00ean trong m\u0169 s\u1eed d\u1ee5ng ch\u1ea5t li\u1ec7u h\u00fat \u1ea9m v\u00e0 nhanh kh\u00f4.<br \/>\n\u203b H\u00ecnh \u1ea3nh ch\u1ec9 mang t\u00ednh ch\u1ea5t minh h\u1ecda. M\u00e0u s\u1eafc th\u1ef1c t\u1ebf c\u1ee7a s\u1ea3n ph\u1ea9m c\u00f3 th\u1ec3 kh\u00e1c so v\u1edbi h\u00ecnh \u1ea3nh do c\u00e0i \u0111\u1eb7t m\u00e0n h\u00ecnh ho\u1eb7c \u00e1nh s\u00e1ng trong ph\u00f2ng.<\/p>\n<h3><strong>T\u00ednh n\u0103ng \u0111\u1eb7c bi\u1ec7t<\/strong>:<\/h3>\n<p>Ch\u1ea5t li\u1ec7u b\u00ean trong m\u0169 c\u00f3 kh\u1ea3 n\u0103ng h\u00fat \u1ea9m v\u00e0 nhanh kh\u00f4.<\/p>\n<\/div>\n<\/div>\n<\/div>\n<\/div>\n<\/div>\n<\/div>","protected":false},"excerpt":{"rendered":"<p>U2652801-2MFHW-UN281 BE<\/p>\n<p>U2652901-2MFHW-UN281 BK<\/p>\n<p>U2653001-2MFHW-UN281 NV<\/p>\n<p>U2653101-2MFHW-UN281 WH<\/p>","protected":false},"featured_media":15413,"comment_status":"open","ping_status":"closed","template":"","meta":{"_acf_changed":false,"site-sidebar-layout":"default","site-content-layout":"","ast-site-content-layout":"default","site-content-style":"default","site-sidebar-style":"default","ast-global-header-display":"","ast-banner-title-visibility":"","ast-main-header-display":"","ast-hfb-above-header-display":"","ast-hfb-below-header-display":"","ast-hfb-mobile-header-display":"","site-post-title":"","ast-breadcrumbs-content":"","ast-featured-img":"","footer-sml-layout":"","theme-transparent-header-meta":"default","adv-header-id-meta":"","stick-header-meta":"default","header-above-stick-meta":"","header-main-stick-meta":"","header-below-stick-meta":"","astra-migrate-meta-layouts":"set","ast-page-background-enabled":"default","ast-page-background-meta":{"desktop":{"background-color":"","background-image":"","background-repeat":"repeat","background-position":"center center","background-size":"auto","background-attachment":"scroll","background-type":"","background-media":"","overlay-type":"","overlay-color":"","overlay-opacity":"","overlay-gradient":""},"tablet":{"background-color":"","background-image":"","background-repeat":"repeat","background-position":"center center","background-size":"auto","background-attachment":"scroll","background-type":"","background-media":"","overlay-type":"","overlay-color":"","overlay-opacity":"","overlay-gradient":""},"mobile":{"background-color":"","background-image":"","background-repeat":"repeat","background-position":"center center","background-size":"auto","background-attachment":"scroll","background-type":"","background-media":"","overlay-type":"","overlay-color":"","overlay-opacity":"","overlay-gradient":""}},"ast-content-background-meta":{"desktop":{"background-color":"var(--ast-global-color-5)","background-image":"","background-repeat":"repeat","background-position":"center center","background-size":"auto","background-attachment":"scroll","background-type":"","background-media":"","overlay-type":"","overlay-color":"","overlay-opacity":"","overlay-gradient":""},"tablet":{"background-color":"var(--ast-global-color-5)","background-image":"","background-repeat":"repeat","background-position":"center center","background-size":"auto","background-attachment":"scroll","background-type":"","background-media":"","overlay-type":"","overlay-color":"","overlay-opacity":"","overlay-gradient":""},"mobile":{"background-color":"var(--ast-global-color-5)","background-image":"","background-repeat":"repeat","background-position":"center center","background-size":"auto","background-attachment":"scroll","background-type":"","background-media":"","overlay-type":"","overlay-color":"","overlay-opacity":"","overlay-gradient":""}}},"product_brand":[],"product_cat":[262,94,91],"product_tag":[],"class_list":{"0":"post-15412","1":"product","2":"type-product","3":"status-publish","4":"has-post-thumbnail","6":"product_cat-nam","7":"product_cat-mu","8":"product_cat-phu-kien","9":"desktop-align-center","10":"tablet-align-center","11":"mobile-align-center","12":"ast-product-gallery-layout-first-image-large","13":"ast-product-single-variable","14":"ast-product-tabs-layout-distributed","16":"first","17":"instock","18":"shipping-taxable","19":"purchasable","20":"product-type-variable"},"acf":[],"_links":{"self":[{"href":"https:\/\/taylormade-golf.vn\/en\/wp-json\/wp\/v2\/product\/15412","targetHints":{"allow":["GET"]}}],"collection":[{"href":"https:\/\/taylormade-golf.vn\/en\/wp-json\/wp\/v2\/product"}],"about":[{"href":"https:\/\/taylormade-golf.vn\/en\/wp-json\/wp\/v2\/types\/product"}],"replies":[{"embeddable":true,"href":"https:\/\/taylormade-golf.vn\/en\/wp-json\/wp\/v2\/comments?post=15412"}],"wp:featuredmedia":[{"embeddable":true,"href":"https:\/\/taylormade-golf.vn\/en\/wp-json\/wp\/v2\/media\/15413"}],"wp:attachment":[{"href":"https:\/\/taylormade-golf.vn\/en\/wp-json\/wp\/v2\/media?parent=15412"}],"wp:term":[{"taxonomy":"product_brand","embeddable":true,"href":"https:\/\/taylormade-golf.vn\/en\/wp-json\/wp\/v2\/product_brand?post=15412"},{"taxonomy":"product_cat","embeddable":true,"href":"https:\/\/taylormade-golf.vn\/en\/wp-json\/wp\/v2\/product_cat?post=15412"},{"taxonomy":"product_tag","embeddable":true,"href":"https:\/\/taylormade-golf.vn\/en\/wp-json\/wp\/v2\/product_tag?post=15412"}],"curies":[{"name":"wp","href":"https:\/\/api.w.org\/{rel}","templated":true}]}}