{"id":15304,"date":"2024-12-06T10:38:39","date_gmt":"2024-12-06T03:38:39","guid":{"rendered":"https:\/\/taylormade-golf.vn\/?post_type=product&#038;p=15304"},"modified":"2024-12-06T10:57:30","modified_gmt":"2024-12-06T03:57:30","slug":"bo-gay-taylormade-jr","status":"publish","type":"product","link":"https:\/\/taylormade-golf.vn\/en\/product\/bo-gay-taylormade-jr\/","title":{"rendered":"B\u1ed9 g\u1eady TaylorMade JR."},"content":{"rendered":"<p>B\u1ed9 g\u1eady golf d\u00e0nh cho tr\u1ebb em v\u1eeba ra m\u1eaft n\u00e0y \u0111\u01b0\u1ee3c thi\u1ebft k\u1ebf \u0111\u1ec3 n\u00e2ng t\u1ea7m hi\u1ec7u su\u1ea5t c\u1ee7a c\u00e1c golfer nh\u00ed, tr\u1edf th\u00e0nh m\u1ed9t s\u1ea3n ph\u1ea9m trong m\u01a1. \u0110\u00e2y kh\u00f4ng ch\u1ec9 \u0111\u01a1n thu\u1ea7n l\u00e0 b\u1ed9 g\u1eady d\u00e0nh cho th\u1ecb tr\u01b0\u1eddng tr\u1ebb em, m\u00e0 c\u00f2n mang \u0111\u1ebfn ch\u1ea5t l\u01b0\u1ee3ng cao c\u1ea5p v\u00e0 hi\u1ec7u su\u1ea5t v\u01b0\u1ee3t tr\u1ed9i, ph\u00e1 v\u1ee1 nh\u1eefng chu\u1ea9n m\u1ef1c tr\u01b0\u1edbc \u0111\u00e2y v\u1ec1 g\u1eady golf cho tr\u1ebb.<\/p>\n<p>Tr\u01b0\u1edbc ti\u00ean, \u0111i\u1ec3m nh\u1ea5n n\u1ed5i b\u1eadt l\u00e0 c\u00e2y driver. V\u1edbi g\u00f3c loft 17 \u0111\u1ed9 v\u00e0 th\u1ec3 t\u00edch \u0111\u1ea7u g\u1eady 400 cm\u00b3 \u0111\u01b0\u1ee3c ch\u1ebf t\u1ea1o t\u1eeb titan, chi\u1ebfc driver n\u00e0y kh\u00f4ng ch\u1ec9 nh\u1eb9 v\u00e0 b\u1ec1n m\u00e0 c\u00f2n \u0111\u01b0\u1ee3c thi\u1ebft k\u1ebf \u0111\u1ec3 gi\u00fap c\u00e1c golfer nh\u00ed d\u1ec5 d\u00e0ng t\u1ea1o ra nh\u1eefng c\u00fa \u0111\u00e1nh cao v\u00e0 xa. Thi\u1ebft k\u1ebf \u0111\u1eb7c bi\u1ec7t n\u00e0y kh\u00f4ng ch\u1ec9 t\u1ed1i \u01b0u h\u00f3a kho\u1ea3ng c\u00e1ch \u0111\u00e1nh b\u00f3ng m\u00e0 c\u00f2n m\u1edf r\u1ed9ng \u0111i\u1ec3m ng\u1ecdt, t\u0103ng \u0111\u1ed9 ch\u00ednh x\u00e1c cho c\u00e1c c\u00fa \u0111\u00e1nh.<\/p>\n<p>B\u00ean c\u1ea1nh \u0111\u00f3, g\u1eady fairway wood v\u00e0 g\u1eady rescue c\u0169ng l\u00e0 nh\u1eefng \u0111i\u1ec3m s\u00e1ng. V\u1edbi thi\u1ebft k\u1ebf tr\u1ecdng t\u00e2m th\u1ea5p, hai c\u00e2y g\u1eady n\u00e0y gi\u00fap tr\u1ebb d\u1ec5 d\u00e0ng n\u00e2ng b\u00f3ng t\u1eeb m\u1eb7t \u0111\u1ea5t, m\u1ed9t th\u1eed th\u00e1ch th\u01b0\u1eddng g\u1eb7p v\u1edbi c\u00e1c golfer tr\u1ebb. S\u1ef1 \u1ed5n \u0111\u1ecbnh khi \u0111\u00e1nh b\u00f3ng t\u1eeb fairway k\u1ebft h\u1ee3p v\u1edbi t\u00ednh \u0111a d\u1ee5ng c\u1ee7a g\u1eady rescue mang l\u1ea1i s\u1ef1 t\u1ef1 tin cho c\u00e1c golfer nh\u00ed trong m\u1ecdi t\u00ecnh hu\u1ed1ng tr\u00ean s\u00e2n.<\/p>\n<p>\u0110i\u1ec3m \u0111\u1eb7c bi\u1ec7t c\u1ee7a b\u1ed9 g\u1eady n\u00e0y l\u00e0 kh\u00f4ng ch\u1ec9 t\u1eadp trung v\u00e0o hi\u1ec7u su\u1ea5t, m\u00e0 c\u00f2n ch\u00fa tr\u1ecdng \u0111\u1ebfn s\u1ef1 tho\u1ea3i m\u00e1i v\u00e0 d\u1ec5 s\u1eed d\u1ee5ng, nh\u1eb1m h\u1ed7 tr\u1ee3 s\u1ef1 ph\u00e1t tri\u1ec3n c\u1ee7a c\u00e1c golfer tr\u1ebb. V\u1edbi ch\u1ea5t l\u01b0\u1ee3ng cao c\u1ea5p v\u00e0 kh\u1ea3 n\u0103ng ph\u00f9 h\u1ee3p cho c\u1ea3 ng\u01b0\u1eddi m\u1edbi b\u1eaft \u0111\u1ea7u l\u1eabn nh\u1eefng golfer nh\u00ed c\u00f3 kinh nghi\u1ec7m, b\u1ed9 g\u1eady n\u00e0y l\u00e0 m\u1ed9t l\u1ef1a ch\u1ecdn tuy\u1ec7t v\u1eddi \u0111\u1ec3 c\u1ea3 gia \u0111\u00ecnh c\u00f9ng nhau t\u1eadn h\u01b0\u1edfng m\u00f4n golf.<\/p>\n<p>H\u00e3y \u0111\u1ec3 b\u1ed9 g\u1eady n\u00e0y gi\u00fap c\u00e1c golfer nh\u00ed ph\u00e1t huy t\u1ed1i \u0111a ti\u1ec1m n\u0103ng c\u1ee7a m\u00ecnh!\u200b<\/p>\n<table width=\"697\">\n<tbody>\n<tr>\n<td colspan=\"5\" width=\"697\"><strong>SIZE 1 (4 c\u00e2y + 1 t\u00fai g\u1eady) \u0110\u1ed9 tu\u1ed5i khuy\u1ebfn ngh\u1ecb: 4-6 tu\u1ed5i \/ Chi\u1ec1u cao khuy\u1ebfn ngh\u1ecb: 105cm-120cm<\/strong><\/td>\n<\/tr>\n<tr>\n<td width=\"149\"><\/td>\n<td width=\"137\">FAIRWAY<\/td>\n<td width=\"137\">7<\/td>\n<td width=\"137\">Wedges<\/td>\n<td width=\"137\">Putters<\/td>\n<\/tr>\n<tr>\n<td width=\"149\">Chi\u1ec1u d\u00e0i (inches)<\/td>\n<td width=\"137\">28&#8243;<\/td>\n<td width=\"137\">25&#8243;<\/td>\n<td width=\"137\">23.5&#8243;<\/td>\n<td width=\"137\">24&#8243;<\/td>\n<\/tr>\n<tr>\n<td width=\"149\">Loft<\/td>\n<td width=\"137\">21\u00b0<\/td>\n<td width=\"137\">36\u00b0<\/td>\n<td width=\"137\">54\u00b0<\/td>\n<td width=\"137\">3.5\u00b0<\/td>\n<\/tr>\n<\/tbody>\n<\/table>\n<p>&nbsp;<\/p>\n<table width=\"834\">\n<tbody>\n<tr>\n<td colspan=\"6\" width=\"834\"><strong>SIZE 2\u00a0(5 c\u00e2y + 1 t\u00fai g\u1eady) \u0110\u1ed9 tu\u1ed5i khuy\u1ebfn ngh\u1ecb: 7-9 tu\u1ed5i \/ Chi\u1ec1u cao khuy\u1ebfn ngh\u1ecb: 120cm-135cm<\/strong><\/td>\n<\/tr>\n<tr>\n<td width=\"149\"><\/td>\n<td width=\"137\">DRIVERS<\/td>\n<td width=\"137\">RESCUE<\/td>\n<td width=\"137\">7<\/td>\n<td width=\"137\">Wedges<\/td>\n<td width=\"137\">Putters<\/td>\n<\/tr>\n<tr>\n<td width=\"149\">Chi\u1ec1u d\u00e0i (inches)<\/td>\n<td width=\"137\">34&#8243;<\/td>\n<td width=\"137\">30&#8243;<\/td>\n<td width=\"137\">28.5&#8243;<\/td>\n<td width=\"137\">27&#8243;<\/td>\n<td width=\"137\">27&#8243;<\/td>\n<\/tr>\n<tr>\n<td width=\"149\">Loft<\/td>\n<td width=\"137\">17\u00b0<\/td>\n<td width=\"137\">27\u00b0<\/td>\n<td width=\"137\">36\u00b0<\/td>\n<td width=\"137\">54\u00b0<\/td>\n<td width=\"137\">3.5\u00b0<\/td>\n<\/tr>\n<\/tbody>\n<\/table>\n<p>&nbsp;<\/p>\n<table width=\"1108\">\n<tbody>\n<tr>\n<td colspan=\"8\" width=\"1108\"><strong>SIZE 3\u00a0(7 c\u00e2y + 1 t\u00fai g\u1eady) \u0110\u1ed9 tu\u1ed5i khuy\u1ebfn ngh\u1ecb: 10-12 years old\/Chi\u1ec1u cao khuy\u1ebfn ngh\u1ecb: 135cm-150cm<\/strong><\/td>\n<\/tr>\n<tr>\n<td width=\"149\"><\/td>\n<td width=\"137\">DRIVERS<\/td>\n<td width=\"137\">FAIRWAY<\/td>\n<td width=\"137\">RESCUE<\/td>\n<td width=\"137\">7<\/td>\n<td width=\"137\">9<\/td>\n<td width=\"137\">Wedges<\/td>\n<td width=\"137\">Putters<\/td>\n<\/tr>\n<tr>\n<td width=\"149\">Chi\u1ec1u d\u00e0i (inches)<\/td>\n<td width=\"137\">39&#8243;<\/td>\n<td width=\"137\">36&#8243;<\/td>\n<td width=\"137\">34&#8243;<\/td>\n<td width=\"137\">32.5&#8243;<\/td>\n<td width=\"137\">31.5&#8243;<\/td>\n<td width=\"137\">30.5&#8243;<\/td>\n<td width=\"137\">30&#8243;<\/td>\n<\/tr>\n<tr>\n<td width=\"149\">Loft<\/td>\n<td width=\"137\">17\u00b0<\/td>\n<td width=\"137\">21\u00b0<\/td>\n<td width=\"137\">27\u00b0<\/td>\n<td width=\"137\">36\u00b0<\/td>\n<td width=\"137\">45\u00b0<\/td>\n<td width=\"137\">54\u00b0<\/td>\n<td width=\"137\">3.5\u00b0<\/td>\n<\/tr>\n<\/tbody>\n<\/table>","protected":false},"excerpt":{"rendered":"<p>V9859602-PKG-Team TMJr S1 Rh U (B\u1ed9 g\u1eady)<br \/>\nV9859802-PKG-Team TMJr S2 Rh U (B\u1ed9 g\u1eady)<br \/>\nV9860002-PKG-Team TMJr S3 Rh U (B\u1ed9 g\u1eady)<\/p>","protected":false},"featured_media":15316,"comment_status":"open","ping_status":"closed","template":"","meta":{"_acf_changed":false,"site-sidebar-layout":"default","site-content-layout":"","ast-site-content-layout":"default","site-content-style":"default","site-sidebar-style":"default","ast-global-header-display":"","ast-banner-title-visibility":"","ast-main-header-display":"","ast-hfb-above-header-display":"","ast-hfb-below-header-display":"","ast-hfb-mobile-header-display":"","site-post-title":"","ast-breadcrumbs-content":"","ast-featured-img":"","footer-sml-layout":"","theme-transparent-header-meta":"default","adv-header-id-meta":"","stick-header-meta":"default","header-above-stick-meta":"","header-main-stick-meta":"","header-below-stick-meta":"","astra-migrate-meta-layouts":"set","ast-page-background-enabled":"default","ast-page-background-meta":{"desktop":{"background-color":"","background-image":"","background-repeat":"repeat","background-position":"center center","background-size":"auto","background-attachment":"scroll","background-type":"","background-media":"","overlay-type":"","overlay-color":"","overlay-opacity":"","overlay-gradient":""},"tablet":{"background-color":"","background-image":"","background-repeat":"repeat","background-position":"center center","background-size":"auto","background-attachment":"scroll","background-type":"","background-media":"","overlay-type":"","overlay-color":"","overlay-opacity":"","overlay-gradient":""},"mobile":{"background-color":"","background-image":"","background-repeat":"repeat","background-position":"center center","background-size":"auto","background-attachment":"scroll","background-type":"","background-media":"","overlay-type":"","overlay-color":"","overlay-opacity":"","overlay-gradient":""}},"ast-content-background-meta":{"desktop":{"background-color":"var(--ast-global-color-5)","background-image":"","background-repeat":"repeat","background-position":"center center","background-size":"auto","background-attachment":"scroll","background-type":"","background-media":"","overlay-type":"","overlay-color":"","overlay-opacity":"","overlay-gradient":""},"tablet":{"background-color":"var(--ast-global-color-5)","background-image":"","background-repeat":"repeat","background-position":"center center","background-size":"auto","background-attachment":"scroll","background-type":"","background-media":"","overlay-type":"","overlay-color":"","overlay-opacity":"","overlay-gradient":""},"mobile":{"background-color":"var(--ast-global-color-5)","background-image":"","background-repeat":"repeat","background-position":"center center","background-size":"auto","background-attachment":"scroll","background-type":"","background-media":"","overlay-type":"","overlay-color":"","overlay-opacity":"","overlay-gradient":""}}},"product_brand":[],"product_cat":[71,78],"product_tag":[],"class_list":{"0":"post-15304","1":"product","2":"type-product","3":"status-publish","4":"has-post-thumbnail","6":"product_cat-gay-gon","7":"product_cat-bo-gay-danh-gon","8":"desktop-align-center","9":"tablet-align-center","10":"mobile-align-center","11":"ast-product-gallery-layout-first-image-large","12":"ast-product-single-variable","13":"ast-product-tabs-layout-distributed","15":"first","16":"instock","17":"shipping-taxable","18":"purchasable","19":"product-type-variable"},"acf":[],"_links":{"self":[{"href":"https:\/\/taylormade-golf.vn\/en\/wp-json\/wp\/v2\/product\/15304","targetHints":{"allow":["GET"]}}],"collection":[{"href":"https:\/\/taylormade-golf.vn\/en\/wp-json\/wp\/v2\/product"}],"about":[{"href":"https:\/\/taylormade-golf.vn\/en\/wp-json\/wp\/v2\/types\/product"}],"replies":[{"embeddable":true,"href":"https:\/\/taylormade-golf.vn\/en\/wp-json\/wp\/v2\/comments?post=15304"}],"wp:featuredmedia":[{"embeddable":true,"href":"https:\/\/taylormade-golf.vn\/en\/wp-json\/wp\/v2\/media\/15316"}],"wp:attachment":[{"href":"https:\/\/taylormade-golf.vn\/en\/wp-json\/wp\/v2\/media?parent=15304"}],"wp:term":[{"taxonomy":"product_brand","embeddable":true,"href":"https:\/\/taylormade-golf.vn\/en\/wp-json\/wp\/v2\/product_brand?post=15304"},{"taxonomy":"product_cat","embeddable":true,"href":"https:\/\/taylormade-golf.vn\/en\/wp-json\/wp\/v2\/product_cat?post=15304"},{"taxonomy":"product_tag","embeddable":true,"href":"https:\/\/taylormade-golf.vn\/en\/wp-json\/wp\/v2\/product_tag?post=15304"}],"curies":[{"name":"wp","href":"https:\/\/api.w.org\/{rel}","templated":true}]}}