{"id":14441,"date":"2024-06-26T14:59:48","date_gmt":"2024-06-26T07:59:48","guid":{"rendered":"https:\/\/taylormade-golf.vn\/?post_type=product&#038;p=14441"},"modified":"2024-06-26T14:59:49","modified_gmt":"2024-06-26T07:59:49","slug":"du-2-lop-64in","status":"publish","type":"product","link":"https:\/\/taylormade-golf.vn\/en\/product\/du-2-lop-64in\/","title":{"rendered":"Double Canopy Umbrella 64IN"},"content":{"rendered":"<p>The preferred umbrella of TaylorMade Tour Player\u2019s, the Double Canopy Umbrella is the ultimate accessory to handle diverse weather conditions. Effective and easy to use, the Double Canopy Umbrella also includes WindPro\u00ae technology, enabling the umbrella to withstand heavy winds.<\/p>\n<p>Additional Features:<br \/>\nLightweight fiberglass shaft<br \/>\nErgonomic sport-grip, rubber-coated handle<br \/>\nAuto-open feature<\/p>","protected":false},"excerpt":{"rendered":"<p>L\u00e0 lo\u1ea1i d\u00f9 \u01b0a th\u00edch c\u1ee7a TaylorMade Tour Player, Double Canopy Umbrella l\u00e0 ph\u1ee5 ki\u1ec7n t\u1ed1i \u01b0u \u0111\u1ec3 x\u1eed l\u00fd c\u00e1c \u0111i\u1ec1u ki\u1ec7n th\u1eddi ti\u1ebft \u0111a d\u1ea1ng. Hi\u1ec7u qu\u1ea3 v\u00e0 d\u1ec5 s\u1eed d\u1ee5ng, d\u00f9 hai l\u1edbp c\u0169ng bao g\u1ed3m c\u00f4ng ngh\u1ec7 WindPro\u00ae, cho ph\u00e9p \u00f4 ch\u1ecbu \u0111\u01b0\u1ee3c gi\u00f3 l\u1edbn. T\u00ednh n\u0103ng b\u1ed5 sung: C\u00e1n l\u00e0m [&hellip;]<\/p>","protected":false},"featured_media":14447,"comment_status":"open","ping_status":"closed","template":"","meta":{"_acf_changed":false,"site-sidebar-layout":"default","site-content-layout":"","ast-site-content-layout":"default","site-content-style":"default","site-sidebar-style":"default","ast-global-header-display":"","ast-banner-title-visibility":"","ast-main-header-display":"","ast-hfb-above-header-display":"","ast-hfb-below-header-display":"","ast-hfb-mobile-header-display":"","site-post-title":"","ast-breadcrumbs-content":"","ast-featured-img":"","footer-sml-layout":"","theme-transparent-header-meta":"default","adv-header-id-meta":"","stick-header-meta":"default","header-above-stick-meta":"","header-main-stick-meta":"","header-below-stick-meta":"","astra-migrate-meta-layouts":"set","ast-page-background-enabled":"default","ast-page-background-meta":{"desktop":{"background-color":"","background-image":"","background-repeat":"repeat","background-position":"center center","background-size":"auto","background-attachment":"scroll","background-type":"","background-media":"","overlay-type":"","overlay-color":"","overlay-opacity":"","overlay-gradient":""},"tablet":{"background-color":"","background-image":"","background-repeat":"repeat","background-position":"center center","background-size":"auto","background-attachment":"scroll","background-type":"","background-media":"","overlay-type":"","overlay-color":"","overlay-opacity":"","overlay-gradient":""},"mobile":{"background-color":"","background-image":"","background-repeat":"repeat","background-position":"center center","background-size":"auto","background-attachment":"scroll","background-type":"","background-media":"","overlay-type":"","overlay-color":"","overlay-opacity":"","overlay-gradient":""}},"ast-content-background-meta":{"desktop":{"background-color":"var(--ast-global-color-5)","background-image":"","background-repeat":"repeat","background-position":"center center","background-size":"auto","background-attachment":"scroll","background-type":"","background-media":"","overlay-type":"","overlay-color":"","overlay-opacity":"","overlay-gradient":""},"tablet":{"background-color":"var(--ast-global-color-5)","background-image":"","background-repeat":"repeat","background-position":"center center","background-size":"auto","background-attachment":"scroll","background-type":"","background-media":"","overlay-type":"","overlay-color":"","overlay-opacity":"","overlay-gradient":""},"mobile":{"background-color":"var(--ast-global-color-5)","background-image":"","background-repeat":"repeat","background-position":"center center","background-size":"auto","background-attachment":"scroll","background-type":"","background-media":"","overlay-type":"","overlay-color":"","overlay-opacity":"","overlay-gradient":""}}},"product_brand":[],"product_cat":[262,263,274],"product_tag":[],"class_list":{"0":"post-14441","1":"product","2":"type-product","3":"status-publish","4":"has-post-thumbnail","6":"product_cat-nam","7":"product_cat-nu","8":"product_cat-phu-kien-khac","9":"desktop-align-center","10":"tablet-align-center","11":"mobile-align-center","12":"ast-product-gallery-layout-first-image-large","13":"ast-product-single-variable","14":"ast-product-tabs-layout-distributed","16":"first","17":"instock","18":"shipping-taxable","19":"purchasable","20":"product-type-variable","21":"has-default-attributes"},"acf":[],"_links":{"self":[{"href":"https:\/\/taylormade-golf.vn\/en\/wp-json\/wp\/v2\/product\/14441","targetHints":{"allow":["GET"]}}],"collection":[{"href":"https:\/\/taylormade-golf.vn\/en\/wp-json\/wp\/v2\/product"}],"about":[{"href":"https:\/\/taylormade-golf.vn\/en\/wp-json\/wp\/v2\/types\/product"}],"replies":[{"embeddable":true,"href":"https:\/\/taylormade-golf.vn\/en\/wp-json\/wp\/v2\/comments?post=14441"}],"wp:featuredmedia":[{"embeddable":true,"href":"https:\/\/taylormade-golf.vn\/en\/wp-json\/wp\/v2\/media\/14447"}],"wp:attachment":[{"href":"https:\/\/taylormade-golf.vn\/en\/wp-json\/wp\/v2\/media?parent=14441"}],"wp:term":[{"taxonomy":"product_brand","embeddable":true,"href":"https:\/\/taylormade-golf.vn\/en\/wp-json\/wp\/v2\/product_brand?post=14441"},{"taxonomy":"product_cat","embeddable":true,"href":"https:\/\/taylormade-golf.vn\/en\/wp-json\/wp\/v2\/product_cat?post=14441"},{"taxonomy":"product_tag","embeddable":true,"href":"https:\/\/taylormade-golf.vn\/en\/wp-json\/wp\/v2\/product_tag?post=14441"}],"curies":[{"name":"wp","href":"https:\/\/api.w.org\/{rel}","templated":true}]}}