{"id":14396,"date":"2023-06-26T14:02:37","date_gmt":"2023-06-26T07:02:37","guid":{"rendered":"https:\/\/taylormade-golf.vn\/?post_type=product&#038;p=14396"},"modified":"2024-06-26T14:35:38","modified_gmt":"2024-06-26T07:35:38","slug":"balo-performance","status":"publish","type":"product","link":"https:\/\/taylormade-golf.vn\/en\/product\/balo-performance\/","title":{"rendered":"Performance Backpack"},"content":{"rendered":"<p>6 total pockets, featuring: Laptop and tablet sleeve. Velour lined valuables pocket. 2 x Water bottle mesh holder. Organized comparment: key hook, name card holder, pen holder.<\/p>\n<p>Top carry handle. Adjustable mesh padded backpack straps. Padded back panel for comfort. High density printed TaylorMade logo.<\/p>\n<p>Size: 18\u2033 x 12\u2033 x 7\u2033<\/p>","protected":false},"excerpt":{"rendered":"<p>Balo c\u00f3 t\u1ed5ng c\u1ed9ng c\u00f3 6 ng\u0103n ch\u1ee9a \u0111\u1ed3, bao g\u1ed3m: .Bao \u0111\u1ef1ng laptop, m\u00e1y t\u00ednh b\u1ea3ng. T\u00fai \u0111\u1ef1ng \u0111\u1ed3 c\u00f3 gi\u00e1 tr\u1ecb l\u00f3t nhung. 2 x Gi\u00e1 \u0111\u1ee1 l\u01b0\u1edbi \u0111\u1ef1ng chai n\u01b0\u1edbc. S\u1eafp x\u1ebfp ng\u0103n n\u1eafp: m\u00f3c ch\u00eca kh\u00f3a, h\u1ed9p \u0111\u1ef1ng th\u1ebb t\u00ean, h\u1ed9p \u0111\u1ef1ng b\u00fat. Tay c\u1ea7m ph\u00eda tr\u00ean. D\u00e2y \u0111eo ba l\u00f4 [&hellip;]<\/p>","protected":false},"featured_media":14407,"comment_status":"open","ping_status":"closed","template":"","meta":{"_acf_changed":false,"site-sidebar-layout":"default","site-content-layout":"","ast-site-content-layout":"default","site-content-style":"default","site-sidebar-style":"default","ast-global-header-display":"","ast-banner-title-visibility":"","ast-main-header-display":"","ast-hfb-above-header-display":"","ast-hfb-below-header-display":"","ast-hfb-mobile-header-display":"","site-post-title":"","ast-breadcrumbs-content":"","ast-featured-img":"","footer-sml-layout":"","theme-transparent-header-meta":"default","adv-header-id-meta":"","stick-header-meta":"default","header-above-stick-meta":"","header-main-stick-meta":"","header-below-stick-meta":"","astra-migrate-meta-layouts":"set","ast-page-background-enabled":"default","ast-page-background-meta":{"desktop":{"background-color":"","background-image":"","background-repeat":"repeat","background-position":"center center","background-size":"auto","background-attachment":"scroll","background-type":"","background-media":"","overlay-type":"","overlay-color":"","overlay-opacity":"","overlay-gradient":""},"tablet":{"background-color":"","background-image":"","background-repeat":"repeat","background-position":"center center","background-size":"auto","background-attachment":"scroll","background-type":"","background-media":"","overlay-type":"","overlay-color":"","overlay-opacity":"","overlay-gradient":""},"mobile":{"background-color":"","background-image":"","background-repeat":"repeat","background-position":"center center","background-size":"auto","background-attachment":"scroll","background-type":"","background-media":"","overlay-type":"","overlay-color":"","overlay-opacity":"","overlay-gradient":""}},"ast-content-background-meta":{"desktop":{"background-color":"var(--ast-global-color-5)","background-image":"","background-repeat":"repeat","background-position":"center center","background-size":"auto","background-attachment":"scroll","background-type":"","background-media":"","overlay-type":"","overlay-color":"","overlay-opacity":"","overlay-gradient":""},"tablet":{"background-color":"var(--ast-global-color-5)","background-image":"","background-repeat":"repeat","background-position":"center center","background-size":"auto","background-attachment":"scroll","background-type":"","background-media":"","overlay-type":"","overlay-color":"","overlay-opacity":"","overlay-gradient":""},"mobile":{"background-color":"var(--ast-global-color-5)","background-image":"","background-repeat":"repeat","background-position":"center center","background-size":"auto","background-attachment":"scroll","background-type":"","background-media":"","overlay-type":"","overlay-color":"","overlay-opacity":"","overlay-gradient":""}}},"product_brand":[],"product_cat":[262,263,383],"product_tag":[320],"class_list":{"0":"post-14396","1":"product","2":"type-product","3":"status-publish","4":"has-post-thumbnail","6":"product_cat-nam","7":"product_cat-nu","8":"product_cat-tui-khac","9":"product_tag-320","10":"desktop-align-center","11":"tablet-align-center","12":"mobile-align-center","13":"ast-product-gallery-layout-first-image-large","14":"ast-product-single-variable","15":"ast-product-tabs-layout-distributed","17":"first","18":"instock","19":"shipping-taxable","20":"purchasable","21":"product-type-variable","22":"has-default-attributes"},"acf":[],"_links":{"self":[{"href":"https:\/\/taylormade-golf.vn\/en\/wp-json\/wp\/v2\/product\/14396","targetHints":{"allow":["GET"]}}],"collection":[{"href":"https:\/\/taylormade-golf.vn\/en\/wp-json\/wp\/v2\/product"}],"about":[{"href":"https:\/\/taylormade-golf.vn\/en\/wp-json\/wp\/v2\/types\/product"}],"replies":[{"embeddable":true,"href":"https:\/\/taylormade-golf.vn\/en\/wp-json\/wp\/v2\/comments?post=14396"}],"wp:featuredmedia":[{"embeddable":true,"href":"https:\/\/taylormade-golf.vn\/en\/wp-json\/wp\/v2\/media\/14407"}],"wp:attachment":[{"href":"https:\/\/taylormade-golf.vn\/en\/wp-json\/wp\/v2\/media?parent=14396"}],"wp:term":[{"taxonomy":"product_brand","embeddable":true,"href":"https:\/\/taylormade-golf.vn\/en\/wp-json\/wp\/v2\/product_brand?post=14396"},{"taxonomy":"product_cat","embeddable":true,"href":"https:\/\/taylormade-golf.vn\/en\/wp-json\/wp\/v2\/product_cat?post=14396"},{"taxonomy":"product_tag","embeddable":true,"href":"https:\/\/taylormade-golf.vn\/en\/wp-json\/wp\/v2\/product_tag?post=14396"}],"curies":[{"name":"wp","href":"https:\/\/api.w.org\/{rel}","templated":true}]}}