{"id":14375,"date":"2023-06-26T13:48:58","date_gmt":"2023-06-26T06:48:58","guid":{"rendered":"https:\/\/taylormade-golf.vn\/?post_type=product&#038;p=14375"},"modified":"2024-06-27T17:13:22","modified_gmt":"2024-06-27T10:13:22","slug":"tui-di-may-bay-performance","status":"publish","type":"product","link":"https:\/\/taylormade-golf.vn\/en\/product\/tui-di-may-bay-performance\/","title":{"rendered":"Performance Travel Cover"},"content":{"rendered":"<p>Full wrap around zipper for easy access to golf bag. Durable drizzle-effect fabric construction 360 top and side padding for maximum club protection. Interior strap stabilizes bag during travel. Heavy duty anti-burst strapping system. Durable, smooth rolling In-Line skate wheels. Durable, skid resistant PVC base material for added durability. High density printing TaylorMade logo.<\/p>\n<p>Size: 54\u2033 x 15\u2033 x 14\u2033<\/p>","protected":false},"excerpt":{"rendered":"<p>C\u00f3 kh\u00f3a k\u00e9o xung quanh \u0111\u1ec3 d\u1ec5 d\u00e0ng l\u1ea5y t\u00fai golf. C\u1ea5u tr\u00fac v\u1ea3i ch\u1ed1ng n\u01b0\u1edbc m\u01b0a b\u1ec1n b\u1ec9. L\u1edbp \u0111\u1ec7m 360 \u1edf tr\u00ean v\u00e0 b\u00ean h\u00f4ng \u0111\u1ec3 b\u1ea3o v\u1ec7 g\u1eady t\u1ed1i \u0111a. D\u00e2y \u0111eo b\u00ean trong gi\u00fap \u1ed5n \u0111\u1ecbnh t\u00fai g\u1eady trong qu\u00e1 tr\u00ecnh di chuy\u1ec3n. B\u00e1nh xe tr\u01b0\u1ee3t In-Line l\u0103n b\u1ec1n, \u00eam \u00e1i. [&hellip;]<\/p>","protected":false},"featured_media":14384,"comment_status":"open","ping_status":"closed","template":"","meta":{"_acf_changed":false,"site-sidebar-layout":"default","site-content-layout":"","ast-site-content-layout":"default","site-content-style":"default","site-sidebar-style":"default","ast-global-header-display":"","ast-banner-title-visibility":"","ast-main-header-display":"","ast-hfb-above-header-display":"","ast-hfb-below-header-display":"","ast-hfb-mobile-header-display":"","site-post-title":"","ast-breadcrumbs-content":"","ast-featured-img":"","footer-sml-layout":"","theme-transparent-header-meta":"default","adv-header-id-meta":"","stick-header-meta":"default","header-above-stick-meta":"","header-main-stick-meta":"","header-below-stick-meta":"","astra-migrate-meta-layouts":"set","ast-page-background-enabled":"default","ast-page-background-meta":{"desktop":{"background-color":"","background-image":"","background-repeat":"repeat","background-position":"center center","background-size":"auto","background-attachment":"scroll","background-type":"","background-media":"","overlay-type":"","overlay-color":"","overlay-opacity":"","overlay-gradient":""},"tablet":{"background-color":"","background-image":"","background-repeat":"repeat","background-position":"center center","background-size":"auto","background-attachment":"scroll","background-type":"","background-media":"","overlay-type":"","overlay-color":"","overlay-opacity":"","overlay-gradient":""},"mobile":{"background-color":"","background-image":"","background-repeat":"repeat","background-position":"center center","background-size":"auto","background-attachment":"scroll","background-type":"","background-media":"","overlay-type":"","overlay-color":"","overlay-opacity":"","overlay-gradient":""}},"ast-content-background-meta":{"desktop":{"background-color":"var(--ast-global-color-5)","background-image":"","background-repeat":"repeat","background-position":"center center","background-size":"auto","background-attachment":"scroll","background-type":"","background-media":"","overlay-type":"","overlay-color":"","overlay-opacity":"","overlay-gradient":""},"tablet":{"background-color":"var(--ast-global-color-5)","background-image":"","background-repeat":"repeat","background-position":"center center","background-size":"auto","background-attachment":"scroll","background-type":"","background-media":"","overlay-type":"","overlay-color":"","overlay-opacity":"","overlay-gradient":""},"mobile":{"background-color":"var(--ast-global-color-5)","background-image":"","background-repeat":"repeat","background-position":"center center","background-size":"auto","background-attachment":"scroll","background-type":"","background-media":"","overlay-type":"","overlay-color":"","overlay-opacity":"","overlay-gradient":""}}},"product_brand":[],"product_cat":[262,263,383],"product_tag":[320],"class_list":{"0":"post-14375","1":"product","2":"type-product","3":"status-publish","4":"has-post-thumbnail","6":"product_cat-nam","7":"product_cat-nu","8":"product_cat-tui-khac","9":"product_tag-320","10":"desktop-align-center","11":"tablet-align-center","12":"mobile-align-center","13":"ast-product-gallery-layout-first-image-large","14":"ast-product-single-variable","15":"ast-product-tabs-layout-distributed","17":"first","18":"instock","19":"shipping-taxable","20":"purchasable","21":"product-type-variable","22":"has-default-attributes"},"acf":[],"_links":{"self":[{"href":"https:\/\/taylormade-golf.vn\/en\/wp-json\/wp\/v2\/product\/14375","targetHints":{"allow":["GET"]}}],"collection":[{"href":"https:\/\/taylormade-golf.vn\/en\/wp-json\/wp\/v2\/product"}],"about":[{"href":"https:\/\/taylormade-golf.vn\/en\/wp-json\/wp\/v2\/types\/product"}],"replies":[{"embeddable":true,"href":"https:\/\/taylormade-golf.vn\/en\/wp-json\/wp\/v2\/comments?post=14375"}],"wp:featuredmedia":[{"embeddable":true,"href":"https:\/\/taylormade-golf.vn\/en\/wp-json\/wp\/v2\/media\/14384"}],"wp:attachment":[{"href":"https:\/\/taylormade-golf.vn\/en\/wp-json\/wp\/v2\/media?parent=14375"}],"wp:term":[{"taxonomy":"product_brand","embeddable":true,"href":"https:\/\/taylormade-golf.vn\/en\/wp-json\/wp\/v2\/product_brand?post=14375"},{"taxonomy":"product_cat","embeddable":true,"href":"https:\/\/taylormade-golf.vn\/en\/wp-json\/wp\/v2\/product_cat?post=14375"},{"taxonomy":"product_tag","embeddable":true,"href":"https:\/\/taylormade-golf.vn\/en\/wp-json\/wp\/v2\/product_tag?post=14375"}],"curies":[{"name":"wp","href":"https:\/\/api.w.org\/{rel}","templated":true}]}}