{"id":14373,"date":"2024-06-26T14:02:45","date_gmt":"2024-06-26T07:02:45","guid":{"rendered":"https:\/\/taylormade-golf.vn\/?post_type=product&#038;p=14373"},"modified":"2024-06-26T14:02:46","modified_gmt":"2024-06-26T07:02:46","slug":"tui-gay-co-chan-chong-flextech-chong-nuoc","status":"publish","type":"product","link":"https:\/\/taylormade-golf.vn\/en\/product\/tui-gay-co-chan-chong-flextech-chong-nuoc\/","title":{"rendered":"Flextech Waterproof Stand Bag"},"content":{"rendered":"<p>This TaylorMade Flextech Waterproof standbag 2023 in black finish is a top model within the waterproof golf bags. Made of 100% waterproof material with sealed zips.<\/p>\n<p>Material: Lightweight waterproof fabric (PSI level of 2500mm)<br \/>\nWeight: approx. 2,1 Kg<\/p>\n<p>A total of 6 storage compartments of which 5 have sealed zips and seam seals<\/p>\n<p>1 open compartment for drinks<br \/>\nLarge clothing compartment, continuous<br \/>\nBall compartment<br \/>\nRangefinder compartment<br \/>\nAccessory pocket<\/p>","protected":false},"excerpt":{"rendered":"<p>T\u00fai c\u00f3 ch\u00e2n \u0111\u1ee9ng TaylorMade Flextech Waterproof m\u00e0u \u0111en phi\u00ean b\u1ea3n 2023 l\u00e0 m\u1ed9t trong nh\u1eefng m\u1eabu t\u00fai g\u1eady h\u00e0ng \u0111\u1ea7u trong danh s\u00e1ch t\u00fai golf ch\u1ed1ng n\u01b0\u1edbc. \u0110\u01b0\u1ee3c l\u00e0m t\u1eeb ch\u1ea5t li\u1ec7u 100% ch\u1ed1ng n\u01b0\u1edbc v\u1edbi kh\u00f3a k\u00e9o k\u00edn. Ch\u1ea5t li\u1ec7u: V\u1ea3i ch\u1ed1ng n\u01b0\u1edbc nh\u1eb9 (m\u1ee9c PSI 2500mm) Tr\u1ecdng l\u01b0\u1ee3ng: kho\u1ea3ng 2,1 kg T\u1ed5ng [&hellip;]<\/p>","protected":false},"featured_media":14390,"comment_status":"open","ping_status":"closed","template":"","meta":{"_acf_changed":false,"site-sidebar-layout":"default","site-content-layout":"","ast-site-content-layout":"default","site-content-style":"default","site-sidebar-style":"default","ast-global-header-display":"","ast-banner-title-visibility":"","ast-main-header-display":"","ast-hfb-above-header-display":"","ast-hfb-below-header-display":"","ast-hfb-mobile-header-display":"","site-post-title":"","ast-breadcrumbs-content":"","ast-featured-img":"","footer-sml-layout":"","theme-transparent-header-meta":"default","adv-header-id-meta":"","stick-header-meta":"default","header-above-stick-meta":"","header-main-stick-meta":"","header-below-stick-meta":"","astra-migrate-meta-layouts":"set","ast-page-background-enabled":"default","ast-page-background-meta":{"desktop":{"background-color":"","background-image":"","background-repeat":"repeat","background-position":"center center","background-size":"auto","background-attachment":"scroll","background-type":"","background-media":"","overlay-type":"","overlay-color":"","overlay-opacity":"","overlay-gradient":""},"tablet":{"background-color":"","background-image":"","background-repeat":"repeat","background-position":"center center","background-size":"auto","background-attachment":"scroll","background-type":"","background-media":"","overlay-type":"","overlay-color":"","overlay-opacity":"","overlay-gradient":""},"mobile":{"background-color":"","background-image":"","background-repeat":"repeat","background-position":"center center","background-size":"auto","background-attachment":"scroll","background-type":"","background-media":"","overlay-type":"","overlay-color":"","overlay-opacity":"","overlay-gradient":""}},"ast-content-background-meta":{"desktop":{"background-color":"var(--ast-global-color-5)","background-image":"","background-repeat":"repeat","background-position":"center center","background-size":"auto","background-attachment":"scroll","background-type":"","background-media":"","overlay-type":"","overlay-color":"","overlay-opacity":"","overlay-gradient":""},"tablet":{"background-color":"var(--ast-global-color-5)","background-image":"","background-repeat":"repeat","background-position":"center center","background-size":"auto","background-attachment":"scroll","background-type":"","background-media":"","overlay-type":"","overlay-color":"","overlay-opacity":"","overlay-gradient":""},"mobile":{"background-color":"var(--ast-global-color-5)","background-image":"","background-repeat":"repeat","background-position":"center center","background-size":"auto","background-attachment":"scroll","background-type":"","background-media":"","overlay-type":"","overlay-color":"","overlay-opacity":"","overlay-gradient":""}}},"product_brand":[],"product_cat":[262,92],"product_tag":[320],"class_list":{"0":"post-14373","1":"product","2":"type-product","3":"status-publish","4":"has-post-thumbnail","6":"product_cat-nam","7":"product_cat-tui-gay","8":"product_tag-320","9":"desktop-align-center","10":"tablet-align-center","11":"mobile-align-center","12":"ast-product-gallery-layout-first-image-large","13":"ast-product-single-variable","14":"ast-product-tabs-layout-distributed","16":"first","17":"instock","18":"shipping-taxable","19":"purchasable","20":"product-type-variable","21":"has-default-attributes"},"acf":[],"_links":{"self":[{"href":"https:\/\/taylormade-golf.vn\/en\/wp-json\/wp\/v2\/product\/14373","targetHints":{"allow":["GET"]}}],"collection":[{"href":"https:\/\/taylormade-golf.vn\/en\/wp-json\/wp\/v2\/product"}],"about":[{"href":"https:\/\/taylormade-golf.vn\/en\/wp-json\/wp\/v2\/types\/product"}],"replies":[{"embeddable":true,"href":"https:\/\/taylormade-golf.vn\/en\/wp-json\/wp\/v2\/comments?post=14373"}],"wp:featuredmedia":[{"embeddable":true,"href":"https:\/\/taylormade-golf.vn\/en\/wp-json\/wp\/v2\/media\/14390"}],"wp:attachment":[{"href":"https:\/\/taylormade-golf.vn\/en\/wp-json\/wp\/v2\/media?parent=14373"}],"wp:term":[{"taxonomy":"product_brand","embeddable":true,"href":"https:\/\/taylormade-golf.vn\/en\/wp-json\/wp\/v2\/product_brand?post=14373"},{"taxonomy":"product_cat","embeddable":true,"href":"https:\/\/taylormade-golf.vn\/en\/wp-json\/wp\/v2\/product_cat?post=14373"},{"taxonomy":"product_tag","embeddable":true,"href":"https:\/\/taylormade-golf.vn\/en\/wp-json\/wp\/v2\/product_tag?post=14373"}],"curies":[{"name":"wp","href":"https:\/\/api.w.org\/{rel}","templated":true}]}}