{"id":14323,"date":"2024-06-26T10:31:08","date_gmt":"2024-06-26T03:31:08","guid":{"rendered":"https:\/\/taylormade-golf.vn\/?post_type=product&#038;p=14323"},"modified":"2024-06-26T10:31:09","modified_gmt":"2024-06-26T03:31:09","slug":"tui-gay-nu-circle","status":"publish","type":"product","link":"https:\/\/taylormade-golf.vn\/en\/product\/tui-gay-nu-circle\/","title":{"rendered":"Women Circle T Light Caddy Bag"},"content":{"rendered":"<p>A casual women's model with striking color accents and the Circle T logo. The accent colors on the opening, side zipper, and pull tabs give a simple yet active impression, making this a casual women's caddy bag that will make playing more fun. This model is lightweight at 2.5kg and easy to use.<\/p>\n<p>Size: 8.5 inches, 2.5 kg, 46 inch compatible<\/p>\n<p>Material: Polyester<\/p>\n<p>*This product does not come with a name tag.<\/p>\n<p>*The photo is for illustrative purposes only. The color of the actual product may differ depending on your monitor settings and room lighting.<\/p>","protected":false},"excerpt":{"rendered":"<p>M\u1ed9t m\u1eabu t\u00fai g\u1eady n\u1eef th\u00f4ng th\u01b0\u1eddng v\u1edbi nh\u1eefng chi ti\u1ebft m\u00e0u s\u1eafc n\u1ed5i b\u1eadt v\u00e0 logo Circle T. Nh\u1eefng m\u00e0u s\u1eafc t\u1ea1o \u0111i\u1ec3m nh\u1ea5n tr\u00ean mi\u1ec7ng t\u00fai, d\u00e2y k\u00e9o b\u00ean h\u00f4ng v\u00e0 n\u00fat k\u00e9o t\u1ea1o n\u00ean m\u1ed9t \u1ea5n t\u01b0\u1ee3ng \u0111\u01a1n gi\u1ea3n nh\u01b0ng n\u0103ng \u0111\u1ed9ng, bi\u1ebfn m\u1eabu t\u00fai caddy n\u1eef n\u00e0y tr\u1edf th\u00e0nh m\u1ed9t s\u1ea3n [&hellip;]<\/p>","protected":false},"featured_media":14339,"comment_status":"open","ping_status":"closed","template":"","meta":{"_acf_changed":false,"site-sidebar-layout":"default","site-content-layout":"","ast-site-content-layout":"default","site-content-style":"default","site-sidebar-style":"default","ast-global-header-display":"","ast-banner-title-visibility":"","ast-main-header-display":"","ast-hfb-above-header-display":"","ast-hfb-below-header-display":"","ast-hfb-mobile-header-display":"","site-post-title":"","ast-breadcrumbs-content":"","ast-featured-img":"","footer-sml-layout":"","theme-transparent-header-meta":"default","adv-header-id-meta":"","stick-header-meta":"default","header-above-stick-meta":"","header-main-stick-meta":"","header-below-stick-meta":"","astra-migrate-meta-layouts":"set","ast-page-background-enabled":"default","ast-page-background-meta":{"desktop":{"background-color":"","background-image":"","background-repeat":"repeat","background-position":"center center","background-size":"auto","background-attachment":"scroll","background-type":"","background-media":"","overlay-type":"","overlay-color":"","overlay-opacity":"","overlay-gradient":""},"tablet":{"background-color":"","background-image":"","background-repeat":"repeat","background-position":"center center","background-size":"auto","background-attachment":"scroll","background-type":"","background-media":"","overlay-type":"","overlay-color":"","overlay-opacity":"","overlay-gradient":""},"mobile":{"background-color":"","background-image":"","background-repeat":"repeat","background-position":"center center","background-size":"auto","background-attachment":"scroll","background-type":"","background-media":"","overlay-type":"","overlay-color":"","overlay-opacity":"","overlay-gradient":""}},"ast-content-background-meta":{"desktop":{"background-color":"var(--ast-global-color-5)","background-image":"","background-repeat":"repeat","background-position":"center center","background-size":"auto","background-attachment":"scroll","background-type":"","background-media":"","overlay-type":"","overlay-color":"","overlay-opacity":"","overlay-gradient":""},"tablet":{"background-color":"var(--ast-global-color-5)","background-image":"","background-repeat":"repeat","background-position":"center center","background-size":"auto","background-attachment":"scroll","background-type":"","background-media":"","overlay-type":"","overlay-color":"","overlay-opacity":"","overlay-gradient":""},"mobile":{"background-color":"var(--ast-global-color-5)","background-image":"","background-repeat":"repeat","background-position":"center center","background-size":"auto","background-attachment":"scroll","background-type":"","background-media":"","overlay-type":"","overlay-color":"","overlay-opacity":"","overlay-gradient":""}}},"product_brand":[],"product_cat":[263,92],"product_tag":[318],"class_list":{"0":"post-14323","1":"product","2":"type-product","3":"status-publish","4":"has-post-thumbnail","6":"product_cat-nu","7":"product_cat-tui-gay","8":"product_tag-318","9":"desktop-align-center","10":"tablet-align-center","11":"mobile-align-center","12":"ast-product-gallery-layout-first-image-large","13":"ast-product-single-variable","14":"ast-product-tabs-layout-distributed","16":"first","17":"instock","18":"shipping-taxable","19":"purchasable","20":"product-type-variable","21":"has-default-attributes"},"acf":[],"_links":{"self":[{"href":"https:\/\/taylormade-golf.vn\/en\/wp-json\/wp\/v2\/product\/14323","targetHints":{"allow":["GET"]}}],"collection":[{"href":"https:\/\/taylormade-golf.vn\/en\/wp-json\/wp\/v2\/product"}],"about":[{"href":"https:\/\/taylormade-golf.vn\/en\/wp-json\/wp\/v2\/types\/product"}],"replies":[{"embeddable":true,"href":"https:\/\/taylormade-golf.vn\/en\/wp-json\/wp\/v2\/comments?post=14323"}],"wp:featuredmedia":[{"embeddable":true,"href":"https:\/\/taylormade-golf.vn\/en\/wp-json\/wp\/v2\/media\/14339"}],"wp:attachment":[{"href":"https:\/\/taylormade-golf.vn\/en\/wp-json\/wp\/v2\/media?parent=14323"}],"wp:term":[{"taxonomy":"product_brand","embeddable":true,"href":"https:\/\/taylormade-golf.vn\/en\/wp-json\/wp\/v2\/product_brand?post=14323"},{"taxonomy":"product_cat","embeddable":true,"href":"https:\/\/taylormade-golf.vn\/en\/wp-json\/wp\/v2\/product_cat?post=14323"},{"taxonomy":"product_tag","embeddable":true,"href":"https:\/\/taylormade-golf.vn\/en\/wp-json\/wp\/v2\/product_tag?post=14323"}],"curies":[{"name":"wp","href":"https:\/\/api.w.org\/{rel}","templated":true}]}}