{"id":14202,"date":"2024-06-25T16:06:35","date_gmt":"2024-06-25T09:06:35","guid":{"rendered":"https:\/\/taylormade-golf.vn\/?post_type=product&#038;p=14202"},"modified":"2024-06-25T16:07:28","modified_gmt":"2024-06-25T09:07:28","slug":"rescue-stealth","status":"publish","type":"product","link":"https:\/\/taylormade-golf.vn\/en\/product\/rescue-stealth\/","title":{"rendered":"Rescue Stealth"},"content":{"rendered":"<p>CROWN CARBON<\/p>\n<p>The new carbon crown construction relocates 7 grams of mass, creating a hybrid that\u2019s easy to launch with incredible stability. Its design features 15% higher MOI as compared to SIM Max, giving golfers the freedom to attack pins from anywhere.<\/p>\n<p>V STEEL SOLE DESIGN<\/p>\n<p>Refined weight distribution for enhanced forgiveness while maintaining optimal launch properties. It stays true to its heritage by improving turf interaction and versatility.<\/p>\n<p>STEEL TWIST FACE<\/p>\n<p>High-strength steel allows for a strong, fast face engineered for explosive ball speeds. The proven Twist Face\u00ae design helps golfers overcome inherent mis-hit tendencies for straighter shots.<\/p>\n<p>THRU-SLOT SPEED POCKET<\/p>\n<p>Our most flexible Speed Pocket\u2122 design is engineered to maximize ball speeds and produce additional forgiveness on low-face strikes.<\/p>","protected":false},"excerpt":{"rendered":"<p>CROWN CARBON C\u1ea5u tr\u00fac ph\u1ea7n crown carbon m\u1edbi chuy\u1ec3n v\u1ecb tr\u00ed c\u1ee7a kh\u1ed1i t\u1ea1 7 gram, t\u1ea1o ra m\u1ed9t c\u00e2y rescue r\u1ea5t d\u1ec5 \u0111\u00e1nh v\u1edbi s\u1ef1 \u1ed5n \u0111\u1ecbnh \u0111\u00e1ng kinh ng\u1ea1c. Thi\u1ebft k\u1ebf c\u1ee7a c\u00e2y g\u1eady n\u00e0y c\u00f3 \u0111\u1ed9 MOI cao h\u01a1n 15% so v\u1edbi SIM Max, mang l\u1ea1i cho golfer s\u1ef1 t\u1ef1 do t\u1ea5n [&hellip;]<\/p>","protected":false},"featured_media":14229,"comment_status":"open","ping_status":"closed","template":"","meta":{"_acf_changed":false,"site-sidebar-layout":"default","site-content-layout":"","ast-site-content-layout":"default","site-content-style":"default","site-sidebar-style":"default","ast-global-header-display":"","ast-banner-title-visibility":"","ast-main-header-display":"","ast-hfb-above-header-display":"","ast-hfb-below-header-display":"","ast-hfb-mobile-header-display":"","site-post-title":"","ast-breadcrumbs-content":"","ast-featured-img":"","footer-sml-layout":"","theme-transparent-header-meta":"default","adv-header-id-meta":"","stick-header-meta":"default","header-above-stick-meta":"","header-main-stick-meta":"","header-below-stick-meta":"","astra-migrate-meta-layouts":"set","ast-page-background-enabled":"default","ast-page-background-meta":{"desktop":{"background-color":"","background-image":"","background-repeat":"repeat","background-position":"center center","background-size":"auto","background-attachment":"scroll","background-type":"","background-media":"","overlay-type":"","overlay-color":"","overlay-opacity":"","overlay-gradient":""},"tablet":{"background-color":"","background-image":"","background-repeat":"repeat","background-position":"center center","background-size":"auto","background-attachment":"scroll","background-type":"","background-media":"","overlay-type":"","overlay-color":"","overlay-opacity":"","overlay-gradient":""},"mobile":{"background-color":"","background-image":"","background-repeat":"repeat","background-position":"center center","background-size":"auto","background-attachment":"scroll","background-type":"","background-media":"","overlay-type":"","overlay-color":"","overlay-opacity":"","overlay-gradient":""}},"ast-content-background-meta":{"desktop":{"background-color":"var(--ast-global-color-5)","background-image":"","background-repeat":"repeat","background-position":"center center","background-size":"auto","background-attachment":"scroll","background-type":"","background-media":"","overlay-type":"","overlay-color":"","overlay-opacity":"","overlay-gradient":""},"tablet":{"background-color":"var(--ast-global-color-5)","background-image":"","background-repeat":"repeat","background-position":"center center","background-size":"auto","background-attachment":"scroll","background-type":"","background-media":"","overlay-type":"","overlay-color":"","overlay-opacity":"","overlay-gradient":""},"mobile":{"background-color":"var(--ast-global-color-5)","background-image":"","background-repeat":"repeat","background-position":"center center","background-size":"auto","background-attachment":"scroll","background-type":"","background-media":"","overlay-type":"","overlay-color":"","overlay-opacity":"","overlay-gradient":""}}},"product_brand":[],"product_cat":[262,74],"product_tag":[322],"class_list":{"0":"post-14202","1":"product","2":"type-product","3":"status-publish","4":"has-post-thumbnail","6":"product_cat-nam","7":"product_cat-hybrid","8":"product_tag-322","9":"desktop-align-center","10":"tablet-align-center","11":"mobile-align-center","12":"ast-product-gallery-layout-first-image-large","13":"ast-product-single-variable","14":"ast-product-tabs-layout-distributed","16":"first","17":"instock","18":"shipping-taxable","19":"purchasable","20":"product-type-variable","21":"has-default-attributes"},"acf":[],"_links":{"self":[{"href":"https:\/\/taylormade-golf.vn\/en\/wp-json\/wp\/v2\/product\/14202","targetHints":{"allow":["GET"]}}],"collection":[{"href":"https:\/\/taylormade-golf.vn\/en\/wp-json\/wp\/v2\/product"}],"about":[{"href":"https:\/\/taylormade-golf.vn\/en\/wp-json\/wp\/v2\/types\/product"}],"replies":[{"embeddable":true,"href":"https:\/\/taylormade-golf.vn\/en\/wp-json\/wp\/v2\/comments?post=14202"}],"wp:featuredmedia":[{"embeddable":true,"href":"https:\/\/taylormade-golf.vn\/en\/wp-json\/wp\/v2\/media\/14229"}],"wp:attachment":[{"href":"https:\/\/taylormade-golf.vn\/en\/wp-json\/wp\/v2\/media?parent=14202"}],"wp:term":[{"taxonomy":"product_brand","embeddable":true,"href":"https:\/\/taylormade-golf.vn\/en\/wp-json\/wp\/v2\/product_brand?post=14202"},{"taxonomy":"product_cat","embeddable":true,"href":"https:\/\/taylormade-golf.vn\/en\/wp-json\/wp\/v2\/product_cat?post=14202"},{"taxonomy":"product_tag","embeddable":true,"href":"https:\/\/taylormade-golf.vn\/en\/wp-json\/wp\/v2\/product_tag?post=14202"}],"curies":[{"name":"wp","href":"https:\/\/api.w.org\/{rel}","templated":true}]}}