{"id":13094,"date":"2024-06-21T17:04:31","date_gmt":"2024-06-21T10:04:31","guid":{"rendered":"https:\/\/taylormade-golf.vn\/?post_type=product&#038;p=13094"},"modified":"2024-06-25T10:09:28","modified_gmt":"2024-06-25T03:09:28","slug":"ao-polo-color-block-2","status":"publish","type":"product","link":"https:\/\/taylormade-golf.vn\/en\/product\/ao-polo-color-block-2\/","title":{"rendered":"Color Block S\/S Polo"},"content":{"rendered":"<p>Seasonal colors are boldly arranged in color blocks. The front placket features a TaylorMade logo graphic.<\/p>\n<p>Material: 83% polyester, 17% polyurethane<\/p>\n<p>*Photos are for illustrative purposes only. The color of the actual product may differ depending on your monitor settings and room lighting.<\/p>","protected":false},"excerpt":{"rendered":"<p>C\u00e1c m\u00e0u s\u1eafc m\u00f9a \u0111\u01b0\u1ee3c s\u1eafp x\u1ebfp trong c\u00e1c kh\u1ed1i m\u00e0u. Ph\u1ea7n d\u1ea3i ph\u00eda c\u1ed5 tr\u01b0\u1edbc c\u00f3 h\u00ecnh \u0111\u1ed3 h\u1ecda logo TaylorMade. Ch\u1ea5t li\u1ec7u: 83% polyester, 17% polyurethane *L\u01b0u \u00fd: \u1ea2nh ch\u1ec9 mang t\u00ednh ch\u1ea5t minh h\u1ecda. M\u00e0u s\u1eafc c\u1ee7a s\u1ea3n ph\u1ea9m th\u1ef1c t\u1ebf c\u00f3 th\u1ec3 kh\u00e1c nhau t\u00f9y thu\u1ed9c v\u00e0o c\u00e0i \u0111\u1eb7t m\u00e0n h\u00ecnh [&hellip;]<\/p>","protected":false},"featured_media":13149,"comment_status":"open","ping_status":"closed","template":"","meta":{"_acf_changed":false,"site-sidebar-layout":"default","site-content-layout":"","ast-site-content-layout":"default","site-content-style":"default","site-sidebar-style":"default","ast-global-header-display":"","ast-banner-title-visibility":"","ast-main-header-display":"","ast-hfb-above-header-display":"","ast-hfb-below-header-display":"","ast-hfb-mobile-header-display":"","site-post-title":"","ast-breadcrumbs-content":"","ast-featured-img":"","footer-sml-layout":"","theme-transparent-header-meta":"default","adv-header-id-meta":"","stick-header-meta":"default","header-above-stick-meta":"","header-main-stick-meta":"","header-below-stick-meta":"","astra-migrate-meta-layouts":"set","ast-page-background-enabled":"default","ast-page-background-meta":{"desktop":{"background-color":"","background-image":"","background-repeat":"repeat","background-position":"center center","background-size":"auto","background-attachment":"scroll","background-type":"","background-media":"","overlay-type":"","overlay-color":"","overlay-opacity":"","overlay-gradient":""},"tablet":{"background-color":"","background-image":"","background-repeat":"repeat","background-position":"center center","background-size":"auto","background-attachment":"scroll","background-type":"","background-media":"","overlay-type":"","overlay-color":"","overlay-opacity":"","overlay-gradient":""},"mobile":{"background-color":"","background-image":"","background-repeat":"repeat","background-position":"center center","background-size":"auto","background-attachment":"scroll","background-type":"","background-media":"","overlay-type":"","overlay-color":"","overlay-opacity":"","overlay-gradient":""}},"ast-content-background-meta":{"desktop":{"background-color":"var(--ast-global-color-5)","background-image":"","background-repeat":"repeat","background-position":"center center","background-size":"auto","background-attachment":"scroll","background-type":"","background-media":"","overlay-type":"","overlay-color":"","overlay-opacity":"","overlay-gradient":""},"tablet":{"background-color":"var(--ast-global-color-5)","background-image":"","background-repeat":"repeat","background-position":"center center","background-size":"auto","background-attachment":"scroll","background-type":"","background-media":"","overlay-type":"","overlay-color":"","overlay-opacity":"","overlay-gradient":""},"mobile":{"background-color":"var(--ast-global-color-5)","background-image":"","background-repeat":"repeat","background-position":"center center","background-size":"auto","background-attachment":"scroll","background-type":"","background-media":"","overlay-type":"","overlay-color":"","overlay-opacity":"","overlay-gradient":""}}},"product_brand":[],"product_cat":[262,102],"product_tag":[320],"class_list":{"0":"post-13094","1":"product","2":"type-product","3":"status-publish","4":"has-post-thumbnail","6":"product_cat-nam","7":"product_cat-ao-coc-tay","8":"product_tag-320","9":"desktop-align-center","10":"tablet-align-center","11":"mobile-align-center","12":"ast-product-gallery-layout-first-image-large","13":"ast-product-single-variable","14":"ast-product-tabs-layout-distributed","16":"first","17":"instock","18":"shipping-taxable","19":"purchasable","20":"product-type-variable","21":"has-default-attributes"},"acf":[],"_links":{"self":[{"href":"https:\/\/taylormade-golf.vn\/en\/wp-json\/wp\/v2\/product\/13094","targetHints":{"allow":["GET"]}}],"collection":[{"href":"https:\/\/taylormade-golf.vn\/en\/wp-json\/wp\/v2\/product"}],"about":[{"href":"https:\/\/taylormade-golf.vn\/en\/wp-json\/wp\/v2\/types\/product"}],"replies":[{"embeddable":true,"href":"https:\/\/taylormade-golf.vn\/en\/wp-json\/wp\/v2\/comments?post=13094"}],"wp:featuredmedia":[{"embeddable":true,"href":"https:\/\/taylormade-golf.vn\/en\/wp-json\/wp\/v2\/media\/13149"}],"wp:attachment":[{"href":"https:\/\/taylormade-golf.vn\/en\/wp-json\/wp\/v2\/media?parent=13094"}],"wp:term":[{"taxonomy":"product_brand","embeddable":true,"href":"https:\/\/taylormade-golf.vn\/en\/wp-json\/wp\/v2\/product_brand?post=13094"},{"taxonomy":"product_cat","embeddable":true,"href":"https:\/\/taylormade-golf.vn\/en\/wp-json\/wp\/v2\/product_cat?post=13094"},{"taxonomy":"product_tag","embeddable":true,"href":"https:\/\/taylormade-golf.vn\/en\/wp-json\/wp\/v2\/product_tag?post=13094"}],"curies":[{"name":"wp","href":"https:\/\/api.w.org\/{rel}","templated":true}]}}