{"id":12358,"date":"2024-06-21T14:00:26","date_gmt":"2024-06-21T07:00:26","guid":{"rendered":"https:\/\/taylormade-golf.vn\/?post_type=product&#038;p=12358"},"modified":"2024-06-25T14:31:48","modified_gmt":"2024-06-25T07:31:48","slug":"tui-gay-nu-co-banh-xe","status":"publish","type":"product","link":"https:\/\/taylormade-golf.vn\/en\/product\/tui-gay-nu-co-banh-xe\/","title":{"rendered":"Women\u2019s Wheel Caddy Bag"},"content":{"rendered":"<p>The premium waterproof fabric material ensures resistance against light rain conditions, ease of cleaning, and strong stitching, creating a reliable bag at a reasonable price for you.<\/p>\n<p>The TaylorMade Golf Club Bag features a reinforced high-density rubber base for stability and a triangular structure for enhanced stability even when tilted. The unique double shoulder straps provide a larger surface area and better pressure distribution, reducing strain on the shoulders.<\/p>\n<p>The golf bag also includes a convenient telescopic handle for easy transportation.<\/p>\n<p>Material: Synthetic leather<br \/>\nWeight: 3.8kg - 46 inches<\/p>","protected":false},"excerpt":{"rendered":"<p>Ch\u1ea5t li\u1ec7u v\u1ea3i d\u00f9 cao c\u1ea5p ch\u1ed1ng th\u1ea5m n\u01b0\u1edbc trong \u0111i\u1ec1u ki\u1ec7n th\u1eddi ti\u1ebft m\u01b0a nh\u1ecf, d\u1ec5 d\u00e0ng l\u00e0m s\u1ea1ch, \u0111\u01b0\u1eddng may b\u1ec1n ch\u1eafc, t\u1ea1o n\u00ean m\u1ed9t chi\u1ebfc t\u00fai t\u1ed1t v\u1edbi gi\u00e1 th\u00e0nh h\u1ee3p l\u00fd cho b\u1ea1n. T\u00fai \u0111\u1ef1ng g\u1eady golf TaylorMade \u0110\u1ebf cao su \u0111\u01b0\u1ee3c gia c\u1ed1 ch\u1eafc ch\u1eafn gi\u00fap t\u00fai \u0111\u1ee9ng v\u1eefng v\u00e0ng, [&hellip;]<\/p>","protected":false},"featured_media":12359,"comment_status":"open","ping_status":"closed","template":"","meta":{"_acf_changed":false,"site-sidebar-layout":"default","site-content-layout":"","ast-site-content-layout":"default","site-content-style":"default","site-sidebar-style":"default","ast-global-header-display":"","ast-banner-title-visibility":"","ast-main-header-display":"","ast-hfb-above-header-display":"","ast-hfb-below-header-display":"","ast-hfb-mobile-header-display":"","site-post-title":"","ast-breadcrumbs-content":"","ast-featured-img":"","footer-sml-layout":"","theme-transparent-header-meta":"default","adv-header-id-meta":"","stick-header-meta":"default","header-above-stick-meta":"","header-main-stick-meta":"","header-below-stick-meta":"","astra-migrate-meta-layouts":"set","ast-page-background-enabled":"default","ast-page-background-meta":{"desktop":{"background-color":"","background-image":"","background-repeat":"repeat","background-position":"center center","background-size":"auto","background-attachment":"scroll","background-type":"","background-media":"","overlay-type":"","overlay-color":"","overlay-opacity":"","overlay-gradient":""},"tablet":{"background-color":"","background-image":"","background-repeat":"repeat","background-position":"center center","background-size":"auto","background-attachment":"scroll","background-type":"","background-media":"","overlay-type":"","overlay-color":"","overlay-opacity":"","overlay-gradient":""},"mobile":{"background-color":"","background-image":"","background-repeat":"repeat","background-position":"center center","background-size":"auto","background-attachment":"scroll","background-type":"","background-media":"","overlay-type":"","overlay-color":"","overlay-opacity":"","overlay-gradient":""}},"ast-content-background-meta":{"desktop":{"background-color":"var(--ast-global-color-5)","background-image":"","background-repeat":"repeat","background-position":"center center","background-size":"auto","background-attachment":"scroll","background-type":"","background-media":"","overlay-type":"","overlay-color":"","overlay-opacity":"","overlay-gradient":""},"tablet":{"background-color":"var(--ast-global-color-5)","background-image":"","background-repeat":"repeat","background-position":"center center","background-size":"auto","background-attachment":"scroll","background-type":"","background-media":"","overlay-type":"","overlay-color":"","overlay-opacity":"","overlay-gradient":""},"mobile":{"background-color":"var(--ast-global-color-5)","background-image":"","background-repeat":"repeat","background-position":"center center","background-size":"auto","background-attachment":"scroll","background-type":"","background-media":"","overlay-type":"","overlay-color":"","overlay-opacity":"","overlay-gradient":""}}},"product_brand":[],"product_cat":[92],"product_tag":[320],"class_list":{"0":"post-12358","1":"product","2":"type-product","3":"status-publish","4":"has-post-thumbnail","6":"product_cat-tui-gay","7":"product_tag-320","8":"desktop-align-center","9":"tablet-align-center","10":"mobile-align-center","11":"ast-product-gallery-layout-first-image-large","12":"ast-product-single-variable","13":"ast-product-tabs-layout-distributed","15":"first","16":"instock","17":"shipping-taxable","18":"purchasable","19":"product-type-variable"},"acf":[],"_links":{"self":[{"href":"https:\/\/taylormade-golf.vn\/en\/wp-json\/wp\/v2\/product\/12358","targetHints":{"allow":["GET"]}}],"collection":[{"href":"https:\/\/taylormade-golf.vn\/en\/wp-json\/wp\/v2\/product"}],"about":[{"href":"https:\/\/taylormade-golf.vn\/en\/wp-json\/wp\/v2\/types\/product"}],"replies":[{"embeddable":true,"href":"https:\/\/taylormade-golf.vn\/en\/wp-json\/wp\/v2\/comments?post=12358"}],"wp:featuredmedia":[{"embeddable":true,"href":"https:\/\/taylormade-golf.vn\/en\/wp-json\/wp\/v2\/media\/12359"}],"wp:attachment":[{"href":"https:\/\/taylormade-golf.vn\/en\/wp-json\/wp\/v2\/media?parent=12358"}],"wp:term":[{"taxonomy":"product_brand","embeddable":true,"href":"https:\/\/taylormade-golf.vn\/en\/wp-json\/wp\/v2\/product_brand?post=12358"},{"taxonomy":"product_cat","embeddable":true,"href":"https:\/\/taylormade-golf.vn\/en\/wp-json\/wp\/v2\/product_cat?post=12358"},{"taxonomy":"product_tag","embeddable":true,"href":"https:\/\/taylormade-golf.vn\/en\/wp-json\/wp\/v2\/product_tag?post=12358"}],"curies":[{"name":"wp","href":"https:\/\/api.w.org\/{rel}","templated":true}]}}