{"id":12094,"date":"2024-06-20T16:52:15","date_gmt":"2024-06-20T09:52:15","guid":{"rendered":"https:\/\/taylormade-golf.vn\/?post_type=product&#038;p=12094"},"modified":"2024-06-20T16:52:15","modified_gmt":"2024-06-20T09:52:15","slug":"doi-gang-tay-nu-t-ice","status":"publish","type":"product","link":"https:\/\/taylormade-golf.vn\/en\/product\/doi-gang-tay-nu-t-ice\/","title":{"rendered":"T-ICE Lady Gloves Pair"},"content":{"rendered":"<p>Product Features: Long-lasting W cooling function. UV care function. For both hands.<\/p>\n<p>A. Special printing process T-ICE print applied to the mesh upper part realizes W cooling function of cooling when sweating and cooling to the touch. Cooling effect every time you wear it.<br \/>\nB. The upper part and finger gusset part are made of Torino Cool\u00ae, which is UV protection (UPF50+), quick-drying, and gentle on the skin, to support skin care.<br \/>\nC. The synthetic leather is made of perforated material with excellent breathability, ensuring breathability for the entire hand.<br \/>\nD. Silicone print that allows women to grip firmly is effectively placed on the flat side.<br \/>\nE. The long hem design and curtain function added to the slit part prevent sunburn.<\/p>\n<p>Origin: INDONESIA<\/p>\n<p>Size: 18cm (XS) 19cm (S) 20cm (M) 21cm (ML)<\/p>\n<p>Material:<\/p>\n<p>Upper part: polyester, polyurethane, synthetic leather<\/p>\n<p>Flat part: synthetic leather<\/p>","protected":false},"excerpt":{"rendered":"<p>\u0110\u1eb7c \u0111i\u1ec3m s\u1ea3n ph\u1ea9m: Ch\u1ee9c n\u0103ng l\u00e0m m\u00e1t W l\u00e2u d\u00e0i. Ch\u1ee9c n\u0103ng b\u1ea3o v\u1ec7 tia UV. D\u00e0nh cho c\u1ea3 hai b\u00e0n tay. A. Qu\u00e1 tr\u00ecnh in \u0111\u1eb7c bi\u1ec7t T-ICE \u0111\u01b0\u1ee3c \u00e1p d\u1ee5ng l\u00ean ph\u1ea7n tr\u00ean l\u01b0\u1edbi th\u1ef1c hi\u1ec7n ch\u1ee9c n\u0103ng l\u00e0m m\u00e1t W, gi\u00fap l\u00e0m m\u00e1t khi m\u1ed3 h\u00f4i v\u00e0 mang l\u1ea1i c\u1ea3m gi\u00e1c [&hellip;]<\/p>","protected":false},"featured_media":12100,"comment_status":"open","ping_status":"closed","template":"","meta":{"_acf_changed":false,"site-sidebar-layout":"default","site-content-layout":"","ast-site-content-layout":"default","site-content-style":"default","site-sidebar-style":"default","ast-global-header-display":"","ast-banner-title-visibility":"","ast-main-header-display":"","ast-hfb-above-header-display":"","ast-hfb-below-header-display":"","ast-hfb-mobile-header-display":"","site-post-title":"","ast-breadcrumbs-content":"","ast-featured-img":"","footer-sml-layout":"","theme-transparent-header-meta":"default","adv-header-id-meta":"","stick-header-meta":"default","header-above-stick-meta":"","header-main-stick-meta":"","header-below-stick-meta":"","astra-migrate-meta-layouts":"set","ast-page-background-enabled":"default","ast-page-background-meta":{"desktop":{"background-color":"","background-image":"","background-repeat":"repeat","background-position":"center center","background-size":"auto","background-attachment":"scroll","background-type":"","background-media":"","overlay-type":"","overlay-color":"","overlay-opacity":"","overlay-gradient":""},"tablet":{"background-color":"","background-image":"","background-repeat":"repeat","background-position":"center center","background-size":"auto","background-attachment":"scroll","background-type":"","background-media":"","overlay-type":"","overlay-color":"","overlay-opacity":"","overlay-gradient":""},"mobile":{"background-color":"","background-image":"","background-repeat":"repeat","background-position":"center center","background-size":"auto","background-attachment":"scroll","background-type":"","background-media":"","overlay-type":"","overlay-color":"","overlay-opacity":"","overlay-gradient":""}},"ast-content-background-meta":{"desktop":{"background-color":"var(--ast-global-color-5)","background-image":"","background-repeat":"repeat","background-position":"center center","background-size":"auto","background-attachment":"scroll","background-type":"","background-media":"","overlay-type":"","overlay-color":"","overlay-opacity":"","overlay-gradient":""},"tablet":{"background-color":"var(--ast-global-color-5)","background-image":"","background-repeat":"repeat","background-position":"center center","background-size":"auto","background-attachment":"scroll","background-type":"","background-media":"","overlay-type":"","overlay-color":"","overlay-opacity":"","overlay-gradient":""},"mobile":{"background-color":"var(--ast-global-color-5)","background-image":"","background-repeat":"repeat","background-position":"center center","background-size":"auto","background-attachment":"scroll","background-type":"","background-media":"","overlay-type":"","overlay-color":"","overlay-opacity":"","overlay-gradient":""}}},"product_brand":[],"product_cat":[263,93],"product_tag":[320],"class_list":{"0":"post-12094","1":"product","2":"type-product","3":"status-publish","4":"has-post-thumbnail","6":"product_cat-nu","7":"product_cat-gang-tay","8":"product_tag-320","9":"desktop-align-center","10":"tablet-align-center","11":"mobile-align-center","12":"ast-product-gallery-layout-first-image-large","13":"ast-product-single-variable","14":"ast-product-tabs-layout-distributed","16":"first","17":"instock","18":"shipping-taxable","19":"purchasable","20":"product-type-variable","21":"has-default-attributes"},"acf":[],"_links":{"self":[{"href":"https:\/\/taylormade-golf.vn\/en\/wp-json\/wp\/v2\/product\/12094","targetHints":{"allow":["GET"]}}],"collection":[{"href":"https:\/\/taylormade-golf.vn\/en\/wp-json\/wp\/v2\/product"}],"about":[{"href":"https:\/\/taylormade-golf.vn\/en\/wp-json\/wp\/v2\/types\/product"}],"replies":[{"embeddable":true,"href":"https:\/\/taylormade-golf.vn\/en\/wp-json\/wp\/v2\/comments?post=12094"}],"wp:featuredmedia":[{"embeddable":true,"href":"https:\/\/taylormade-golf.vn\/en\/wp-json\/wp\/v2\/media\/12100"}],"wp:attachment":[{"href":"https:\/\/taylormade-golf.vn\/en\/wp-json\/wp\/v2\/media?parent=12094"}],"wp:term":[{"taxonomy":"product_brand","embeddable":true,"href":"https:\/\/taylormade-golf.vn\/en\/wp-json\/wp\/v2\/product_brand?post=12094"},{"taxonomy":"product_cat","embeddable":true,"href":"https:\/\/taylormade-golf.vn\/en\/wp-json\/wp\/v2\/product_cat?post=12094"},{"taxonomy":"product_tag","embeddable":true,"href":"https:\/\/taylormade-golf.vn\/en\/wp-json\/wp\/v2\/product_tag?post=12094"}],"curies":[{"name":"wp","href":"https:\/\/api.w.org\/{rel}","templated":true}]}}