{"id":11962,"date":"2024-06-20T16:24:22","date_gmt":"2024-06-20T09:24:22","guid":{"rendered":"https:\/\/taylormade-golf.vn\/?post_type=product&#038;p=11962"},"modified":"2024-06-20T16:24:22","modified_gmt":"2024-06-20T09:24:22","slug":"gang-tay-smart-cross","status":"publish","type":"product","link":"https:\/\/taylormade-golf.vn\/en\/product\/gang-tay-smart-cross\/","title":{"rendered":"Smart Cross Gloves"},"content":{"rendered":"<p>Product Features: A new generation wrist-free structure that emphasizes sensation. Reduces stress during swinging. Also ideal for wearing a smartwatch.<\/p>\n<p>A. A new design that eliminates the area that interferes with the wrist, which makes complex movements during swinging, and pursues a comfortable and smooth swing. Enables a swing without discomfort.<br \/>\nIn addition, since the wrist is free, it does not get in the way even if you wear a smartwatch or GPS.<br \/>\nB. The proprietary lightweight and highly flexible tab specification fits firmly to the movement of the hand during swinging.<br \/>\nC. The stretch knit on the back side is made of a transfer sheet that adjusts the stretch, achieving a seamless fit.<br \/>\nD. The flat side is made of synthetic leather that is non-slip and has a good grip.<\/p>\n<p>Origin: MYANMAR<\/p>\n<p>Size: 21 22 23 24 25 26cm<\/p>\n<p>Material: Back: Nylon\/Polyurethane, Flat: Synthetic leather, Finger crotch: Nylon\/Polyurethane<\/p>\n<p>Tour pro supervision Bare hand feeling Wrist open structure reduces stress<\/p>","protected":false},"excerpt":{"rendered":"<p>\u0110\u1eb7c \u0111i\u1ec3m s\u1ea3n ph\u1ea9m: C\u1ea5u tr\u00fac m\u1edbi kh\u00f4ng c\u1ea7n ph\u1ea7n c\u1ed5 tay nh\u1ea5n m\u1ea1nh c\u1ea3m gi\u00e1c. Gi\u1ea3m c\u0103ng th\u1eb3ng trong qu\u00e1 tr\u00ecnh \u0111\u00e1nh. C\u0169ng r\u1ea5t l\u00fd t\u01b0\u1edfng \u0111\u1ec3 \u0111eo \u0111\u1ed3ng h\u1ed3 th\u00f4ng minh. A. Thi\u1ebft k\u1ebf m\u1edbi lo\u1ea1i b\u1ecf khu v\u1ef1c g\u00e2y c\u1ea3n tr\u1edf c\u1ed5 tay, gi\u00fap qu\u00e1 tr\u00ecnh \u0111\u00e1nh v\u1edbi nh\u1eefng c\u1eed \u0111\u1ed9ng ph\u1ee9c [&hellip;]<\/p>","protected":false},"featured_media":12032,"comment_status":"open","ping_status":"closed","template":"","meta":{"_acf_changed":false,"site-sidebar-layout":"default","site-content-layout":"","ast-site-content-layout":"default","site-content-style":"default","site-sidebar-style":"default","ast-global-header-display":"","ast-banner-title-visibility":"","ast-main-header-display":"","ast-hfb-above-header-display":"","ast-hfb-below-header-display":"","ast-hfb-mobile-header-display":"","site-post-title":"","ast-breadcrumbs-content":"","ast-featured-img":"","footer-sml-layout":"","theme-transparent-header-meta":"default","adv-header-id-meta":"","stick-header-meta":"default","header-above-stick-meta":"","header-main-stick-meta":"","header-below-stick-meta":"","astra-migrate-meta-layouts":"set","ast-page-background-enabled":"default","ast-page-background-meta":{"desktop":{"background-color":"","background-image":"","background-repeat":"repeat","background-position":"center center","background-size":"auto","background-attachment":"scroll","background-type":"","background-media":"","overlay-type":"","overlay-color":"","overlay-opacity":"","overlay-gradient":""},"tablet":{"background-color":"","background-image":"","background-repeat":"repeat","background-position":"center center","background-size":"auto","background-attachment":"scroll","background-type":"","background-media":"","overlay-type":"","overlay-color":"","overlay-opacity":"","overlay-gradient":""},"mobile":{"background-color":"","background-image":"","background-repeat":"repeat","background-position":"center center","background-size":"auto","background-attachment":"scroll","background-type":"","background-media":"","overlay-type":"","overlay-color":"","overlay-opacity":"","overlay-gradient":""}},"ast-content-background-meta":{"desktop":{"background-color":"var(--ast-global-color-5)","background-image":"","background-repeat":"repeat","background-position":"center center","background-size":"auto","background-attachment":"scroll","background-type":"","background-media":"","overlay-type":"","overlay-color":"","overlay-opacity":"","overlay-gradient":""},"tablet":{"background-color":"var(--ast-global-color-5)","background-image":"","background-repeat":"repeat","background-position":"center center","background-size":"auto","background-attachment":"scroll","background-type":"","background-media":"","overlay-type":"","overlay-color":"","overlay-opacity":"","overlay-gradient":""},"mobile":{"background-color":"var(--ast-global-color-5)","background-image":"","background-repeat":"repeat","background-position":"center center","background-size":"auto","background-attachment":"scroll","background-type":"","background-media":"","overlay-type":"","overlay-color":"","overlay-opacity":"","overlay-gradient":""}}},"product_brand":[],"product_cat":[262,93],"product_tag":[320],"class_list":{"0":"post-11962","1":"product","2":"type-product","3":"status-publish","4":"has-post-thumbnail","6":"product_cat-nam","7":"product_cat-gang-tay","8":"product_tag-320","9":"desktop-align-center","10":"tablet-align-center","11":"mobile-align-center","12":"ast-product-gallery-layout-first-image-large","13":"ast-product-single-variable","14":"ast-product-tabs-layout-distributed","16":"first","17":"instock","18":"shipping-taxable","19":"purchasable","20":"product-type-variable","21":"has-default-attributes"},"acf":[],"_links":{"self":[{"href":"https:\/\/taylormade-golf.vn\/en\/wp-json\/wp\/v2\/product\/11962","targetHints":{"allow":["GET"]}}],"collection":[{"href":"https:\/\/taylormade-golf.vn\/en\/wp-json\/wp\/v2\/product"}],"about":[{"href":"https:\/\/taylormade-golf.vn\/en\/wp-json\/wp\/v2\/types\/product"}],"replies":[{"embeddable":true,"href":"https:\/\/taylormade-golf.vn\/en\/wp-json\/wp\/v2\/comments?post=11962"}],"wp:featuredmedia":[{"embeddable":true,"href":"https:\/\/taylormade-golf.vn\/en\/wp-json\/wp\/v2\/media\/12032"}],"wp:attachment":[{"href":"https:\/\/taylormade-golf.vn\/en\/wp-json\/wp\/v2\/media?parent=11962"}],"wp:term":[{"taxonomy":"product_brand","embeddable":true,"href":"https:\/\/taylormade-golf.vn\/en\/wp-json\/wp\/v2\/product_brand?post=11962"},{"taxonomy":"product_cat","embeddable":true,"href":"https:\/\/taylormade-golf.vn\/en\/wp-json\/wp\/v2\/product_cat?post=11962"},{"taxonomy":"product_tag","embeddable":true,"href":"https:\/\/taylormade-golf.vn\/en\/wp-json\/wp\/v2\/product_tag?post=11962"}],"curies":[{"name":"wp","href":"https:\/\/api.w.org\/{rel}","templated":true}]}}