{"id":11918,"date":"2024-06-20T15:55:25","date_gmt":"2024-06-20T08:55:25","guid":{"rendered":"https:\/\/taylormade-golf.vn\/?post_type=product&#038;p=11918"},"modified":"2024-06-20T17:28:41","modified_gmt":"2024-06-20T10:28:41","slug":"gang-tay-t-ice","status":"publish","type":"product","link":"https:\/\/taylormade-golf.vn\/en\/product\/gang-tay-t-ice\/","title":{"rendered":"T-ICE Gloves"},"content":{"rendered":"<p>Product Features: Long-lasting double cooling function. Cools you every time you wear it on the tee ground.<br \/>\nA. The special T-ICE print applied to the mesh upper part provides a double cooling function of cooling when sweating and cooling to the touch. Cools you every time you wear it.<br \/>\nB. The finger gusset part is made of Torino Cool\u00ae, a skin-friendly material with UV protection (UPF50+) and quick-drying moisture-wicking material.<br \/>\nC. The synthetic leather is made of perforated material with excellent breathability, ensuring breathability for the entire hand.<br \/>\nD. The thumb palm and the address part are made of suede-like synthetic leather that is not slippery even when wet with rain or sweat, supporting summer play.<br \/>\nE. The flap part has a large tab for better grip.<\/p>\n<p>Origin: INDONESIA<br \/>\nSize: 21 22 23 24 25 26cm<br \/>\nMaterial: Upper part: polyester, polyurethane, synthetic leather Flat part: synthetic leather<\/p>","protected":false},"excerpt":{"rendered":"<p>\u0110\u1eb7c \u0111i\u1ec3m s\u1ea3n ph\u1ea9m: Ch\u1ee9c n\u0103ng l\u00e0m m\u00e1t k\u00e9p b\u1ec1n l\u00e2u. L\u00e0m m\u00e1t b\u1ea1n m\u1ed7i khi b\u1ea1n \u0111eo n\u00f3 tr\u00ean s\u00e2n. A. H\u00ecnh in \u0111\u1eb7c bi\u1ec7t T-ICE \u0111\u01b0\u1ee3c \u00e1p d\u1ee5ng l\u00ean ph\u1ea7n tr\u00ean l\u01b0\u1edbi cung c\u1ea5p ch\u1ee9c n\u0103ng l\u00e0m m\u00e1t k\u00e9p, l\u00e0m m\u00e1t khi b\u1ea1n \u0111\u1ed5 m\u1ed3i m\u1ed3 h\u00f4i v\u00e0 m\u00e1t khi ch\u1ea1m v\u00e0o. L\u00e0m [&hellip;]<\/p>","protected":false},"featured_media":11925,"comment_status":"open","ping_status":"closed","template":"","meta":{"_acf_changed":false,"site-sidebar-layout":"default","site-content-layout":"","ast-site-content-layout":"default","site-content-style":"default","site-sidebar-style":"default","ast-global-header-display":"","ast-banner-title-visibility":"","ast-main-header-display":"","ast-hfb-above-header-display":"","ast-hfb-below-header-display":"","ast-hfb-mobile-header-display":"","site-post-title":"","ast-breadcrumbs-content":"","ast-featured-img":"","footer-sml-layout":"","theme-transparent-header-meta":"default","adv-header-id-meta":"","stick-header-meta":"default","header-above-stick-meta":"","header-main-stick-meta":"","header-below-stick-meta":"","astra-migrate-meta-layouts":"set","ast-page-background-enabled":"default","ast-page-background-meta":{"desktop":{"background-color":"","background-image":"","background-repeat":"repeat","background-position":"center center","background-size":"auto","background-attachment":"scroll","background-type":"","background-media":"","overlay-type":"","overlay-color":"","overlay-opacity":"","overlay-gradient":""},"tablet":{"background-color":"","background-image":"","background-repeat":"repeat","background-position":"center center","background-size":"auto","background-attachment":"scroll","background-type":"","background-media":"","overlay-type":"","overlay-color":"","overlay-opacity":"","overlay-gradient":""},"mobile":{"background-color":"","background-image":"","background-repeat":"repeat","background-position":"center center","background-size":"auto","background-attachment":"scroll","background-type":"","background-media":"","overlay-type":"","overlay-color":"","overlay-opacity":"","overlay-gradient":""}},"ast-content-background-meta":{"desktop":{"background-color":"var(--ast-global-color-5)","background-image":"","background-repeat":"repeat","background-position":"center center","background-size":"auto","background-attachment":"scroll","background-type":"","background-media":"","overlay-type":"","overlay-color":"","overlay-opacity":"","overlay-gradient":""},"tablet":{"background-color":"var(--ast-global-color-5)","background-image":"","background-repeat":"repeat","background-position":"center center","background-size":"auto","background-attachment":"scroll","background-type":"","background-media":"","overlay-type":"","overlay-color":"","overlay-opacity":"","overlay-gradient":""},"mobile":{"background-color":"var(--ast-global-color-5)","background-image":"","background-repeat":"repeat","background-position":"center center","background-size":"auto","background-attachment":"scroll","background-type":"","background-media":"","overlay-type":"","overlay-color":"","overlay-opacity":"","overlay-gradient":""}}},"product_brand":[],"product_cat":[262,93],"product_tag":[320],"class_list":{"0":"post-11918","1":"product","2":"type-product","3":"status-publish","4":"has-post-thumbnail","6":"product_cat-nam","7":"product_cat-gang-tay","8":"product_tag-320","9":"desktop-align-center","10":"tablet-align-center","11":"mobile-align-center","12":"ast-product-gallery-layout-first-image-large","13":"ast-product-single-variable","14":"ast-product-tabs-layout-distributed","16":"first","17":"instock","18":"shipping-taxable","19":"purchasable","20":"product-type-variable"},"acf":[],"_links":{"self":[{"href":"https:\/\/taylormade-golf.vn\/en\/wp-json\/wp\/v2\/product\/11918","targetHints":{"allow":["GET"]}}],"collection":[{"href":"https:\/\/taylormade-golf.vn\/en\/wp-json\/wp\/v2\/product"}],"about":[{"href":"https:\/\/taylormade-golf.vn\/en\/wp-json\/wp\/v2\/types\/product"}],"replies":[{"embeddable":true,"href":"https:\/\/taylormade-golf.vn\/en\/wp-json\/wp\/v2\/comments?post=11918"}],"wp:featuredmedia":[{"embeddable":true,"href":"https:\/\/taylormade-golf.vn\/en\/wp-json\/wp\/v2\/media\/11925"}],"wp:attachment":[{"href":"https:\/\/taylormade-golf.vn\/en\/wp-json\/wp\/v2\/media?parent=11918"}],"wp:term":[{"taxonomy":"product_brand","embeddable":true,"href":"https:\/\/taylormade-golf.vn\/en\/wp-json\/wp\/v2\/product_brand?post=11918"},{"taxonomy":"product_cat","embeddable":true,"href":"https:\/\/taylormade-golf.vn\/en\/wp-json\/wp\/v2\/product_cat?post=11918"},{"taxonomy":"product_tag","embeddable":true,"href":"https:\/\/taylormade-golf.vn\/en\/wp-json\/wp\/v2\/product_tag?post=11918"}],"curies":[{"name":"wp","href":"https:\/\/api.w.org\/{rel}","templated":true}]}}