{"id":11845,"date":"2024-06-20T15:24:35","date_gmt":"2024-06-20T08:24:35","guid":{"rendered":"https:\/\/taylormade-golf.vn\/?post_type=product&#038;p=11845"},"modified":"2024-06-20T15:24:35","modified_gmt":"2024-06-20T08:24:35","slug":"tui-tote-slim","status":"publish","type":"product","link":"https:\/\/taylormade-golf.vn\/en\/product\/tui-tote-slim\/","title":{"rendered":"Slim Tote Bag"},"content":{"rendered":"<p>A large tote bag with a roll-top closure and graphic prints and buckles as design points. In addition to the pocket on the back, the inside has a large mesh pocket and a zippered inner pocket for small items, so it has a lot of storage space.<\/p>\n<p>Country of Origin: CHINA<\/p>\n<p>Size: L58 x W25 x H40cm<\/p>\n<p>Material: Polyester<\/p>","protected":false},"excerpt":{"rendered":"<p>M\u1ed9t chi\u1ebfc t\u00fai tote l\u1edbn v\u1edbi c\u00e1ch \u0111\u00f3ng m\u1edf theo ki\u1ec3u cu\u1ed9n v\u00e0 c\u00e1c h\u00ecnh in v\u00e0 kh\u00f3a nh\u01b0 1 \u0111i\u1ec3m thi\u1ebft k\u1ebf. Ngo\u00e0i t\u00fai ph\u00eda sau, b\u00ean trong c\u00f3 m\u1ed9t t\u00fai l\u01b0\u1edbi l\u1edbn v\u00e0 m\u1ed9t t\u00fai l\u1ed3ng c\u00f3 kh\u00f3a k\u00e9o \u0111\u1ec3 \u0111\u1ef1ng c\u00e1c v\u1eadt nh\u1ecf, do \u0111\u00f3 n\u00f3 c\u00f3 kh\u00f4ng gian l\u01b0u tr\u1eef r\u1ed9ng [&hellip;]<\/p>","protected":false},"featured_media":11853,"comment_status":"open","ping_status":"closed","template":"","meta":{"_acf_changed":false,"site-sidebar-layout":"default","site-content-layout":"","ast-site-content-layout":"default","site-content-style":"default","site-sidebar-style":"default","ast-global-header-display":"","ast-banner-title-visibility":"","ast-main-header-display":"","ast-hfb-above-header-display":"","ast-hfb-below-header-display":"","ast-hfb-mobile-header-display":"","site-post-title":"","ast-breadcrumbs-content":"","ast-featured-img":"","footer-sml-layout":"","theme-transparent-header-meta":"default","adv-header-id-meta":"","stick-header-meta":"default","header-above-stick-meta":"","header-main-stick-meta":"","header-below-stick-meta":"","astra-migrate-meta-layouts":"set","ast-page-background-enabled":"default","ast-page-background-meta":{"desktop":{"background-color":"","background-image":"","background-repeat":"repeat","background-position":"center center","background-size":"auto","background-attachment":"scroll","background-type":"","background-media":"","overlay-type":"","overlay-color":"","overlay-opacity":"","overlay-gradient":""},"tablet":{"background-color":"","background-image":"","background-repeat":"repeat","background-position":"center center","background-size":"auto","background-attachment":"scroll","background-type":"","background-media":"","overlay-type":"","overlay-color":"","overlay-opacity":"","overlay-gradient":""},"mobile":{"background-color":"","background-image":"","background-repeat":"repeat","background-position":"center center","background-size":"auto","background-attachment":"scroll","background-type":"","background-media":"","overlay-type":"","overlay-color":"","overlay-opacity":"","overlay-gradient":""}},"ast-content-background-meta":{"desktop":{"background-color":"var(--ast-global-color-5)","background-image":"","background-repeat":"repeat","background-position":"center center","background-size":"auto","background-attachment":"scroll","background-type":"","background-media":"","overlay-type":"","overlay-color":"","overlay-opacity":"","overlay-gradient":""},"tablet":{"background-color":"var(--ast-global-color-5)","background-image":"","background-repeat":"repeat","background-position":"center center","background-size":"auto","background-attachment":"scroll","background-type":"","background-media":"","overlay-type":"","overlay-color":"","overlay-opacity":"","overlay-gradient":""},"mobile":{"background-color":"var(--ast-global-color-5)","background-image":"","background-repeat":"repeat","background-position":"center center","background-size":"auto","background-attachment":"scroll","background-type":"","background-media":"","overlay-type":"","overlay-color":"","overlay-opacity":"","overlay-gradient":""}}},"product_brand":[],"product_cat":[262,268],"product_tag":[320],"class_list":{"0":"post-11845","1":"product","2":"type-product","3":"status-publish","4":"has-post-thumbnail","6":"product_cat-nam","7":"product_cat-tui-tote","8":"product_tag-320","9":"desktop-align-center","10":"tablet-align-center","11":"mobile-align-center","12":"ast-product-gallery-layout-first-image-large","13":"ast-product-single-variable","14":"ast-product-tabs-layout-distributed","16":"first","17":"instock","18":"shipping-taxable","19":"purchasable","20":"product-type-variable","21":"has-default-attributes"},"acf":[],"_links":{"self":[{"href":"https:\/\/taylormade-golf.vn\/en\/wp-json\/wp\/v2\/product\/11845","targetHints":{"allow":["GET"]}}],"collection":[{"href":"https:\/\/taylormade-golf.vn\/en\/wp-json\/wp\/v2\/product"}],"about":[{"href":"https:\/\/taylormade-golf.vn\/en\/wp-json\/wp\/v2\/types\/product"}],"replies":[{"embeddable":true,"href":"https:\/\/taylormade-golf.vn\/en\/wp-json\/wp\/v2\/comments?post=11845"}],"wp:featuredmedia":[{"embeddable":true,"href":"https:\/\/taylormade-golf.vn\/en\/wp-json\/wp\/v2\/media\/11853"}],"wp:attachment":[{"href":"https:\/\/taylormade-golf.vn\/en\/wp-json\/wp\/v2\/media?parent=11845"}],"wp:term":[{"taxonomy":"product_brand","embeddable":true,"href":"https:\/\/taylormade-golf.vn\/en\/wp-json\/wp\/v2\/product_brand?post=11845"},{"taxonomy":"product_cat","embeddable":true,"href":"https:\/\/taylormade-golf.vn\/en\/wp-json\/wp\/v2\/product_cat?post=11845"},{"taxonomy":"product_tag","embeddable":true,"href":"https:\/\/taylormade-golf.vn\/en\/wp-json\/wp\/v2\/product_tag?post=11845"}],"curies":[{"name":"wp","href":"https:\/\/api.w.org\/{rel}","templated":true}]}}