{"id":11783,"date":"2023-06-20T15:09:07","date_gmt":"2023-06-20T08:09:07","guid":{"rendered":"https:\/\/taylormade-golf.vn\/?post_type=product&#038;p=11783"},"modified":"2024-06-27T17:16:32","modified_gmt":"2024-06-27T10:16:32","slug":"tui-da-nang-slim","status":"publish","type":"product","link":"https:\/\/taylormade-golf.vn\/en\/product\/tui-da-nang-slim\/","title":{"rendered":"Slim Multi-Pocket"},"content":{"rendered":"<p>Attach the flap to the bar on the back of the cart and store score cards and other small items in the pocket. The front has a zipper pocket and a tee holder. It can be attached to a bag with a carabiner.<\/p>\n<p>Country of Origin: CHINA<\/p>\n<p>Size: L17 x W3 x H18cm<\/p>\n<p>Material: Polyester<\/p>","protected":false},"excerpt":{"rendered":"<p>G\u1eafn n\u1eafp v\u00e0o thanh ph\u00eda sau v\u00e0 l\u01b0u tr\u1eef scorecard v\u00e0 c\u00e1c \u0111\u1ed3 nh\u1ecf kh\u00e1c trong t\u00fai. M\u1eb7t tr\u01b0\u1edbc c\u00f3 m\u1ed9t t\u00fai kh\u00f3a k\u00e9o v\u00e0 ng\u0103n gi\u1eef tee. N\u00f3 c\u00f3 th\u1ec3 \u0111\u01b0\u1ee3c g\u1eafn v\u00e0o t\u00fai v\u1edbi m\u1ed9t m\u00f3c carabiner. Xu\u1ea5t x\u1ee9: TRUNG QU\u1ed0C K\u00edch th\u01b0\u1edbc: L17 x W3 x H18cm Ch\u1ea5t li\u1ec7u: Polyester<\/p>","protected":false},"featured_media":11800,"comment_status":"open","ping_status":"closed","template":"","meta":{"_acf_changed":false,"site-sidebar-layout":"default","site-content-layout":"","ast-site-content-layout":"default","site-content-style":"default","site-sidebar-style":"default","ast-global-header-display":"","ast-banner-title-visibility":"","ast-main-header-display":"","ast-hfb-above-header-display":"","ast-hfb-below-header-display":"","ast-hfb-mobile-header-display":"","site-post-title":"","ast-breadcrumbs-content":"","ast-featured-img":"","footer-sml-layout":"","theme-transparent-header-meta":"default","adv-header-id-meta":"","stick-header-meta":"default","header-above-stick-meta":"","header-main-stick-meta":"","header-below-stick-meta":"","astra-migrate-meta-layouts":"set","ast-page-background-enabled":"default","ast-page-background-meta":{"desktop":{"background-color":"","background-image":"","background-repeat":"repeat","background-position":"center center","background-size":"auto","background-attachment":"scroll","background-type":"","background-media":"","overlay-type":"","overlay-color":"","overlay-opacity":"","overlay-gradient":""},"tablet":{"background-color":"","background-image":"","background-repeat":"repeat","background-position":"center center","background-size":"auto","background-attachment":"scroll","background-type":"","background-media":"","overlay-type":"","overlay-color":"","overlay-opacity":"","overlay-gradient":""},"mobile":{"background-color":"","background-image":"","background-repeat":"repeat","background-position":"center center","background-size":"auto","background-attachment":"scroll","background-type":"","background-media":"","overlay-type":"","overlay-color":"","overlay-opacity":"","overlay-gradient":""}},"ast-content-background-meta":{"desktop":{"background-color":"var(--ast-global-color-5)","background-image":"","background-repeat":"repeat","background-position":"center center","background-size":"auto","background-attachment":"scroll","background-type":"","background-media":"","overlay-type":"","overlay-color":"","overlay-opacity":"","overlay-gradient":""},"tablet":{"background-color":"var(--ast-global-color-5)","background-image":"","background-repeat":"repeat","background-position":"center center","background-size":"auto","background-attachment":"scroll","background-type":"","background-media":"","overlay-type":"","overlay-color":"","overlay-opacity":"","overlay-gradient":""},"mobile":{"background-color":"var(--ast-global-color-5)","background-image":"","background-repeat":"repeat","background-position":"center center","background-size":"auto","background-attachment":"scroll","background-type":"","background-media":"","overlay-type":"","overlay-color":"","overlay-opacity":"","overlay-gradient":""}}},"product_brand":[],"product_cat":[262,383],"product_tag":[320],"class_list":{"0":"post-11783","1":"product","2":"type-product","3":"status-publish","4":"has-post-thumbnail","6":"product_cat-nam","7":"product_cat-tui-khac","8":"product_tag-320","9":"desktop-align-center","10":"tablet-align-center","11":"mobile-align-center","12":"ast-product-gallery-layout-first-image-large","13":"ast-product-single-variable","14":"ast-product-tabs-layout-distributed","16":"first","17":"instock","18":"shipping-taxable","19":"purchasable","20":"product-type-variable","21":"has-default-attributes"},"acf":[],"_links":{"self":[{"href":"https:\/\/taylormade-golf.vn\/en\/wp-json\/wp\/v2\/product\/11783","targetHints":{"allow":["GET"]}}],"collection":[{"href":"https:\/\/taylormade-golf.vn\/en\/wp-json\/wp\/v2\/product"}],"about":[{"href":"https:\/\/taylormade-golf.vn\/en\/wp-json\/wp\/v2\/types\/product"}],"replies":[{"embeddable":true,"href":"https:\/\/taylormade-golf.vn\/en\/wp-json\/wp\/v2\/comments?post=11783"}],"wp:featuredmedia":[{"embeddable":true,"href":"https:\/\/taylormade-golf.vn\/en\/wp-json\/wp\/v2\/media\/11800"}],"wp:attachment":[{"href":"https:\/\/taylormade-golf.vn\/en\/wp-json\/wp\/v2\/media?parent=11783"}],"wp:term":[{"taxonomy":"product_brand","embeddable":true,"href":"https:\/\/taylormade-golf.vn\/en\/wp-json\/wp\/v2\/product_brand?post=11783"},{"taxonomy":"product_cat","embeddable":true,"href":"https:\/\/taylormade-golf.vn\/en\/wp-json\/wp\/v2\/product_cat?post=11783"},{"taxonomy":"product_tag","embeddable":true,"href":"https:\/\/taylormade-golf.vn\/en\/wp-json\/wp\/v2\/product_tag?post=11783"}],"curies":[{"name":"wp","href":"https:\/\/api.w.org\/{rel}","templated":true}]}}