{"id":11553,"date":"2023-06-20T10:48:19","date_gmt":"2023-06-20T03:48:19","guid":{"rendered":"https:\/\/taylormade-golf.vn\/?post_type=product&#038;p=11553"},"modified":"2024-06-20T10:52:29","modified_gmt":"2024-06-20T03:52:29","slug":"tui-xach-tay-sports-modern","status":"publish","type":"product","link":"https:\/\/taylormade-golf.vn\/en\/product\/tui-xach-tay-sports-modern\/","title":{"rendered":"Sport Modern Boston Bag"},"content":{"rendered":"<p><span style=\"font-weight: 400;\">A sporty and modern Boston bag with a chic monotone design with a nice texture and a subtle accent of the metal T logo print. When not in use, the bag can be folded up and stored by lifting the inner bottom plate.<\/span><\/p>\n<p><span style=\"font-weight: 400;\">Country of Origin: CHINA<\/span><\/p>\n<p><span style=\"font-weight: 400;\">Size: L52 x W24 x H30cm<\/span><\/p>\n<p><span style=\"font-weight: 400;\">Material: Synthetic leather, polyester<\/span><\/p>","protected":false},"excerpt":{"rendered":"<p>M\u1ed9t chi\u1ebfc t\u00fai x\u00e1ch tay th\u1ec3 thao v\u00e0 hi\u1ec7n \u0111\u1ea1i v\u1edbi thi\u1ebft k\u1ebf \u0111\u01a1n s\u1eafc sang tr\u1ecdng, c\u00f3 ch\u1ea5t li\u1ec7u t\u1ed1t v\u00e0 m\u1ed9t \u0111i\u1ec3m nh\u1ea5n tinh t\u1ebf l\u00e0 h\u00ecnh in logo Metal T. Khi kh\u00f4ng s\u1eed d\u1ee5ng, t\u00fai c\u00f3 th\u1ec3 g\u1eadp l\u1ea1i v\u00e0 \u0111\u01b0\u1ee3c l\u01b0u tr\u1eef b\u1eb1ng c\u00e1ch n\u00e2ng t\u1ea5m \u0111\u00e1y b\u00ean trong. Xu\u1ea5t x\u1ee9: [&hellip;]<\/p>","protected":false},"featured_media":11559,"comment_status":"open","ping_status":"closed","template":"","meta":{"_acf_changed":false,"site-sidebar-layout":"default","site-content-layout":"","ast-site-content-layout":"default","site-content-style":"default","site-sidebar-style":"default","ast-global-header-display":"","ast-banner-title-visibility":"","ast-main-header-display":"","ast-hfb-above-header-display":"","ast-hfb-below-header-display":"","ast-hfb-mobile-header-display":"","site-post-title":"","ast-breadcrumbs-content":"","ast-featured-img":"","footer-sml-layout":"","theme-transparent-header-meta":"default","adv-header-id-meta":"","stick-header-meta":"default","header-above-stick-meta":"","header-main-stick-meta":"","header-below-stick-meta":"","astra-migrate-meta-layouts":"set","ast-page-background-enabled":"default","ast-page-background-meta":{"desktop":{"background-color":"","background-image":"","background-repeat":"repeat","background-position":"center center","background-size":"auto","background-attachment":"scroll","background-type":"","background-media":"","overlay-type":"","overlay-color":"","overlay-opacity":"","overlay-gradient":""},"tablet":{"background-color":"","background-image":"","background-repeat":"repeat","background-position":"center center","background-size":"auto","background-attachment":"scroll","background-type":"","background-media":"","overlay-type":"","overlay-color":"","overlay-opacity":"","overlay-gradient":""},"mobile":{"background-color":"","background-image":"","background-repeat":"repeat","background-position":"center center","background-size":"auto","background-attachment":"scroll","background-type":"","background-media":"","overlay-type":"","overlay-color":"","overlay-opacity":"","overlay-gradient":""}},"ast-content-background-meta":{"desktop":{"background-color":"var(--ast-global-color-5)","background-image":"","background-repeat":"repeat","background-position":"center center","background-size":"auto","background-attachment":"scroll","background-type":"","background-media":"","overlay-type":"","overlay-color":"","overlay-opacity":"","overlay-gradient":""},"tablet":{"background-color":"var(--ast-global-color-5)","background-image":"","background-repeat":"repeat","background-position":"center center","background-size":"auto","background-attachment":"scroll","background-type":"","background-media":"","overlay-type":"","overlay-color":"","overlay-opacity":"","overlay-gradient":""},"mobile":{"background-color":"var(--ast-global-color-5)","background-image":"","background-repeat":"repeat","background-position":"center center","background-size":"auto","background-attachment":"scroll","background-type":"","background-media":"","overlay-type":"","overlay-color":"","overlay-opacity":"","overlay-gradient":""}}},"product_brand":[],"product_cat":[262,100],"product_tag":[320],"class_list":{"0":"post-11553","1":"product","2":"type-product","3":"status-publish","4":"has-post-thumbnail","6":"product_cat-nam","7":"product_cat-tui-xach-tay","8":"product_tag-320","9":"desktop-align-center","10":"tablet-align-center","11":"mobile-align-center","12":"ast-product-gallery-layout-first-image-large","13":"ast-product-single-variable","14":"ast-product-tabs-layout-distributed","16":"first","17":"instock","18":"shipping-taxable","19":"purchasable","20":"product-type-variable","21":"has-default-attributes"},"acf":[],"_links":{"self":[{"href":"https:\/\/taylormade-golf.vn\/en\/wp-json\/wp\/v2\/product\/11553","targetHints":{"allow":["GET"]}}],"collection":[{"href":"https:\/\/taylormade-golf.vn\/en\/wp-json\/wp\/v2\/product"}],"about":[{"href":"https:\/\/taylormade-golf.vn\/en\/wp-json\/wp\/v2\/types\/product"}],"replies":[{"embeddable":true,"href":"https:\/\/taylormade-golf.vn\/en\/wp-json\/wp\/v2\/comments?post=11553"}],"wp:featuredmedia":[{"embeddable":true,"href":"https:\/\/taylormade-golf.vn\/en\/wp-json\/wp\/v2\/media\/11559"}],"wp:attachment":[{"href":"https:\/\/taylormade-golf.vn\/en\/wp-json\/wp\/v2\/media?parent=11553"}],"wp:term":[{"taxonomy":"product_brand","embeddable":true,"href":"https:\/\/taylormade-golf.vn\/en\/wp-json\/wp\/v2\/product_brand?post=11553"},{"taxonomy":"product_cat","embeddable":true,"href":"https:\/\/taylormade-golf.vn\/en\/wp-json\/wp\/v2\/product_cat?post=11553"},{"taxonomy":"product_tag","embeddable":true,"href":"https:\/\/taylormade-golf.vn\/en\/wp-json\/wp\/v2\/product_tag?post=11553"}],"curies":[{"name":"wp","href":"https:\/\/api.w.org\/{rel}","templated":true}]}}