{"id":11443,"date":"2023-06-20T09:50:13","date_gmt":"2023-06-20T02:50:13","guid":{"rendered":"https:\/\/taylormade-golf.vn\/?post_type=product&#038;p=11443"},"modified":"2024-06-20T09:53:04","modified_gmt":"2024-06-20T02:53:04","slug":"tui-dung-may-do-khoang-cach-austech","status":"publish","type":"product","link":"https:\/\/taylormade-golf.vn\/en\/product\/tui-dung-may-do-khoang-cach-austech\/","title":{"rendered":"Austec Molded Scope Case"},"content":{"rendered":"<p><span style=\"font-weight: 400;\">A compact hard case that allows you to easily carry the items you need during the round. The FIDLOCK\u00ae magnetic snap allows you to use it with the zipper open during the round. Reduces the hassle of opening and closing. The TaylorMade logo is embossed on the mold.<\/span><\/p>\n<p><span style=\"font-weight: 400;\">Country of Origin: CHINA<\/span><\/p>\n<p><span style=\"font-weight: 400;\">Size: L9xW6xH13cm<\/span><\/p>\n<p><span style=\"font-weight: 400;\">Material: Synthetic leather<\/span><\/p>","protected":false},"excerpt":{"rendered":"<p>M\u1ed9t h\u1ed9p c\u1ee9ng nh\u1ecf g\u1ecdn cho ph\u00e9p b\u1ea1n d\u1ec5 d\u00e0ng mang theo nh\u1eefng v\u1eadt ph\u1ea9m c\u1ea7n thi\u1ebft trong su\u1ed1t v\u00f2ng ch\u01a1i. C\u00e0i nam ch\u00e2m FIDLOCK\u00ae cho ph\u00e9p b\u1ea1n s\u1eed d\u1ee5ng trong khi m\u1edf kh\u00f3a k\u00e9o trong su\u1ed1t v\u00f2ng ch\u01a1i. H\u1ea1n ch\u1ebf vi\u1ec7c ph\u1ea3i \u0111\u00f3ng v\u00e0 m\u1edf. Logo TaylorMade \u0111\u01b0\u1ee3c \u00e9p n\u1ed5i tr\u00ean khu\u00f4n h\u00ecnh. Xu\u1ea5t [&hellip;]<\/p>","protected":false},"featured_media":11444,"comment_status":"open","ping_status":"closed","template":"","meta":{"_acf_changed":false,"site-sidebar-layout":"default","site-content-layout":"","ast-site-content-layout":"default","site-content-style":"default","site-sidebar-style":"default","ast-global-header-display":"","ast-banner-title-visibility":"","ast-main-header-display":"","ast-hfb-above-header-display":"","ast-hfb-below-header-display":"","ast-hfb-mobile-header-display":"","site-post-title":"","ast-breadcrumbs-content":"","ast-featured-img":"","footer-sml-layout":"","theme-transparent-header-meta":"default","adv-header-id-meta":"","stick-header-meta":"default","header-above-stick-meta":"","header-main-stick-meta":"","header-below-stick-meta":"","astra-migrate-meta-layouts":"set","ast-page-background-enabled":"default","ast-page-background-meta":{"desktop":{"background-color":"","background-image":"","background-repeat":"repeat","background-position":"center center","background-size":"auto","background-attachment":"scroll","background-type":"","background-media":"","overlay-type":"","overlay-color":"","overlay-opacity":"","overlay-gradient":""},"tablet":{"background-color":"","background-image":"","background-repeat":"repeat","background-position":"center center","background-size":"auto","background-attachment":"scroll","background-type":"","background-media":"","overlay-type":"","overlay-color":"","overlay-opacity":"","overlay-gradient":""},"mobile":{"background-color":"","background-image":"","background-repeat":"repeat","background-position":"center center","background-size":"auto","background-attachment":"scroll","background-type":"","background-media":"","overlay-type":"","overlay-color":"","overlay-opacity":"","overlay-gradient":""}},"ast-content-background-meta":{"desktop":{"background-color":"var(--ast-global-color-5)","background-image":"","background-repeat":"repeat","background-position":"center center","background-size":"auto","background-attachment":"scroll","background-type":"","background-media":"","overlay-type":"","overlay-color":"","overlay-opacity":"","overlay-gradient":""},"tablet":{"background-color":"var(--ast-global-color-5)","background-image":"","background-repeat":"repeat","background-position":"center center","background-size":"auto","background-attachment":"scroll","background-type":"","background-media":"","overlay-type":"","overlay-color":"","overlay-opacity":"","overlay-gradient":""},"mobile":{"background-color":"var(--ast-global-color-5)","background-image":"","background-repeat":"repeat","background-position":"center center","background-size":"auto","background-attachment":"scroll","background-type":"","background-media":"","overlay-type":"","overlay-color":"","overlay-opacity":"","overlay-gradient":""}}},"product_brand":[],"product_cat":[262,383],"product_tag":[320],"class_list":{"0":"post-11443","1":"product","2":"type-product","3":"status-publish","4":"has-post-thumbnail","6":"product_cat-nam","7":"product_cat-tui-khac","8":"product_tag-320","9":"desktop-align-center","10":"tablet-align-center","11":"mobile-align-center","12":"ast-product-gallery-layout-first-image-large","13":"ast-product-gallery-with-no-image","14":"ast-product-single-variable","15":"ast-product-tabs-layout-distributed","17":"first","18":"instock","19":"shipping-taxable","20":"purchasable","21":"product-type-variable","22":"has-default-attributes"},"acf":[],"_links":{"self":[{"href":"https:\/\/taylormade-golf.vn\/en\/wp-json\/wp\/v2\/product\/11443","targetHints":{"allow":["GET"]}}],"collection":[{"href":"https:\/\/taylormade-golf.vn\/en\/wp-json\/wp\/v2\/product"}],"about":[{"href":"https:\/\/taylormade-golf.vn\/en\/wp-json\/wp\/v2\/types\/product"}],"replies":[{"embeddable":true,"href":"https:\/\/taylormade-golf.vn\/en\/wp-json\/wp\/v2\/comments?post=11443"}],"wp:featuredmedia":[{"embeddable":true,"href":"https:\/\/taylormade-golf.vn\/en\/wp-json\/wp\/v2\/media\/11444"}],"wp:attachment":[{"href":"https:\/\/taylormade-golf.vn\/en\/wp-json\/wp\/v2\/media?parent=11443"}],"wp:term":[{"taxonomy":"product_brand","embeddable":true,"href":"https:\/\/taylormade-golf.vn\/en\/wp-json\/wp\/v2\/product_brand?post=11443"},{"taxonomy":"product_cat","embeddable":true,"href":"https:\/\/taylormade-golf.vn\/en\/wp-json\/wp\/v2\/product_cat?post=11443"},{"taxonomy":"product_tag","embeddable":true,"href":"https:\/\/taylormade-golf.vn\/en\/wp-json\/wp\/v2\/product_tag?post=11443"}],"curies":[{"name":"wp","href":"https:\/\/api.w.org\/{rel}","templated":true}]}}