{"id":11436,"date":"2023-06-20T09:45:51","date_gmt":"2023-06-20T02:45:51","guid":{"rendered":"https:\/\/taylormade-golf.vn\/?post_type=product&#038;p=11436"},"modified":"2024-06-27T17:18:37","modified_gmt":"2024-06-27T10:18:37","slug":"tui-cam-tay-austech","status":"publish","type":"product","link":"https:\/\/taylormade-golf.vn\/en\/product\/tui-cam-tay-austech\/","title":{"rendered":"TM23 Austech Pouch"},"content":{"rendered":"<p><span style=\"font-weight: 400;\">Product Features: A pouch made of synthetic leather that is easy to coordinate with any outfit. The matte honeycomb embossed synthetic leather body and the carbon-like handle and panel accents and metal badges create a simple yet technical design.<\/span><\/p>\n<p><span style=\"font-weight: 400;\">Country of Origin: CHINA<\/span><\/p>\n<p><span style=\"font-weight: 400;\">Size: L26xW12xH14cm<\/span><\/p>\n<p><span style=\"font-weight: 400;\">Material: Synthetic leather<\/span><\/p>","protected":false},"excerpt":{"rendered":"<p>M\u1ed9t t\u00fai \u0111\u1ef1ng \u0111\u01b0\u1ee3c l\u00e0m t\u1eeb da t\u1ed5ng h\u1ee3p d\u1ec5 ph\u1ed1i h\u1ee3p v\u1edbi b\u1ea5t k\u1ef3 trang ph\u1ee5c n\u00e0o. Th\u00e2n t\u00fai da t\u1ed5ng h\u1ee3p v\u1edbi hoa v\u0103n n\u1ed5i h\u00ecnh l\u1ee5c gi\u00e1c m\u1edd v\u00e0 c\u00e1c chi ti\u1ebft tay c\u1ea7m v\u00e0 panel gi\u1ed1ng nh\u01b0 carbon c\u00f9ng v\u1edbi huy hi\u1ec7u kim lo\u1ea1i t\u1ea1o n\u00ean thi\u1ebft k\u1ebf \u0111\u01a1n gi\u1ea3n nh\u01b0ng [&hellip;]<\/p>","protected":false},"featured_media":11440,"comment_status":"open","ping_status":"closed","template":"","meta":{"_acf_changed":false,"site-sidebar-layout":"default","site-content-layout":"","ast-site-content-layout":"default","site-content-style":"default","site-sidebar-style":"default","ast-global-header-display":"","ast-banner-title-visibility":"","ast-main-header-display":"","ast-hfb-above-header-display":"","ast-hfb-below-header-display":"","ast-hfb-mobile-header-display":"","site-post-title":"","ast-breadcrumbs-content":"","ast-featured-img":"","footer-sml-layout":"","theme-transparent-header-meta":"default","adv-header-id-meta":"","stick-header-meta":"default","header-above-stick-meta":"","header-main-stick-meta":"","header-below-stick-meta":"","astra-migrate-meta-layouts":"set","ast-page-background-enabled":"default","ast-page-background-meta":{"desktop":{"background-color":"","background-image":"","background-repeat":"repeat","background-position":"center center","background-size":"auto","background-attachment":"scroll","background-type":"","background-media":"","overlay-type":"","overlay-color":"","overlay-opacity":"","overlay-gradient":""},"tablet":{"background-color":"","background-image":"","background-repeat":"repeat","background-position":"center center","background-size":"auto","background-attachment":"scroll","background-type":"","background-media":"","overlay-type":"","overlay-color":"","overlay-opacity":"","overlay-gradient":""},"mobile":{"background-color":"","background-image":"","background-repeat":"repeat","background-position":"center center","background-size":"auto","background-attachment":"scroll","background-type":"","background-media":"","overlay-type":"","overlay-color":"","overlay-opacity":"","overlay-gradient":""}},"ast-content-background-meta":{"desktop":{"background-color":"var(--ast-global-color-5)","background-image":"","background-repeat":"repeat","background-position":"center center","background-size":"auto","background-attachment":"scroll","background-type":"","background-media":"","overlay-type":"","overlay-color":"","overlay-opacity":"","overlay-gradient":""},"tablet":{"background-color":"var(--ast-global-color-5)","background-image":"","background-repeat":"repeat","background-position":"center center","background-size":"auto","background-attachment":"scroll","background-type":"","background-media":"","overlay-type":"","overlay-color":"","overlay-opacity":"","overlay-gradient":""},"mobile":{"background-color":"var(--ast-global-color-5)","background-image":"","background-repeat":"repeat","background-position":"center center","background-size":"auto","background-attachment":"scroll","background-type":"","background-media":"","overlay-type":"","overlay-color":"","overlay-opacity":"","overlay-gradient":""}}},"product_brand":[],"product_cat":[262,266],"product_tag":[320],"class_list":{"0":"post-11436","1":"product","2":"type-product","3":"status-publish","4":"has-post-thumbnail","6":"product_cat-nam","7":"product_cat-tui-cam-tay","8":"product_tag-320","9":"desktop-align-center","10":"tablet-align-center","11":"mobile-align-center","12":"ast-product-gallery-layout-first-image-large","13":"ast-product-single-variable","14":"ast-product-tabs-layout-distributed","16":"first","17":"instock","18":"shipping-taxable","19":"purchasable","20":"product-type-variable","21":"has-default-attributes"},"acf":[],"_links":{"self":[{"href":"https:\/\/taylormade-golf.vn\/en\/wp-json\/wp\/v2\/product\/11436","targetHints":{"allow":["GET"]}}],"collection":[{"href":"https:\/\/taylormade-golf.vn\/en\/wp-json\/wp\/v2\/product"}],"about":[{"href":"https:\/\/taylormade-golf.vn\/en\/wp-json\/wp\/v2\/types\/product"}],"replies":[{"embeddable":true,"href":"https:\/\/taylormade-golf.vn\/en\/wp-json\/wp\/v2\/comments?post=11436"}],"wp:featuredmedia":[{"embeddable":true,"href":"https:\/\/taylormade-golf.vn\/en\/wp-json\/wp\/v2\/media\/11440"}],"wp:attachment":[{"href":"https:\/\/taylormade-golf.vn\/en\/wp-json\/wp\/v2\/media?parent=11436"}],"wp:term":[{"taxonomy":"product_brand","embeddable":true,"href":"https:\/\/taylormade-golf.vn\/en\/wp-json\/wp\/v2\/product_brand?post=11436"},{"taxonomy":"product_cat","embeddable":true,"href":"https:\/\/taylormade-golf.vn\/en\/wp-json\/wp\/v2\/product_cat?post=11436"},{"taxonomy":"product_tag","embeddable":true,"href":"https:\/\/taylormade-golf.vn\/en\/wp-json\/wp\/v2\/product_tag?post=11436"}],"curies":[{"name":"wp","href":"https:\/\/api.w.org\/{rel}","templated":true}]}}