{"id":11361,"date":"2023-06-20T08:49:57","date_gmt":"2023-06-20T01:49:57","guid":{"rendered":"https:\/\/taylormade-golf.vn\/?post_type=product&#038;p=11361"},"modified":"2024-06-27T17:19:07","modified_gmt":"2024-06-27T10:19:07","slug":"tour-response-stripe-twin-marker","status":"publish","type":"product","link":"https:\/\/taylormade-golf.vn\/en\/product\/tour-response-stripe-twin-marker\/","title":{"rendered":"Tour Response Stripe Twin Marker"},"content":{"rendered":"<p class=\"translation-block\">Tour Response Stripe By working in conjunction with the stripe design of the ball, more accurate alignment is possible. A twin marker set that makes it easy to set the ball in the direction you want to hit. The large marker has a stripe pattern the same width as the ball, and the small marker has a curve and center line that makes it easy to align with the ball.<\/p>\n<p><span style=\"font-weight: 400;\">Country of origin: CHINA<\/span><\/p>\n<p><span style=\"font-weight: 400;\">Size\u00a0<\/span><\/p>\n<p><span style=\"font-weight: 400;\">Large marker: diameter 40mm<\/span><\/p>\n<p><span style=\"font-weight: 400;\">Small marker: 36 x 31mm<\/span><\/p>\n<p><span style=\"font-weight: 400;\">Material:<\/span><\/p>\n<p><span style=\"font-weight: 400;\">Large marker: iron<\/span><\/p>\n<p><span style=\"font-weight: 400;\">Small marker: iron magnet<\/span><\/p>","protected":false},"excerpt":{"rendered":"<p>Tour Response Stripe k\u1ebft h\u1ee3p v\u1edbi thi\u1ebft k\u1ebf s\u1ecdc c\u1ee7a qu\u1ea3 b\u00f3ng, gi\u00fap b\u1ea1n c\u00f3 th\u1ec3 c\u0103n ch\u1ec9nh ch\u00ednh x\u00e1c h\u01a1n. B\u1ed9 mark \u0111\u00f4i n\u00e0y gi\u00fap b\u1ea1n d\u1ec5 d\u00e0ng \u0111\u1eb7t b\u00f3ng theo h\u01b0\u1edbng b\u1ea1n mu\u1ed1n \u0111\u00e1nh. Mark to v\u1edbi h\u1ecda ti\u1ebft s\u1ecdc c\u00f3 chi\u1ec1u r\u1ed9ng b\u1eb1ng qu\u1ea3 b\u00f3ng, c\u00f2n mark nh\u1ecf c\u00f3 \u0111\u1ed9 cong v\u00e0 [&hellip;]<\/p>","protected":false},"featured_media":11368,"comment_status":"open","ping_status":"closed","template":"","meta":{"_acf_changed":false,"site-sidebar-layout":"default","site-content-layout":"","ast-site-content-layout":"default","site-content-style":"default","site-sidebar-style":"default","ast-global-header-display":"","ast-banner-title-visibility":"","ast-main-header-display":"","ast-hfb-above-header-display":"","ast-hfb-below-header-display":"","ast-hfb-mobile-header-display":"","site-post-title":"","ast-breadcrumbs-content":"","ast-featured-img":"","footer-sml-layout":"","theme-transparent-header-meta":"default","adv-header-id-meta":"","stick-header-meta":"default","header-above-stick-meta":"","header-main-stick-meta":"","header-below-stick-meta":"","astra-migrate-meta-layouts":"set","ast-page-background-enabled":"default","ast-page-background-meta":{"desktop":{"background-color":"","background-image":"","background-repeat":"repeat","background-position":"center center","background-size":"auto","background-attachment":"scroll","background-type":"","background-media":"","overlay-type":"","overlay-color":"","overlay-opacity":"","overlay-gradient":""},"tablet":{"background-color":"","background-image":"","background-repeat":"repeat","background-position":"center center","background-size":"auto","background-attachment":"scroll","background-type":"","background-media":"","overlay-type":"","overlay-color":"","overlay-opacity":"","overlay-gradient":""},"mobile":{"background-color":"","background-image":"","background-repeat":"repeat","background-position":"center center","background-size":"auto","background-attachment":"scroll","background-type":"","background-media":"","overlay-type":"","overlay-color":"","overlay-opacity":"","overlay-gradient":""}},"ast-content-background-meta":{"desktop":{"background-color":"var(--ast-global-color-5)","background-image":"","background-repeat":"repeat","background-position":"center center","background-size":"auto","background-attachment":"scroll","background-type":"","background-media":"","overlay-type":"","overlay-color":"","overlay-opacity":"","overlay-gradient":""},"tablet":{"background-color":"var(--ast-global-color-5)","background-image":"","background-repeat":"repeat","background-position":"center center","background-size":"auto","background-attachment":"scroll","background-type":"","background-media":"","overlay-type":"","overlay-color":"","overlay-opacity":"","overlay-gradient":""},"mobile":{"background-color":"var(--ast-global-color-5)","background-image":"","background-repeat":"repeat","background-position":"center center","background-size":"auto","background-attachment":"scroll","background-type":"","background-media":"","overlay-type":"","overlay-color":"","overlay-opacity":"","overlay-gradient":""}}},"product_brand":[],"product_cat":[262,263,274],"product_tag":[320],"class_list":{"0":"post-11361","1":"product","2":"type-product","3":"status-publish","4":"has-post-thumbnail","6":"product_cat-nam","7":"product_cat-nu","8":"product_cat-phu-kien-khac","9":"product_tag-320","10":"desktop-align-center","11":"tablet-align-center","12":"mobile-align-center","13":"ast-product-gallery-layout-first-image-large","14":"ast-product-single-variable","15":"ast-product-tabs-layout-distributed","17":"first","18":"instock","19":"shipping-taxable","20":"purchasable","21":"product-type-variable"},"acf":[],"_links":{"self":[{"href":"https:\/\/taylormade-golf.vn\/en\/wp-json\/wp\/v2\/product\/11361","targetHints":{"allow":["GET"]}}],"collection":[{"href":"https:\/\/taylormade-golf.vn\/en\/wp-json\/wp\/v2\/product"}],"about":[{"href":"https:\/\/taylormade-golf.vn\/en\/wp-json\/wp\/v2\/types\/product"}],"replies":[{"embeddable":true,"href":"https:\/\/taylormade-golf.vn\/en\/wp-json\/wp\/v2\/comments?post=11361"}],"wp:featuredmedia":[{"embeddable":true,"href":"https:\/\/taylormade-golf.vn\/en\/wp-json\/wp\/v2\/media\/11368"}],"wp:attachment":[{"href":"https:\/\/taylormade-golf.vn\/en\/wp-json\/wp\/v2\/media?parent=11361"}],"wp:term":[{"taxonomy":"product_brand","embeddable":true,"href":"https:\/\/taylormade-golf.vn\/en\/wp-json\/wp\/v2\/product_brand?post=11361"},{"taxonomy":"product_cat","embeddable":true,"href":"https:\/\/taylormade-golf.vn\/en\/wp-json\/wp\/v2\/product_cat?post=11361"},{"taxonomy":"product_tag","embeddable":true,"href":"https:\/\/taylormade-golf.vn\/en\/wp-json\/wp\/v2\/product_tag?post=11361"}],"curies":[{"name":"wp","href":"https:\/\/api.w.org\/{rel}","templated":true}]}}