{"id":11340,"date":"2023-06-20T08:35:53","date_gmt":"2023-06-20T01:35:53","guid":{"rendered":"https:\/\/taylormade-golf.vn\/?post_type=product&#038;p=11340"},"modified":"2024-06-20T08:49:44","modified_gmt":"2024-06-20T01:49:44","slug":"ao-khoac-stretch-insulated","status":"publish","type":"product","link":"https:\/\/taylormade-golf.vn\/en\/product\/ao-khoac-stretch-insulated\/","title":{"rendered":"Stretch insulated jacket"},"content":{"rendered":"<p class=\"translation-block\">This full-zip jacket is made of a wind-resistant, soft, and stretchy material with synthetic fiber filling.\nThe synthetic fiber filling material blocks wind and traps warm air inside.<\/p>\n<p><span style=\"font-weight: 400;\">MATERIAL<\/span><\/p>\n<p><span style=\"font-weight: 400;\">[Outer material] 100% polyester (back side 100% polyurethane)<\/span><\/p>\n<p><span style=\"font-weight: 400;\">[Lining] 100% polyester<\/span><\/p>\n<p><span style=\"font-weight: 400;\">Country of origin: China.<\/span><\/p>\n<p><span style=\"font-weight: 400;\">*The photo is for illustrative purposes only. The color of the actual product may differ depending on your monitor settings and room lighting.<\/span><\/p>\n<p>&nbsp;<\/p>","protected":false},"excerpt":{"rendered":"<p>Chi\u1ebfc \u00e1o kho\u00e1c c\u00f3 kh\u00f3a k\u00e9o n\u00e0y \u0111\u01b0\u1ee3c l\u00e0m t\u1eeb ch\u1ea5t li\u1ec7u ch\u1ed1ng gi\u00f3, m\u1ec1m m\u1ea1i v\u00e0 c\u00f3 kh\u1ea3 n\u0103ng co gi\u00e3n t\u1ed1t. Ch\u1ea5t li\u1ec7u b\u1eb1ng s\u1ee3i t\u1ed5ng h\u1ee3p ch\u1ed1ng gi\u00f3 v\u00e0 gi\u1eef kh\u00f4ng kh\u00ed \u1ea5m b\u00ean trong.\u00a0 CH\u1ea4T LI\u1ec6U [V\u1eadt li\u1ec7u b\u00ean ngo\u00e0i] 100% polyester (m\u1eb7t sau 100% polyurethane) [L\u1edbp l\u00f3t] 100% polyester N\u01b0\u1edbc [&hellip;]<\/p>","protected":false},"featured_media":11352,"comment_status":"open","ping_status":"closed","template":"","meta":{"_acf_changed":false,"site-sidebar-layout":"default","site-content-layout":"","ast-site-content-layout":"default","site-content-style":"default","site-sidebar-style":"default","ast-global-header-display":"","ast-banner-title-visibility":"","ast-main-header-display":"","ast-hfb-above-header-display":"","ast-hfb-below-header-display":"","ast-hfb-mobile-header-display":"","site-post-title":"","ast-breadcrumbs-content":"","ast-featured-img":"","footer-sml-layout":"","theme-transparent-header-meta":"default","adv-header-id-meta":"","stick-header-meta":"default","header-above-stick-meta":"","header-main-stick-meta":"","header-below-stick-meta":"","astra-migrate-meta-layouts":"set","ast-page-background-enabled":"default","ast-page-background-meta":{"desktop":{"background-color":"","background-image":"","background-repeat":"repeat","background-position":"center center","background-size":"auto","background-attachment":"scroll","background-type":"","background-media":"","overlay-type":"","overlay-color":"","overlay-opacity":"","overlay-gradient":""},"tablet":{"background-color":"","background-image":"","background-repeat":"repeat","background-position":"center center","background-size":"auto","background-attachment":"scroll","background-type":"","background-media":"","overlay-type":"","overlay-color":"","overlay-opacity":"","overlay-gradient":""},"mobile":{"background-color":"","background-image":"","background-repeat":"repeat","background-position":"center center","background-size":"auto","background-attachment":"scroll","background-type":"","background-media":"","overlay-type":"","overlay-color":"","overlay-opacity":"","overlay-gradient":""}},"ast-content-background-meta":{"desktop":{"background-color":"var(--ast-global-color-5)","background-image":"","background-repeat":"repeat","background-position":"center center","background-size":"auto","background-attachment":"scroll","background-type":"","background-media":"","overlay-type":"","overlay-color":"","overlay-opacity":"","overlay-gradient":""},"tablet":{"background-color":"var(--ast-global-color-5)","background-image":"","background-repeat":"repeat","background-position":"center center","background-size":"auto","background-attachment":"scroll","background-type":"","background-media":"","overlay-type":"","overlay-color":"","overlay-opacity":"","overlay-gradient":""},"mobile":{"background-color":"var(--ast-global-color-5)","background-image":"","background-repeat":"repeat","background-position":"center center","background-size":"auto","background-attachment":"scroll","background-type":"","background-media":"","overlay-type":"","overlay-color":"","overlay-opacity":"","overlay-gradient":""}}},"product_brand":[],"product_cat":[262,103],"product_tag":[320],"class_list":{"0":"post-11340","1":"product","2":"type-product","3":"status-publish","4":"has-post-thumbnail","6":"product_cat-nam","7":"product_cat-ao-khoa-ngoai","8":"product_tag-320","9":"desktop-align-center","10":"tablet-align-center","11":"mobile-align-center","12":"ast-product-gallery-layout-first-image-large","13":"ast-product-single-variable","14":"ast-product-tabs-layout-distributed","16":"first","17":"instock","18":"shipping-taxable","19":"purchasable","20":"product-type-variable","21":"has-default-attributes"},"acf":[],"_links":{"self":[{"href":"https:\/\/taylormade-golf.vn\/en\/wp-json\/wp\/v2\/product\/11340","targetHints":{"allow":["GET"]}}],"collection":[{"href":"https:\/\/taylormade-golf.vn\/en\/wp-json\/wp\/v2\/product"}],"about":[{"href":"https:\/\/taylormade-golf.vn\/en\/wp-json\/wp\/v2\/types\/product"}],"replies":[{"embeddable":true,"href":"https:\/\/taylormade-golf.vn\/en\/wp-json\/wp\/v2\/comments?post=11340"}],"wp:featuredmedia":[{"embeddable":true,"href":"https:\/\/taylormade-golf.vn\/en\/wp-json\/wp\/v2\/media\/11352"}],"wp:attachment":[{"href":"https:\/\/taylormade-golf.vn\/en\/wp-json\/wp\/v2\/media?parent=11340"}],"wp:term":[{"taxonomy":"product_brand","embeddable":true,"href":"https:\/\/taylormade-golf.vn\/en\/wp-json\/wp\/v2\/product_brand?post=11340"},{"taxonomy":"product_cat","embeddable":true,"href":"https:\/\/taylormade-golf.vn\/en\/wp-json\/wp\/v2\/product_cat?post=11340"},{"taxonomy":"product_tag","embeddable":true,"href":"https:\/\/taylormade-golf.vn\/en\/wp-json\/wp\/v2\/product_tag?post=11340"}],"curies":[{"name":"wp","href":"https:\/\/api.w.org\/{rel}","templated":true}]}}