{"id":10994,"date":"2023-06-18T15:26:44","date_gmt":"2023-06-18T08:26:44","guid":{"rendered":"https:\/\/taylormade-golf.vn\/?post_type=product&#038;p=10994"},"modified":"2024-06-18T15:35:48","modified_gmt":"2024-06-18T08:35:48","slug":"ao-polo-club-tm","status":"publish","type":"product","link":"https:\/\/taylormade-golf.vn\/en\/product\/ao-polo-club-tm\/","title":{"rendered":"Club TM Basic S\/S Polo"},"content":{"rendered":"<p>A short-sleeved polo made of sweat-wicking and quick-drying material. With its simple design, it can be easily paired with any bottoms. It is a simple yet multifunctional item with elasticity and UV protection.<\/p>\n<p>MATERIAL<\/p>\n<p>[Body] 100% polyester<\/p>\n<p>[Collar rib] 100% polyester<\/p>\n<p>Country of origin: Thailand.<\/p>\n<p>*The photo is for illustrative purposes only. The color of the actual product may differ depending on your monitor settings and room lighting.<\/p>","protected":false},"excerpt":{"rendered":"<p>\u00c1o polo c\u1ed9c tay l\u00e0m t\u1eeb ch\u1ea5t li\u1ec7u th\u1ea5m m\u1ed3 h\u00f4i v\u00e0 nhanh kh\u00f4. V\u1edbi thi\u1ebft k\u1ebf \u0111\u01a1n gi\u1ea3n, b\u1ea1n c\u00f3 th\u1ec3 d\u1ec5 d\u00e0ng ph\u1ed1i v\u1edbi b\u1ea5t k\u1ef3 lo\u1ea1i qu\u1ea7n\/v\u00e1y n\u00e0o. \u0110\u00e2y l\u00e0 m\u1ed9t m\u00f3n \u0111\u1ed3 \u0111\u01a1n gi\u1ea3n nh\u01b0ng \u0111a ch\u1ee9c n\u0103ng v\u1edbi \u0111\u1ed9 \u0111\u00e0n h\u1ed3i v\u00e0 ch\u1ed1ng tia c\u1ef1c t\u00edm t\u1ed1t. CH\u1ea4T LI\u1ec6U [Th\u00e2n] [&hellip;]<\/p>","protected":false},"featured_media":11016,"comment_status":"open","ping_status":"closed","template":"","meta":{"_acf_changed":false,"site-sidebar-layout":"default","site-content-layout":"","ast-site-content-layout":"default","site-content-style":"default","site-sidebar-style":"default","ast-global-header-display":"","ast-banner-title-visibility":"","ast-main-header-display":"","ast-hfb-above-header-display":"","ast-hfb-below-header-display":"","ast-hfb-mobile-header-display":"","site-post-title":"","ast-breadcrumbs-content":"","ast-featured-img":"","footer-sml-layout":"","theme-transparent-header-meta":"default","adv-header-id-meta":"","stick-header-meta":"default","header-above-stick-meta":"","header-main-stick-meta":"","header-below-stick-meta":"","astra-migrate-meta-layouts":"set","ast-page-background-enabled":"default","ast-page-background-meta":{"desktop":{"background-color":"","background-image":"","background-repeat":"repeat","background-position":"center center","background-size":"auto","background-attachment":"scroll","background-type":"","background-media":"","overlay-type":"","overlay-color":"","overlay-opacity":"","overlay-gradient":""},"tablet":{"background-color":"","background-image":"","background-repeat":"repeat","background-position":"center center","background-size":"auto","background-attachment":"scroll","background-type":"","background-media":"","overlay-type":"","overlay-color":"","overlay-opacity":"","overlay-gradient":""},"mobile":{"background-color":"","background-image":"","background-repeat":"repeat","background-position":"center center","background-size":"auto","background-attachment":"scroll","background-type":"","background-media":"","overlay-type":"","overlay-color":"","overlay-opacity":"","overlay-gradient":""}},"ast-content-background-meta":{"desktop":{"background-color":"var(--ast-global-color-5)","background-image":"","background-repeat":"repeat","background-position":"center center","background-size":"auto","background-attachment":"scroll","background-type":"","background-media":"","overlay-type":"","overlay-color":"","overlay-opacity":"","overlay-gradient":""},"tablet":{"background-color":"var(--ast-global-color-5)","background-image":"","background-repeat":"repeat","background-position":"center center","background-size":"auto","background-attachment":"scroll","background-type":"","background-media":"","overlay-type":"","overlay-color":"","overlay-opacity":"","overlay-gradient":""},"mobile":{"background-color":"var(--ast-global-color-5)","background-image":"","background-repeat":"repeat","background-position":"center center","background-size":"auto","background-attachment":"scroll","background-type":"","background-media":"","overlay-type":"","overlay-color":"","overlay-opacity":"","overlay-gradient":""}}},"product_brand":[],"product_cat":[263,102],"product_tag":[320],"class_list":{"0":"post-10994","1":"product","2":"type-product","3":"status-publish","4":"has-post-thumbnail","6":"product_cat-nu","7":"product_cat-ao-coc-tay","8":"product_tag-320","9":"desktop-align-center","10":"tablet-align-center","11":"mobile-align-center","12":"ast-product-gallery-layout-first-image-large","13":"ast-product-single-variable","14":"ast-product-tabs-layout-distributed","16":"first","17":"instock","18":"shipping-taxable","19":"purchasable","20":"product-type-variable","21":"has-default-attributes"},"acf":[],"_links":{"self":[{"href":"https:\/\/taylormade-golf.vn\/en\/wp-json\/wp\/v2\/product\/10994","targetHints":{"allow":["GET"]}}],"collection":[{"href":"https:\/\/taylormade-golf.vn\/en\/wp-json\/wp\/v2\/product"}],"about":[{"href":"https:\/\/taylormade-golf.vn\/en\/wp-json\/wp\/v2\/types\/product"}],"replies":[{"embeddable":true,"href":"https:\/\/taylormade-golf.vn\/en\/wp-json\/wp\/v2\/comments?post=10994"}],"wp:featuredmedia":[{"embeddable":true,"href":"https:\/\/taylormade-golf.vn\/en\/wp-json\/wp\/v2\/media\/11016"}],"wp:attachment":[{"href":"https:\/\/taylormade-golf.vn\/en\/wp-json\/wp\/v2\/media?parent=10994"}],"wp:term":[{"taxonomy":"product_brand","embeddable":true,"href":"https:\/\/taylormade-golf.vn\/en\/wp-json\/wp\/v2\/product_brand?post=10994"},{"taxonomy":"product_cat","embeddable":true,"href":"https:\/\/taylormade-golf.vn\/en\/wp-json\/wp\/v2\/product_cat?post=10994"},{"taxonomy":"product_tag","embeddable":true,"href":"https:\/\/taylormade-golf.vn\/en\/wp-json\/wp\/v2\/product_tag?post=10994"}],"curies":[{"name":"wp","href":"https:\/\/api.w.org\/{rel}","templated":true}]}}