{"id":10960,"date":"2024-06-18T15:34:09","date_gmt":"2024-06-18T08:34:09","guid":{"rendered":"https:\/\/taylormade-golf.vn\/?post_type=product&#038;p=10960"},"modified":"2024-06-18T15:42:16","modified_gmt":"2024-06-18T08:42:16","slug":"ao-hoodie-ni","status":"publish","type":"product","link":"https:\/\/taylormade-golf.vn\/en\/product\/ao-hoodie-ni\/","title":{"rendered":"Sweat hoodie"},"content":{"rendered":"<p>A sweatshirt hoodie made of soft material with high elasticity. The drawstring is made of ribbon tape, adding a feminine touch to this casual hoodie. The design is easy to wear not only for sports such as golf, but also for everyday life.<\/p>\n<p>MATERIAL<br \/>\n100% polyester<\/p>\n<p>Country of origin: Thailand.<\/p>\n<p>*The photo is for illustrative purposes only. The color of the actual product may differ depending on your monitor settings and room lighting.<\/p>","protected":false},"excerpt":{"rendered":"<p>\u00c1o hoodie n\u1ec9 \u0111\u01b0\u1ee3c l\u00e0m t\u1eeb ch\u1ea5t li\u1ec7u m\u1ec1m m\u1ea1i, c\u00f3 \u0111\u1ed9 \u0111\u00e0n h\u1ed3i cao. D\u00e2y r\u00fat \u0111\u01b0\u1ee3c l\u00e0m b\u1eb1ng ruy b\u0103ng, t\u1ea1o th\u00eam n\u00e9t n\u1eef t\u00ednh cho chi\u1ebfc \u00e1o hoodie th\u00f4ng d\u1ee5ng n\u00e0y. Thi\u1ebft k\u1ebf kh\u00f4ng ch\u1ec9 m\u1eb7c khi ch\u01a1i th\u1ec3 thao nh\u01b0 ch\u01a1i g\u00f4n m\u00e0 c\u00f2n c\u00f3 th\u1ec3 m\u1eb7c h\u1eb1ng ng\u00e0y. CH\u1ea4T LI\u1ec6U [&hellip;]<\/p>","protected":false},"featured_media":10995,"comment_status":"open","ping_status":"closed","template":"","meta":{"_acf_changed":false,"site-sidebar-layout":"default","site-content-layout":"","ast-site-content-layout":"default","site-content-style":"default","site-sidebar-style":"default","ast-global-header-display":"","ast-banner-title-visibility":"","ast-main-header-display":"","ast-hfb-above-header-display":"","ast-hfb-below-header-display":"","ast-hfb-mobile-header-display":"","site-post-title":"","ast-breadcrumbs-content":"","ast-featured-img":"","footer-sml-layout":"","theme-transparent-header-meta":"default","adv-header-id-meta":"","stick-header-meta":"default","header-above-stick-meta":"","header-main-stick-meta":"","header-below-stick-meta":"","astra-migrate-meta-layouts":"set","ast-page-background-enabled":"default","ast-page-background-meta":{"desktop":{"background-color":"","background-image":"","background-repeat":"repeat","background-position":"center center","background-size":"auto","background-attachment":"scroll","background-type":"","background-media":"","overlay-type":"","overlay-color":"","overlay-opacity":"","overlay-gradient":""},"tablet":{"background-color":"","background-image":"","background-repeat":"repeat","background-position":"center center","background-size":"auto","background-attachment":"scroll","background-type":"","background-media":"","overlay-type":"","overlay-color":"","overlay-opacity":"","overlay-gradient":""},"mobile":{"background-color":"","background-image":"","background-repeat":"repeat","background-position":"center center","background-size":"auto","background-attachment":"scroll","background-type":"","background-media":"","overlay-type":"","overlay-color":"","overlay-opacity":"","overlay-gradient":""}},"ast-content-background-meta":{"desktop":{"background-color":"var(--ast-global-color-5)","background-image":"","background-repeat":"repeat","background-position":"center center","background-size":"auto","background-attachment":"scroll","background-type":"","background-media":"","overlay-type":"","overlay-color":"","overlay-opacity":"","overlay-gradient":""},"tablet":{"background-color":"var(--ast-global-color-5)","background-image":"","background-repeat":"repeat","background-position":"center center","background-size":"auto","background-attachment":"scroll","background-type":"","background-media":"","overlay-type":"","overlay-color":"","overlay-opacity":"","overlay-gradient":""},"mobile":{"background-color":"var(--ast-global-color-5)","background-image":"","background-repeat":"repeat","background-position":"center center","background-size":"auto","background-attachment":"scroll","background-type":"","background-media":"","overlay-type":"","overlay-color":"","overlay-opacity":"","overlay-gradient":""}}},"product_brand":[],"product_cat":[263,104],"product_tag":[320],"class_list":{"0":"post-10960","1":"product","2":"type-product","3":"status-publish","4":"has-post-thumbnail","6":"product_cat-nu","7":"product_cat-ao-dai-tay","8":"product_tag-320","9":"desktop-align-center","10":"tablet-align-center","11":"mobile-align-center","12":"ast-product-gallery-layout-first-image-large","13":"ast-product-single-variable","14":"ast-product-tabs-layout-distributed","16":"first","17":"instock","18":"shipping-taxable","19":"purchasable","20":"product-type-variable","21":"has-default-attributes"},"acf":[],"_links":{"self":[{"href":"https:\/\/taylormade-golf.vn\/en\/wp-json\/wp\/v2\/product\/10960","targetHints":{"allow":["GET"]}}],"collection":[{"href":"https:\/\/taylormade-golf.vn\/en\/wp-json\/wp\/v2\/product"}],"about":[{"href":"https:\/\/taylormade-golf.vn\/en\/wp-json\/wp\/v2\/types\/product"}],"replies":[{"embeddable":true,"href":"https:\/\/taylormade-golf.vn\/en\/wp-json\/wp\/v2\/comments?post=10960"}],"wp:featuredmedia":[{"embeddable":true,"href":"https:\/\/taylormade-golf.vn\/en\/wp-json\/wp\/v2\/media\/10995"}],"wp:attachment":[{"href":"https:\/\/taylormade-golf.vn\/en\/wp-json\/wp\/v2\/media?parent=10960"}],"wp:term":[{"taxonomy":"product_brand","embeddable":true,"href":"https:\/\/taylormade-golf.vn\/en\/wp-json\/wp\/v2\/product_brand?post=10960"},{"taxonomy":"product_cat","embeddable":true,"href":"https:\/\/taylormade-golf.vn\/en\/wp-json\/wp\/v2\/product_cat?post=10960"},{"taxonomy":"product_tag","embeddable":true,"href":"https:\/\/taylormade-golf.vn\/en\/wp-json\/wp\/v2\/product_tag?post=10960"}],"curies":[{"name":"wp","href":"https:\/\/api.w.org\/{rel}","templated":true}]}}