{"id":10384,"date":"2023-06-18T09:48:20","date_gmt":"2023-06-18T02:48:20","guid":{"rendered":"https:\/\/taylormade-golf.vn\/?post_type=product&#038;p=10384"},"modified":"2024-06-18T10:02:05","modified_gmt":"2024-06-18T03:02:05","slug":"ao-khoac-big-logo-storm-fleece","status":"publish","type":"product","link":"https:\/\/taylormade-golf.vn\/en\/product\/ao-khoac-big-logo-storm-fleece\/","title":{"rendered":"Big logo storm fleece jacket"},"content":{"rendered":"<div class=\"ewa-rteLine\">This full-zip jacket is made of storm fleece material, which has a soft texture and also has the effect of blocking wind. This item can be worn for a long period of time, from early morning in October when it feels cold to mid-winter.<\/div>\n<p><div class=\"ewa-rteLine\">The elbows are equipped with accordion-shaped panels to enhance stretchability.<\/div>\n<p><div class=\"ewa-rteLine\">On the back, there is a large graphic logo that is derived from the font of TaylorMade's popular iron, the P790 series .<\/div>\n<p><div class=\"ewa-rteLine\"><\/div>\n<div class=\"ewa-rteLine\">MATERIAL<\/div>\n<p><div class=\"ewa-rteLine\">[Body] 44% nylon, 43% polyester, 13% polyurethane<\/div>\n<p><div class=\"ewa-rteLine\">[Sleeve switching part] 100% polyester<\/div>\n<p><div class=\"ewa-rteLine\"><\/div>\n<div class=\"ewa-rteLine\">Country of origin: China.<\/div>\n<p><div class=\"ewa-rteLine\">*The photo is for illustrative purposes only. The color of the actual product may differ depending on your monitor settings and room lighting.<\/div>\n<p>","protected":false},"excerpt":{"rendered":"<p>Chi\u1ebfc \u00e1o kho\u00e1c full-zip n\u00e0y \u0111\u01b0\u1ee3c l\u00e0m t\u1eeb ch\u1ea5t li\u1ec7u l\u00f4ng c\u1eebu b\u00e3o, c\u00f3 k\u1ebft c\u1ea5u m\u1ec1m m\u1ea1i v\u00e0 c\u00f2n c\u00f3 t\u00e1c d\u1ee5ng c\u1ea3n gi\u00f3. M\u00f3n \u0111\u1ed3 n\u00e0y c\u00f3 th\u1ec3 m\u1eb7c trong th\u1eddi gian d\u00e0i, t\u1eeb s\u00e1ng s\u1edbm th\u00e1ng 10 khi tr\u1eddi se l\u1ea1nh cho \u0111\u1ebfn gi\u1eefa m\u00f9a \u0111\u00f4ng. Khu\u1ef7u tay \u0111\u01b0\u1ee3c trang b\u1ecb c\u00e1c [&hellip;]<\/p>","protected":false},"featured_media":10403,"comment_status":"open","ping_status":"closed","template":"","meta":{"_acf_changed":false,"site-sidebar-layout":"default","site-content-layout":"","ast-site-content-layout":"default","site-content-style":"default","site-sidebar-style":"default","ast-global-header-display":"","ast-banner-title-visibility":"","ast-main-header-display":"","ast-hfb-above-header-display":"","ast-hfb-below-header-display":"","ast-hfb-mobile-header-display":"","site-post-title":"","ast-breadcrumbs-content":"","ast-featured-img":"","footer-sml-layout":"","theme-transparent-header-meta":"default","adv-header-id-meta":"","stick-header-meta":"default","header-above-stick-meta":"","header-main-stick-meta":"","header-below-stick-meta":"","astra-migrate-meta-layouts":"set","ast-page-background-enabled":"default","ast-page-background-meta":{"desktop":{"background-color":"","background-image":"","background-repeat":"repeat","background-position":"center center","background-size":"auto","background-attachment":"scroll","background-type":"","background-media":"","overlay-type":"","overlay-color":"","overlay-opacity":"","overlay-gradient":""},"tablet":{"background-color":"","background-image":"","background-repeat":"repeat","background-position":"center center","background-size":"auto","background-attachment":"scroll","background-type":"","background-media":"","overlay-type":"","overlay-color":"","overlay-opacity":"","overlay-gradient":""},"mobile":{"background-color":"","background-image":"","background-repeat":"repeat","background-position":"center center","background-size":"auto","background-attachment":"scroll","background-type":"","background-media":"","overlay-type":"","overlay-color":"","overlay-opacity":"","overlay-gradient":""}},"ast-content-background-meta":{"desktop":{"background-color":"var(--ast-global-color-5)","background-image":"","background-repeat":"repeat","background-position":"center center","background-size":"auto","background-attachment":"scroll","background-type":"","background-media":"","overlay-type":"","overlay-color":"","overlay-opacity":"","overlay-gradient":""},"tablet":{"background-color":"var(--ast-global-color-5)","background-image":"","background-repeat":"repeat","background-position":"center center","background-size":"auto","background-attachment":"scroll","background-type":"","background-media":"","overlay-type":"","overlay-color":"","overlay-opacity":"","overlay-gradient":""},"mobile":{"background-color":"var(--ast-global-color-5)","background-image":"","background-repeat":"repeat","background-position":"center center","background-size":"auto","background-attachment":"scroll","background-type":"","background-media":"","overlay-type":"","overlay-color":"","overlay-opacity":"","overlay-gradient":""}}},"product_brand":[],"product_cat":[262,103],"product_tag":[320],"class_list":{"0":"post-10384","1":"product","2":"type-product","3":"status-publish","4":"has-post-thumbnail","6":"product_cat-nam","7":"product_cat-ao-khoa-ngoai","8":"product_tag-320","9":"desktop-align-center","10":"tablet-align-center","11":"mobile-align-center","12":"ast-product-gallery-layout-first-image-large","13":"ast-product-single-variable","14":"ast-product-tabs-layout-distributed","16":"first","17":"instock","18":"shipping-taxable","19":"purchasable","20":"product-type-variable","21":"has-default-attributes"},"acf":[],"_links":{"self":[{"href":"https:\/\/taylormade-golf.vn\/en\/wp-json\/wp\/v2\/product\/10384","targetHints":{"allow":["GET"]}}],"collection":[{"href":"https:\/\/taylormade-golf.vn\/en\/wp-json\/wp\/v2\/product"}],"about":[{"href":"https:\/\/taylormade-golf.vn\/en\/wp-json\/wp\/v2\/types\/product"}],"replies":[{"embeddable":true,"href":"https:\/\/taylormade-golf.vn\/en\/wp-json\/wp\/v2\/comments?post=10384"}],"wp:featuredmedia":[{"embeddable":true,"href":"https:\/\/taylormade-golf.vn\/en\/wp-json\/wp\/v2\/media\/10403"}],"wp:attachment":[{"href":"https:\/\/taylormade-golf.vn\/en\/wp-json\/wp\/v2\/media?parent=10384"}],"wp:term":[{"taxonomy":"product_brand","embeddable":true,"href":"https:\/\/taylormade-golf.vn\/en\/wp-json\/wp\/v2\/product_brand?post=10384"},{"taxonomy":"product_cat","embeddable":true,"href":"https:\/\/taylormade-golf.vn\/en\/wp-json\/wp\/v2\/product_cat?post=10384"},{"taxonomy":"product_tag","embeddable":true,"href":"https:\/\/taylormade-golf.vn\/en\/wp-json\/wp\/v2\/product_tag?post=10384"}],"curies":[{"name":"wp","href":"https:\/\/api.w.org\/{rel}","templated":true}]}}