{"id":10005,"date":"2023-06-17T15:07:09","date_gmt":"2023-06-17T08:07:09","guid":{"rendered":"https:\/\/taylormade-golf.vn\/?post_type=product&#038;p=10005"},"modified":"2024-06-27T17:22:38","modified_gmt":"2024-06-27T10:22:38","slug":"quan-dai-tour-tm","status":"publish","type":"product","link":"https:\/\/taylormade-golf.vn\/en\/product\/quan-dai-tour-tm\/","title":{"rendered":"Tour TM Pants"},"content":{"rendered":"<p>These pants have a nice silhouette and taper gently towards the hem. The slim silhouette, combined with the line design on the side, gives a sharp impression. Although they are slim, the material is stretchy enough that they do not hinder your movement when playing. A graphic logo based on the font used on TaylorMade irons is printed on the side. The white color is also made of a material that is not see-through.<\/p>\n<p>MATERIAL<\/p>\n<p>89% nylon, 11% polyuretan<\/p>\n<p>Country of origin: Myanmar.<\/p>\n<p>*The photo is for illustrative purposes only. The color of the actual product may differ depending on your monitor settings and room lighting.<\/p>","protected":false},"excerpt":{"rendered":"<p>M\u1eabu qu\u1ea7n n\u00e0y c\u00f3 ki\u1ec3u d\u00e1ng \u0111\u1eb9p v\u00e0 thu\u00f4n nh\u1eb9 v\u1ec1 ph\u00eda g\u1ea5u qu\u1ea7n. Ki\u1ec3u d\u00e1ng thon g\u1ecdn k\u1ebft h\u1ee3p v\u1edbi thi\u1ebft k\u1ebf \u0111\u01b0\u1eddng n\u00e9t \u1edf b\u00ean h\u00f4ng mang l\u1ea1i \u1ea5n t\u01b0\u1ee3ng s\u1eafc n\u00e9t. Tuy m\u1ecfng nh\u01b0ng ch\u1ea5t li\u1ec7u co gi\u00e3n \u0111\u1ee7 \u0111\u1ec3 kh\u00f4ng c\u1ea3n tr\u1edf chuy\u1ec3n \u0111\u1ed9ng c\u1ee7a b\u1ea1n khi \u0111\u00e1nh golf. Logo \u0111\u1ed3 [&hellip;]<\/p>","protected":false},"featured_media":10061,"comment_status":"open","ping_status":"closed","template":"","meta":{"_acf_changed":false,"site-sidebar-layout":"default","site-content-layout":"","ast-site-content-layout":"default","site-content-style":"default","site-sidebar-style":"default","ast-global-header-display":"","ast-banner-title-visibility":"","ast-main-header-display":"","ast-hfb-above-header-display":"","ast-hfb-below-header-display":"","ast-hfb-mobile-header-display":"","site-post-title":"","ast-breadcrumbs-content":"","ast-featured-img":"","footer-sml-layout":"","theme-transparent-header-meta":"default","adv-header-id-meta":"","stick-header-meta":"default","header-above-stick-meta":"","header-main-stick-meta":"","header-below-stick-meta":"","astra-migrate-meta-layouts":"set","ast-page-background-enabled":"default","ast-page-background-meta":{"desktop":{"background-color":"","background-image":"","background-repeat":"repeat","background-position":"center center","background-size":"auto","background-attachment":"scroll","background-type":"","background-media":"","overlay-type":"","overlay-color":"","overlay-opacity":"","overlay-gradient":""},"tablet":{"background-color":"","background-image":"","background-repeat":"repeat","background-position":"center center","background-size":"auto","background-attachment":"scroll","background-type":"","background-media":"","overlay-type":"","overlay-color":"","overlay-opacity":"","overlay-gradient":""},"mobile":{"background-color":"","background-image":"","background-repeat":"repeat","background-position":"center center","background-size":"auto","background-attachment":"scroll","background-type":"","background-media":"","overlay-type":"","overlay-color":"","overlay-opacity":"","overlay-gradient":""}},"ast-content-background-meta":{"desktop":{"background-color":"var(--ast-global-color-5)","background-image":"","background-repeat":"repeat","background-position":"center center","background-size":"auto","background-attachment":"scroll","background-type":"","background-media":"","overlay-type":"","overlay-color":"","overlay-opacity":"","overlay-gradient":""},"tablet":{"background-color":"var(--ast-global-color-5)","background-image":"","background-repeat":"repeat","background-position":"center center","background-size":"auto","background-attachment":"scroll","background-type":"","background-media":"","overlay-type":"","overlay-color":"","overlay-opacity":"","overlay-gradient":""},"mobile":{"background-color":"var(--ast-global-color-5)","background-image":"","background-repeat":"repeat","background-position":"center center","background-size":"auto","background-attachment":"scroll","background-type":"","background-media":"","overlay-type":"","overlay-color":"","overlay-opacity":"","overlay-gradient":""}}},"product_brand":[],"product_cat":[262,105],"product_tag":[320],"class_list":{"0":"post-10005","1":"product","2":"type-product","3":"status-publish","4":"has-post-thumbnail","6":"product_cat-nam","7":"product_cat-quan-dai","8":"product_tag-320","9":"desktop-align-center","10":"tablet-align-center","11":"mobile-align-center","12":"ast-product-gallery-layout-first-image-large","13":"ast-product-single-variable","14":"ast-product-tabs-layout-distributed","16":"first","17":"instock","18":"shipping-taxable","19":"purchasable","20":"product-type-variable","21":"has-default-attributes"},"acf":[],"_links":{"self":[{"href":"https:\/\/taylormade-golf.vn\/en\/wp-json\/wp\/v2\/product\/10005","targetHints":{"allow":["GET"]}}],"collection":[{"href":"https:\/\/taylormade-golf.vn\/en\/wp-json\/wp\/v2\/product"}],"about":[{"href":"https:\/\/taylormade-golf.vn\/en\/wp-json\/wp\/v2\/types\/product"}],"replies":[{"embeddable":true,"href":"https:\/\/taylormade-golf.vn\/en\/wp-json\/wp\/v2\/comments?post=10005"}],"wp:featuredmedia":[{"embeddable":true,"href":"https:\/\/taylormade-golf.vn\/en\/wp-json\/wp\/v2\/media\/10061"}],"wp:attachment":[{"href":"https:\/\/taylormade-golf.vn\/en\/wp-json\/wp\/v2\/media?parent=10005"}],"wp:term":[{"taxonomy":"product_brand","embeddable":true,"href":"https:\/\/taylormade-golf.vn\/en\/wp-json\/wp\/v2\/product_brand?post=10005"},{"taxonomy":"product_cat","embeddable":true,"href":"https:\/\/taylormade-golf.vn\/en\/wp-json\/wp\/v2\/product_cat?post=10005"},{"taxonomy":"product_tag","embeddable":true,"href":"https:\/\/taylormade-golf.vn\/en\/wp-json\/wp\/v2\/product_tag?post=10005"}],"curies":[{"name":"wp","href":"https:\/\/api.w.org\/{rel}","templated":true}]}}